{"id":15359,"date":"2023-05-24T14:43:19","date_gmt":"2023-05-24T14:43:19","guid":{"rendered":"https:\/\/swissmassage.ch\/produit\/asthetischer-rollwagen-drawer-ohne-schublade\/"},"modified":"2023-05-24T14:43:19","modified_gmt":"2023-05-24T12:43:19","slug":"asthetischer-rollwagen-drawer-ohne-schublade","status":"publish","type":"product","link":"https:\/\/swissmassage.weprocess.dev\/de\/produits\/asthetischer-rollwagen-drawer-ohne-schublade\/","title":{"rendered":"\u00c4sthetischer Rollwagen Drawerless"},"content":{"rendered":"<h2>\u00c4sthetischer Rollwagen Drawerless ohne Schublade.<\/h2>\n<p>  Design aus reinem Glas.<br \/>\nIdeal f\u00fcr Kosmetikerinnen, die eine Kabine mit einem modernen und reinen Look sch\u00e4tzen.<br \/>\nMit Lupenfassung Ma\u00dfe: 80cm 55cm 44cm Tr\u00e4gt 40 kg pro Etage.<br \/>\nIn der ganzen Schweiz verf\u00fcgbar.<br \/>\nOder bringen Sie es direkt in unseren Showroom.     Eingetragene Marke SWISSMASSAGE, Garantie f\u00fcr Seriosit\u00e4t und Nachverfolgung.<\/p>\n","protected":false},"excerpt":{"rendered":"<p>\u00c4sthetischer Rollwagen Drawerless ohne Schublade. Design aus reinem Glas. Ideal f\u00fcr Kosmetikerinnen, die eine Kabine mit einem modernen und reinen Look sch\u00e4tzen. Mit Lupenfassung Ma\u00dfe: 80cm 55cm 44cm Tr\u00e4gt 40 kg pro Etage. In der ganzen Schweiz verf\u00fcgbar. Oder bringen Sie es direkt in unseren Showroom. Eingetragene Marke SWISSMASSAGE, Garantie f\u00fcr Seriosit\u00e4t und Nachverfolgung.<\/p>\n","protected":false},"featured_media":15360,"template":"","meta":{"_seopress_robots_primary_cat":"none","_seopress_titles_title":"","_seopress_titles_desc":"\u00c4sthetischer Rollwagen ohne Schublade Drawerless: schlichtes und funktionales Design, perfekt zur Organisation Ihrer Werkzeuge und Sch\u00f6nheitsprodukte.","_seopress_robots_index":""},"pwb-brand":[],"product_brand":[],"product_cat":[1332,1333,1351,1386],"product_tag":[1440,1442],"product_folder":[1022],"class_list":{"0":"post-15359","1":"product","2":"type-product","3":"status-publish","4":"has-post-thumbnail","6":"product_cat-alle-asthetischen-artikel","7":"product_cat-alle-spa-beauty-produkte","8":"product_cat-asthetik-beistellwagen","9":"product_cat-service-boy-spa-de","10":"product_tag-asthetisch","11":"product_tag-rollwagen","12":"product_shipping_class-versandkosten-inklusive-paket","14":"first","15":"instock","16":"taxable","17":"shipping-taxable","18":"purchasable","19":"product-type-simple"},"exclude_global_add_ons":[],"addons":[],"brands":[],"_links":{"self":[{"href":"https:\/\/swissmassage.weprocess.dev\/de\/wp-json\/wp\/v2\/product\/15359","targetHints":{"allow":["GET"]}}],"collection":[{"href":"https:\/\/swissmassage.weprocess.dev\/de\/wp-json\/wp\/v2\/product"}],"about":[{"href":"https:\/\/swissmassage.weprocess.dev\/de\/wp-json\/wp\/v2\/types\/product"}],"wp:featuredmedia":[{"embeddable":true,"href":"https:\/\/swissmassage.weprocess.dev\/de\/wp-json\/wp\/v2\/media\/15360"}],"wp:attachment":[{"href":"https:\/\/swissmassage.weprocess.dev\/de\/wp-json\/wp\/v2\/media?parent=15359"}],"wp:term":[{"taxonomy":"pwb-brand","embeddable":true,"href":"https:\/\/swissmassage.weprocess.dev\/de\/wp-json\/wp\/v2\/pwb-brand?post=15359"},{"taxonomy":"product_brand","embeddable":true,"href":"https:\/\/swissmassage.weprocess.dev\/de\/wp-json\/wp\/v2\/product_brand?post=15359"},{"taxonomy":"product_cat","embeddable":true,"href":"https:\/\/swissmassage.weprocess.dev\/de\/wp-json\/wp\/v2\/product_cat?post=15359"},{"taxonomy":"product_tag","embeddable":true,"href":"https:\/\/swissmassage.weprocess.dev\/de\/wp-json\/wp\/v2\/product_tag?post=15359"},{"taxonomy":"product_folder","embeddable":true,"href":"https:\/\/swissmassage.weprocess.dev\/de\/wp-json\/wp\/v2\/product_folder?post=15359"}],"curies":[{"name":"wp","href":"https:\/\/api.w.org\/{rel}","templated":true}]}}