{"id":15358,"date":"2023-05-24T14:43:13","date_gmt":"2023-05-24T12:43:13","guid":{"rendered":"https:\/\/swissmassage.ch\/produit\/modell-dune-feste-massageliege-aus-holz-swissmassage\/"},"modified":"2025-10-20T14:22:21","modified_gmt":"2025-10-20T12:22:21","slug":"modell-dune-feste-massageliege-aus-holz-swissmassage","status":"publish","type":"product","link":"https:\/\/swissmassage.weprocess.dev\/de\/produits\/modell-dune-feste-massageliege-aus-holz-swissmassage\/","title":{"rendered":"Feste Massageliege aus Holz Modell Dune"},"content":{"rendered":"<h2>Feste Massageliege aus Holz Modell Dune.<\/h2>\n<p>D\u00fcnenmodell mit 10 cm Schaumstoff.<br \/>\nWie auf einer hei\u00dfen Sandd\u00fcne.<br \/>\nExtrem weiche und starke wei\u00dfe Polyurethan-Beschichtung.<br \/>\nAu\u00dfergew\u00f6hnlicher Schaum garantiert eine hohe Dichte von 10 cm Dicke.<br \/>\nStruktur aus edlem Buchenholz, leicht und massiv.<br \/>\nAbmessungen 195 cm lang und 82 cm breit.<br \/>\nH\u00f6henverstellbar von 65 bis 90 cm.<br \/>\nVerstellbare R\u00fcckenlehne in 10 Positionen.<br \/>\nBequemes Gesichtsloch mit abnehmbarer Kappe.<br \/>\nEs ist sehr solide f\u00fcr gro\u00dfe Patienten und tr\u00e4gt 200 kg an Wirkstoffen.<br \/>\nGewicht der Dune-Massageliege 45 kg.<br \/>\nNeigbare Kopfst\u00fctze auf 2 Achsen, auf beiden Seiten der Massageliege nutzbar.<br \/>\nSehr weiches Gesichtspolster auf Klettverschluss f\u00fcr pr\u00e4zise Anpassung<\/p>\n<h3>Philosophie der Massageliege Modell Dune:<\/h3>\n<p>Die feste Massageliege aus Holz Dune verk\u00f6rpert eine Verschmelzung von Funktionalit\u00e4t und Nat\u00fcrlichkeit. Es l\u00e4dt Sie zu einer sensorischen Reise ein, bei der K\u00f6rper und Geist im Gleichgewicht sind. Seine wei\u00dfe Beschichtung, sowohl weich als auch stark, erinnert an die Reinheit und Widerstandsf\u00e4higkeit der Natur.<br \/>\nDas Herzst\u00fcck dieses Tisches ist ein au\u00dfergew\u00f6hnlicher Schaumstoff, der eine hohe Dichte garantiert, wie ein Bollwerk aus Komfort und Halt. Seine Struktur aus edlem Buchenholz ist sowohl leicht als auch kr\u00e4ftig.<br \/>\nIn seinen gro\u00dfz\u00fcgigen Abmessungen bietet es einen einladenden Raum f\u00fcr jeden Einzelnen in seiner Gesamtheit. Seine H\u00f6he l\u00e4sst sich anpassen und spiegelt die Flexibilit\u00e4t wider, die jeder menschlichen Erfahrung innewohnt.<br \/>\nDie hochklappbare und lageverstellbare R\u00fcckenlehne symbolisiert die Vielfalt der Wege, die jeder auf seinem Weg zum Wohlbefinden geht. Das Gesichtsloch, bequem und mit einer abnehmbaren Kappe ausgestattet, evoziert die Vorstellung von Loslassen und Befreiung, wo sich Spannungen aufl\u00f6sen.<x id=\"gid_3\"><\/x>Von unersch\u00fctterlicher Solidit\u00e4t empf\u00e4ngt es selbst die korpulentesten Patienten mit Freundlichkeit. Seine kippbare Kopfst\u00fctze kann auf beiden Seiten der Massageliege montiert werden.<x id=\"gid_4\"><\/x>Das exquisit weiche Gesichtskissen steht f\u00fcr die sorgf\u00e4ltige Aufmerksamkeit, die jedem Detail des Erlebnisses gewidmet wird, das auf der Massageliege Dune genossen werden kann. Insgesamt bietet die feste Massageliege aus Holz des Modells Dune viel mehr als nur einen Ort zum Ausruhen und Heilen; Es verk\u00f6rpert eine Einladung, sich wieder mit der zeitlosen Weisheit der Natur zu verbinden.       <\/p>\n","protected":false},"excerpt":{"rendered":"<p>Feste Massageliege aus Holz Modell Dune. D\u00fcnenmodell mit 10 cm Schaumstoff. Wie auf einer hei\u00dfen Sandd\u00fcne. Extrem weiche und starke wei\u00dfe Polyurethan-Beschichtung. Au\u00dfergew\u00f6hnlicher Schaum garantiert eine hohe Dichte von 10 cm Dicke. Struktur aus edlem Buchenholz, leicht und massiv. Abmessungen 195 cm lang und 82 cm breit. H\u00f6henverstellbar von 65 bis 90 cm. Verstellbare R\u00fcckenlehne&hellip;<\/p>\n","protected":false},"featured_media":11354,"template":"","meta":{"_seopress_robots_primary_cat":"212","_seopress_titles_title":"","_seopress_titles_desc":"Die feste Massageliege aus Holz Dune verk\u00f6rpert eine Verschmelzung von Funktionalit\u00e4t und Nat\u00fcrlichkeit. Es l\u00e4dt Sie zu einer Sinnesreise ein. ","_seopress_robots_index":""},"pwb-brand":[],"product_brand":[],"product_cat":[1330,1364],"product_tag":[1574,1435,1443,1573],"product_folder":[997],"class_list":{"0":"post-15358","1":"product","2":"type-product","3":"status-publish","4":"has-post-thumbnail","6":"product_cat-alle-massageliegen-massage-ausstattungen","7":"product_cat-feste-massageliege","8":"product_tag-feste-massageliege","9":"product_tag-massage-de","10":"product_tag-massageliege","11":"product_tag-massageliege-aus-holz","13":"first","14":"instock","15":"sale","16":"taxable","17":"shipping-taxable","18":"purchasable","19":"product-type-simple"},"exclude_global_add_ons":[],"addons":[],"brands":[],"_links":{"self":[{"href":"https:\/\/swissmassage.weprocess.dev\/de\/wp-json\/wp\/v2\/product\/15358","targetHints":{"allow":["GET"]}}],"collection":[{"href":"https:\/\/swissmassage.weprocess.dev\/de\/wp-json\/wp\/v2\/product"}],"about":[{"href":"https:\/\/swissmassage.weprocess.dev\/de\/wp-json\/wp\/v2\/types\/product"}],"wp:featuredmedia":[{"embeddable":true,"href":"https:\/\/swissmassage.weprocess.dev\/de\/wp-json\/wp\/v2\/media\/11354"}],"wp:attachment":[{"href":"https:\/\/swissmassage.weprocess.dev\/de\/wp-json\/wp\/v2\/media?parent=15358"}],"wp:term":[{"taxonomy":"pwb-brand","embeddable":true,"href":"https:\/\/swissmassage.weprocess.dev\/de\/wp-json\/wp\/v2\/pwb-brand?post=15358"},{"taxonomy":"product_brand","embeddable":true,"href":"https:\/\/swissmassage.weprocess.dev\/de\/wp-json\/wp\/v2\/product_brand?post=15358"},{"taxonomy":"product_cat","embeddable":true,"href":"https:\/\/swissmassage.weprocess.dev\/de\/wp-json\/wp\/v2\/product_cat?post=15358"},{"taxonomy":"product_tag","embeddable":true,"href":"https:\/\/swissmassage.weprocess.dev\/de\/wp-json\/wp\/v2\/product_tag?post=15358"},{"taxonomy":"product_folder","embeddable":true,"href":"https:\/\/swissmassage.weprocess.dev\/de\/wp-json\/wp\/v2\/product_folder?post=15358"}],"curies":[{"name":"wp","href":"https:\/\/api.w.org\/{rel}","templated":true}]}}