{"id":15335,"date":"2023-05-24T14:44:05","date_gmt":"2023-05-24T12:44:05","guid":{"rendered":"https:\/\/swissmassage.ch\/produit\/massagetuch-marineblau\/"},"modified":"2026-03-10T17:06:48","modified_gmt":"2026-03-10T16:06:48","slug":"massagetuch-marineblau","status":"publish","type":"product","link":"https:\/\/swissmassage.weprocess.dev\/de\/produits\/massagetuch-marineblau\/","title":{"rendered":"Massagetuch &#8211; Marineblau"},"content":{"rendered":"<h2>Riesiges Massagetuch von 2,2 m \/ 1 m marineblauer Farbe.<\/h2>\n<p>&nbsp;<\/p>\n<p style=\"text-align: left;\"><img loading=\"lazy\" decoding=\"async\" class=\"image-gauche\" title=\"Riesen Massaget\u00fccher marineblau 1m\/2.2m swissmassage\" src=\"https:\/\/swissmassage.weprocess.dev\/wp-content\/uploads\/content\/linge-massage-marine-swissmassage_2nd.jpg\" alt=\"Leinenmassage Marine Swissmassage\" width=\"260\" height=\"142\" longdesc=\"linges de massage g\u00e9ants 1 m\u00e8tre sur 2 m\u00e8tres swissmassage\"><br \/>\n<span style=\"font-size: 10pt;\">  Riesiges Massagetuch von 2,2\/1m marineblau Erh\u00e4ltlich in der ganzen Schweiz.<br \/>\nOder bringen Sie es direkt in unseren Showroom.<br \/>\nRiesiges Schwamm-Baumwoll-Massagetuch f\u00fcr Massageliege.<br \/>\nAbmessungen 2,2 m lang und 1 m breit.<br \/>\nWaschbar bei 60\u00b0C Ideal f\u00fcr die vollst\u00e4ndige Abdeckung Ihrer Massageliege.<br \/>\nVerleiht Charakter und passt zu den Farben Ihres Instituts       <\/span><\/p>\n","protected":false},"excerpt":{"rendered":"<p>Riesiges Massagetuch von 2,2 m \/ 1 m marineblauer Farbe. &nbsp; Riesiges Massagetuch von 2,2\/1m marineblau Erh\u00e4ltlich in der ganzen Schweiz. Oder bringen Sie es direkt in unseren Showroom. Riesiges Schwamm-Baumwoll-Massagetuch f\u00fcr Massageliege. Abmessungen 2,2 m lang und 1 m breit. Waschbar bei 60\u00b0C Ideal f\u00fcr die vollst\u00e4ndige Abdeckung Ihrer Massageliege. Verleiht Charakter und passt&hellip;<\/p>\n","protected":false},"featured_media":11387,"template":"","meta":{"_seopress_robots_primary_cat":"none","_seopress_titles_title":"","_seopress_titles_desc":"Sch\u00fctzen Sie Ihre Massageliege mit diesem riesigen Baumwollfrottee, 2,2 m x 1 m, marineblau: ideal f\u00fcr unvergleichlichen Komfort und Eleganz.","_seopress_robots_index":""},"pwb-brand":[],"product_brand":[],"product_cat":[1345,1341],"product_tag":[],"product_folder":[1016],"class_list":{"0":"post-15335","1":"product","2":"type-product","3":"status-publish","4":"has-post-thumbnail","6":"product_cat-alles-massagezubehor","7":"product_cat-massagetucher","9":"first","10":"instock","11":"taxable","12":"shipping-taxable","13":"purchasable","14":"product-type-simple"},"exclude_global_add_ons":[],"addons":[],"brands":[],"_links":{"self":[{"href":"https:\/\/swissmassage.weprocess.dev\/de\/wp-json\/wp\/v2\/product\/15335","targetHints":{"allow":["GET"]}}],"collection":[{"href":"https:\/\/swissmassage.weprocess.dev\/de\/wp-json\/wp\/v2\/product"}],"about":[{"href":"https:\/\/swissmassage.weprocess.dev\/de\/wp-json\/wp\/v2\/types\/product"}],"wp:featuredmedia":[{"embeddable":true,"href":"https:\/\/swissmassage.weprocess.dev\/de\/wp-json\/wp\/v2\/media\/11387"}],"wp:attachment":[{"href":"https:\/\/swissmassage.weprocess.dev\/de\/wp-json\/wp\/v2\/media?parent=15335"}],"wp:term":[{"taxonomy":"pwb-brand","embeddable":true,"href":"https:\/\/swissmassage.weprocess.dev\/de\/wp-json\/wp\/v2\/pwb-brand?post=15335"},{"taxonomy":"product_brand","embeddable":true,"href":"https:\/\/swissmassage.weprocess.dev\/de\/wp-json\/wp\/v2\/product_brand?post=15335"},{"taxonomy":"product_cat","embeddable":true,"href":"https:\/\/swissmassage.weprocess.dev\/de\/wp-json\/wp\/v2\/product_cat?post=15335"},{"taxonomy":"product_tag","embeddable":true,"href":"https:\/\/swissmassage.weprocess.dev\/de\/wp-json\/wp\/v2\/product_tag?post=15335"},{"taxonomy":"product_folder","embeddable":true,"href":"https:\/\/swissmassage.weprocess.dev\/de\/wp-json\/wp\/v2\/product_folder?post=15335"}],"curies":[{"name":"wp","href":"https:\/\/api.w.org\/{rel}","templated":true}]}}