{"id":15331,"date":"2023-05-24T14:44:02","date_gmt":"2023-05-24T12:44:02","guid":{"rendered":"https:\/\/swissmassage.ch\/produit\/massagetuch-weiss\/"},"modified":"2025-06-04T22:38:02","modified_gmt":"2025-06-04T20:38:02","slug":"massagetuch-weiss","status":"publish","type":"product","link":"https:\/\/swissmassage.weprocess.dev\/de\/produits\/massagetuch-weiss\/","title":{"rendered":"Massagetuch &#8211; Wei\u00df"},"content":{"rendered":"<h2>Riesiges Massagetuch von 2,2 m \/ 1 m Farbe wei\u00df.<\/h2>\n<p>  Riesiges Schwamm-Baumwoll-Massagetuch f\u00fcr Massageliege.<br \/>\nAbmessungen 2,2 m lang und 1 m breit.<br \/>\nWaschbar bei 60\u00b0C Ideal f\u00fcr die vollst\u00e4ndige Abdeckung Ihrer Massageliege.<br \/>\nVerleiht Charakter und passt zu den Farben Ihres Instituts Lieferbar in der ganzen Schweiz.<br \/>\nOder bringen Sie es direkt in unseren Showroom.     Eingetragene Marke SWISSMASSAGE, Garantie f\u00fcr Seriosit\u00e4t und Nachverfolgung.<\/p>\n","protected":false},"excerpt":{"rendered":"<p>Riesiges Massagetuch von 2,2 m \/ 1 m Farbe wei\u00df. Riesiges Schwamm-Baumwoll-Massagetuch f\u00fcr Massageliege. Abmessungen 2,2 m lang und 1 m breit. Waschbar bei 60\u00b0C Ideal f\u00fcr die vollst\u00e4ndige Abdeckung Ihrer Massageliege. Verleiht Charakter und passt zu den Farben Ihres Instituts Lieferbar in der ganzen Schweiz. Oder bringen Sie es direkt in unseren Showroom. Eingetragene&hellip;<\/p>\n","protected":false},"featured_media":13611,"template":"","meta":{"_seopress_robots_primary_cat":"none","_seopress_titles_title":"","_seopress_titles_desc":"Decken Sie Ihre Massageliege vollst\u00e4ndig mit diesem Baumwollfrotteetuch ab, 2,2 m x 1 m, wei\u00dfe Farbe: perfekt f\u00fcr eine gepflegte Pr\u00e4sentation.","_seopress_robots_index":""},"pwb-brand":[],"product_brand":[],"product_cat":[1345,1341],"product_tag":[],"product_folder":[1016],"class_list":{"0":"post-15331","1":"product","2":"type-product","3":"status-publish","4":"has-post-thumbnail","6":"product_cat-alles-massagezubehor","7":"product_cat-massagetucher","9":"first","10":"instock","11":"taxable","12":"shipping-taxable","13":"purchasable","14":"product-type-simple"},"exclude_global_add_ons":[],"addons":[],"brands":[],"_links":{"self":[{"href":"https:\/\/swissmassage.weprocess.dev\/de\/wp-json\/wp\/v2\/product\/15331","targetHints":{"allow":["GET"]}}],"collection":[{"href":"https:\/\/swissmassage.weprocess.dev\/de\/wp-json\/wp\/v2\/product"}],"about":[{"href":"https:\/\/swissmassage.weprocess.dev\/de\/wp-json\/wp\/v2\/types\/product"}],"wp:featuredmedia":[{"embeddable":true,"href":"https:\/\/swissmassage.weprocess.dev\/de\/wp-json\/wp\/v2\/media\/13611"}],"wp:attachment":[{"href":"https:\/\/swissmassage.weprocess.dev\/de\/wp-json\/wp\/v2\/media?parent=15331"}],"wp:term":[{"taxonomy":"pwb-brand","embeddable":true,"href":"https:\/\/swissmassage.weprocess.dev\/de\/wp-json\/wp\/v2\/pwb-brand?post=15331"},{"taxonomy":"product_brand","embeddable":true,"href":"https:\/\/swissmassage.weprocess.dev\/de\/wp-json\/wp\/v2\/product_brand?post=15331"},{"taxonomy":"product_cat","embeddable":true,"href":"https:\/\/swissmassage.weprocess.dev\/de\/wp-json\/wp\/v2\/product_cat?post=15331"},{"taxonomy":"product_tag","embeddable":true,"href":"https:\/\/swissmassage.weprocess.dev\/de\/wp-json\/wp\/v2\/product_tag?post=15331"},{"taxonomy":"product_folder","embeddable":true,"href":"https:\/\/swissmassage.weprocess.dev\/de\/wp-json\/wp\/v2\/product_folder?post=15331"}],"curies":[{"name":"wp","href":"https:\/\/api.w.org\/{rel}","templated":true}]}}