{"id":15330,"date":"2023-05-24T14:44:03","date_gmt":"2023-05-24T12:44:03","guid":{"rendered":"https:\/\/swissmassage.ch\/produit\/massagetuch-fuchsia\/"},"modified":"2025-08-16T19:06:15","modified_gmt":"2025-08-16T17:06:15","slug":"massagetuch-fuchsia","status":"publish","type":"product","link":"https:\/\/swissmassage.weprocess.dev\/de\/produits\/massagetuch-fuchsia\/","title":{"rendered":"Massagetuch &#8211; Fuchsia"},"content":{"rendered":"<h2>Riesiges Massagetuch von 2,2\/1m fuchsiafarbener Farbe<\/h2>\n<p style=\"text-align: left;\"><img loading=\"lazy\" decoding=\"async\" class=\"image-gauche\" title=\"Riesen Massaget\u00fccher Fuchsia 1m\/2.2m Swissmassage\" src=\"https:\/\/swissmassage.weprocess.dev\/wp-content\/uploads\/content\/linge-massage-fushia-swissmassage_2nd.jpg\" alt=\"Fuchsia Swissmassage Massagew\u00e4sche\" width=\"260\" height=\"142\" longdesc=\"linges de massage g\u00e9ants 1 m\u00e8tre sur 2 m\u00e8tres swissmassage\"><\/p>\n<p>  In der ganzen Schweiz verf\u00fcgbar.<br \/>\nOder bringen Sie es direkt in unsere Werkstatt.  Riesiges Schwamm-Baumwoll-Massagetuch f\u00fcr Massageliege.<br \/>\nAbmessungen 2,2 m lang und 1 m breit.<br \/>\nWaschbar bei 60\u00b0C Ideal f\u00fcr die vollst\u00e4ndige Abdeckung Ihrer Massageliege.<br \/>\nGibt Charakter und passt zu den Farben Ihres Instituts Eingetragene Marke SWISSMASSAGE, Garantie f\u00fcr Seriosit\u00e4t und Nachverfolgung.   <\/p>\n","protected":false},"excerpt":{"rendered":"<p>Riesiges Massagetuch von 2,2\/1m fuchsiafarbener Farbe In der ganzen Schweiz verf\u00fcgbar. Oder bringen Sie es direkt in unsere Werkstatt. Riesiges Schwamm-Baumwoll-Massagetuch f\u00fcr Massageliege. Abmessungen 2,2 m lang und 1 m breit. Waschbar bei 60\u00b0C Ideal f\u00fcr die vollst\u00e4ndige Abdeckung Ihrer Massageliege. Gibt Charakter und passt zu den Farben Ihres Instituts Eingetragene Marke SWISSMASSAGE, Garantie f\u00fcr&hellip;<\/p>\n","protected":false},"featured_media":11381,"template":"","meta":{"_seopress_robots_primary_cat":"none","_seopress_titles_title":"","_seopress_titles_desc":"Sch\u00fctzen Sie Ihre Massageliege mit diesem riesigen Baumwollfrottee, 2,2 m x 1 m, fuchsiafarben: perfekt, um Komfort und Stil zu kombinieren.","_seopress_robots_index":""},"pwb-brand":[],"product_brand":[],"product_cat":[1345,1341],"product_tag":[],"product_folder":[1016],"class_list":{"0":"post-15330","1":"product","2":"type-product","3":"status-publish","4":"has-post-thumbnail","6":"product_cat-alles-massagezubehor","7":"product_cat-massagetucher","9":"first","10":"instock","11":"taxable","12":"shipping-taxable","13":"purchasable","14":"product-type-simple"},"exclude_global_add_ons":[],"addons":[],"brands":[],"_links":{"self":[{"href":"https:\/\/swissmassage.weprocess.dev\/de\/wp-json\/wp\/v2\/product\/15330","targetHints":{"allow":["GET"]}}],"collection":[{"href":"https:\/\/swissmassage.weprocess.dev\/de\/wp-json\/wp\/v2\/product"}],"about":[{"href":"https:\/\/swissmassage.weprocess.dev\/de\/wp-json\/wp\/v2\/types\/product"}],"wp:featuredmedia":[{"embeddable":true,"href":"https:\/\/swissmassage.weprocess.dev\/de\/wp-json\/wp\/v2\/media\/11381"}],"wp:attachment":[{"href":"https:\/\/swissmassage.weprocess.dev\/de\/wp-json\/wp\/v2\/media?parent=15330"}],"wp:term":[{"taxonomy":"pwb-brand","embeddable":true,"href":"https:\/\/swissmassage.weprocess.dev\/de\/wp-json\/wp\/v2\/pwb-brand?post=15330"},{"taxonomy":"product_brand","embeddable":true,"href":"https:\/\/swissmassage.weprocess.dev\/de\/wp-json\/wp\/v2\/product_brand?post=15330"},{"taxonomy":"product_cat","embeddable":true,"href":"https:\/\/swissmassage.weprocess.dev\/de\/wp-json\/wp\/v2\/product_cat?post=15330"},{"taxonomy":"product_tag","embeddable":true,"href":"https:\/\/swissmassage.weprocess.dev\/de\/wp-json\/wp\/v2\/product_tag?post=15330"},{"taxonomy":"product_folder","embeddable":true,"href":"https:\/\/swissmassage.weprocess.dev\/de\/wp-json\/wp\/v2\/product_folder?post=15330"}],"curies":[{"name":"wp","href":"https:\/\/api.w.org\/{rel}","templated":true}]}}