{"id":15327,"date":"2023-05-24T14:44:19","date_gmt":"2023-05-24T12:44:19","guid":{"rendered":"https:\/\/swissmassage.ch\/produit\/massagetuch-orange\/"},"modified":"2025-08-11T09:39:39","modified_gmt":"2025-08-11T07:39:39","slug":"massagetuch-orange","status":"publish","type":"product","link":"https:\/\/swissmassage.weprocess.dev\/de\/produits\/massagetuch-orange\/","title":{"rendered":"Massagetuch &#8211; Orange"},"content":{"rendered":"<h2>Riesiges Massagetuch von 2,2\/1m orangefarbener Farbe<\/h2>\n<p style=\"text-align: left;\"><img loading=\"lazy\" decoding=\"async\" class=\"image-gauche\" title=\"Riesige orangefarbene Massaget\u00fccher 1m\/2.2m Swissmassage\" src=\"https:\/\/swissmassage.weprocess.dev\/wp-content\/uploads\/content\/linge-massage-orange-swissmassage_2nd.jpg\" alt=\"Massagetuch Orange Swissmassage\" width=\"260\" height=\"148\" longdesc=\"linges de massage g\u00e9ants 1 m\u00e8tre sur 2 m\u00e8tres swissmassage\"><\/p>\n<p>  In der ganzen Schweiz verf\u00fcgbar.<br \/>\nOder bringen Sie es direkt in unseren Showroom.  Riesiges Schwamm-Baumwoll-Massagetuch f\u00fcr Massageliege.<br \/>\nAbmessungen 2,2 m lang und 1 m breit.<br \/>\nWaschbar bei 60\u00b0C Ideal f\u00fcr die vollst\u00e4ndige Abdeckung Ihrer Massageliege.<br \/>\nGibt Charakter und passt zu den Farben Ihres Instituts Eingetragene Marke SWISSMASSAGE, Garantie f\u00fcr Seriosit\u00e4t und Nachverfolgung.   <\/p>\n","protected":false},"excerpt":{"rendered":"<p>Riesiges Massagetuch von 2,2\/1m orangefarbener Farbe In der ganzen Schweiz verf\u00fcgbar. Oder bringen Sie es direkt in unseren Showroom. Riesiges Schwamm-Baumwoll-Massagetuch f\u00fcr Massageliege. Abmessungen 2,2 m lang und 1 m breit. Waschbar bei 60\u00b0C Ideal f\u00fcr die vollst\u00e4ndige Abdeckung Ihrer Massageliege. Gibt Charakter und passt zu den Farben Ihres Instituts Eingetragene Marke SWISSMASSAGE, Garantie f\u00fcr&hellip;<\/p>\n","protected":false},"featured_media":11408,"template":"","meta":{"_seopress_robots_primary_cat":"none","_seopress_titles_title":"","_seopress_titles_desc":"Riesiges Massagetuch 2,2 x 1 m, orange Farbe: ideal, um Ihre Massageliege vollst\u00e4ndig zu bedecken, waschbar bei 60\u00b0C f\u00fcr optimale Hygiene.","_seopress_robots_index":""},"pwb-brand":[],"product_brand":[],"product_cat":[1345,1341],"product_tag":[],"product_folder":[1016],"class_list":{"0":"post-15327","1":"product","2":"type-product","3":"status-publish","4":"has-post-thumbnail","6":"product_cat-alles-massagezubehor","7":"product_cat-massagetucher","9":"first","10":"instock","11":"taxable","12":"shipping-taxable","13":"purchasable","14":"product-type-simple"},"exclude_global_add_ons":[],"addons":[],"brands":[],"_links":{"self":[{"href":"https:\/\/swissmassage.weprocess.dev\/de\/wp-json\/wp\/v2\/product\/15327","targetHints":{"allow":["GET"]}}],"collection":[{"href":"https:\/\/swissmassage.weprocess.dev\/de\/wp-json\/wp\/v2\/product"}],"about":[{"href":"https:\/\/swissmassage.weprocess.dev\/de\/wp-json\/wp\/v2\/types\/product"}],"wp:featuredmedia":[{"embeddable":true,"href":"https:\/\/swissmassage.weprocess.dev\/de\/wp-json\/wp\/v2\/media\/11408"}],"wp:attachment":[{"href":"https:\/\/swissmassage.weprocess.dev\/de\/wp-json\/wp\/v2\/media?parent=15327"}],"wp:term":[{"taxonomy":"pwb-brand","embeddable":true,"href":"https:\/\/swissmassage.weprocess.dev\/de\/wp-json\/wp\/v2\/pwb-brand?post=15327"},{"taxonomy":"product_brand","embeddable":true,"href":"https:\/\/swissmassage.weprocess.dev\/de\/wp-json\/wp\/v2\/product_brand?post=15327"},{"taxonomy":"product_cat","embeddable":true,"href":"https:\/\/swissmassage.weprocess.dev\/de\/wp-json\/wp\/v2\/product_cat?post=15327"},{"taxonomy":"product_tag","embeddable":true,"href":"https:\/\/swissmassage.weprocess.dev\/de\/wp-json\/wp\/v2\/product_tag?post=15327"},{"taxonomy":"product_folder","embeddable":true,"href":"https:\/\/swissmassage.weprocess.dev\/de\/wp-json\/wp\/v2\/product_folder?post=15327"}],"curies":[{"name":"wp","href":"https:\/\/api.w.org\/{rel}","templated":true}]}}