{"id":15325,"date":"2023-05-24T14:44:25","date_gmt":"2023-05-24T12:44:25","guid":{"rendered":"https:\/\/swissmassage.ch\/produit\/nagel-lampe-led-perfect-nails\/"},"modified":"2023-05-24T14:44:25","modified_gmt":"2023-05-24T12:44:25","slug":"nagel-lampe-led-perfect-nails","status":"publish","type":"product","link":"https:\/\/swissmassage.weprocess.dev\/de\/produits\/nagel-lampe-led-perfect-nails\/","title":{"rendered":"Nagelstudio Lampe LED Perfect Nails"},"content":{"rendered":"<h2><span style=\"font-size: 10pt;\">Die 12W Led Perfect Nails Lampe auf 70cm garantiert Ihnen ein intensives Licht f\u00fcr Pr\u00e4zisionsarbeiten.<\/span><span class=\"rouge\"><span class=\"rouge\"><span style=\"color: #ff0000;\"><span style=\"font-size: 10pt;\"><br \/>\n<\/span><\/span><\/span><\/span><\/h2>\n<p>&nbsp;<\/p>\n","protected":false},"excerpt":{"rendered":"<p>Die 12W Led Perfect Nails Lampe auf 70cm garantiert Ihnen ein intensives Licht f\u00fcr Pr\u00e4zisionsarbeiten. &nbsp;<\/p>\n","protected":false},"featured_media":15326,"template":"","meta":{"_seopress_robots_primary_cat":"none","_seopress_titles_title":"","_seopress_titles_desc":"Perfect Nails LED-Nagellampe: leuchtet perfekt f\u00fcr optimale Sichtbarkeit bei pr\u00e4zisen und sauberen Manik\u00fcren.","_seopress_robots_index":""},"pwb-brand":[],"product_brand":[],"product_cat":[1332,1348],"product_tag":[],"product_folder":[1025],"class_list":{"0":"post-15325","1":"product","2":"type-product","3":"status-publish","4":"has-post-thumbnail","6":"product_cat-alle-asthetischen-artikel","7":"product_cat-nagelstudio-ausstattungen","9":"first","10":"instock","11":"taxable","12":"shipping-taxable","13":"purchasable","14":"product-type-simple"},"exclude_global_add_ons":[],"addons":[],"brands":[],"_links":{"self":[{"href":"https:\/\/swissmassage.weprocess.dev\/de\/wp-json\/wp\/v2\/product\/15325","targetHints":{"allow":["GET"]}}],"collection":[{"href":"https:\/\/swissmassage.weprocess.dev\/de\/wp-json\/wp\/v2\/product"}],"about":[{"href":"https:\/\/swissmassage.weprocess.dev\/de\/wp-json\/wp\/v2\/types\/product"}],"wp:featuredmedia":[{"embeddable":true,"href":"https:\/\/swissmassage.weprocess.dev\/de\/wp-json\/wp\/v2\/media\/15326"}],"wp:attachment":[{"href":"https:\/\/swissmassage.weprocess.dev\/de\/wp-json\/wp\/v2\/media?parent=15325"}],"wp:term":[{"taxonomy":"pwb-brand","embeddable":true,"href":"https:\/\/swissmassage.weprocess.dev\/de\/wp-json\/wp\/v2\/pwb-brand?post=15325"},{"taxonomy":"product_brand","embeddable":true,"href":"https:\/\/swissmassage.weprocess.dev\/de\/wp-json\/wp\/v2\/product_brand?post=15325"},{"taxonomy":"product_cat","embeddable":true,"href":"https:\/\/swissmassage.weprocess.dev\/de\/wp-json\/wp\/v2\/product_cat?post=15325"},{"taxonomy":"product_tag","embeddable":true,"href":"https:\/\/swissmassage.weprocess.dev\/de\/wp-json\/wp\/v2\/product_tag?post=15325"},{"taxonomy":"product_folder","embeddable":true,"href":"https:\/\/swissmassage.weprocess.dev\/de\/wp-json\/wp\/v2\/product_folder?post=15325"}],"curies":[{"name":"wp","href":"https:\/\/api.w.org\/{rel}","templated":true}]}}