{"id":15324,"date":"2023-05-24T14:44:21","date_gmt":"2023-05-24T12:44:21","guid":{"rendered":"https:\/\/swissmassage.ch\/produit\/halbmond-massagekissen-70cm-x-9cm-50-netz\/"},"modified":"2026-02-03T15:08:23","modified_gmt":"2026-02-03T14:08:23","slug":"halbmond-massagekissen-70cm-x-9cm-50-netz","status":"publish","type":"product","link":"https:\/\/swissmassage.weprocess.dev\/de\/produits\/halbmond-massagekissen-70cm-x-9cm-50-netz\/","title":{"rendered":"Halbmondf\u00f6rmiges Massagekissen 65 cm x 11 cm"},"content":{"rendered":"<h2>Wei\u00dfes halbmondf\u00f6rmiges Massagekissen mit einem Radius von 65 cm x 11 cm.<\/h2>\n<p> Extrem weiche und starke wei\u00dfe Polyurethan-Beschichtung. Garantiert hochdichter Schaumstoff mit einer Dicke von 11 cm.<br \/>\nIdeale Abmessungen 65 cm lang und 11 cm Radius.<br \/>\nUnter dem Nacken, unter den F\u00fc\u00dfen und unter dem Oberk\u00f6rper verwenden.<br \/>\nMassagekissen f\u00fcr die Neupositionierung der Beine und den Komfort der Lendenwirbels\u00e4ule.<br \/>\nKomfortkissen in Bauchlage    <\/p>\n","protected":false},"excerpt":{"rendered":"<p>Wei\u00dfes halbmondf\u00f6rmiges Massagekissen mit einem Radius von 65 cm x 11 cm. Extrem weiche und starke wei\u00dfe Polyurethan-Beschichtung. Garantiert hochdichter Schaumstoff mit einer Dicke von 11 cm. Ideale Abmessungen 65 cm lang und 11 cm Radius. Unter dem Nacken, unter den F\u00fc\u00dfen und unter dem Oberk\u00f6rper verwenden. Massagekissen f\u00fcr die Neupositionierung der Beine und den&hellip;<\/p>\n","protected":false},"featured_media":11411,"template":"","meta":{"_seopress_robots_primary_cat":"none","_seopress_titles_title":"Halbmond-Massagekissen - Swissmassage","_seopress_titles_desc":"Massagekissen f\u00fcr die Neupositionierung der Beine und den Komfort der Lendenwirbels\u00e4ule: Bietet optimale Unterst\u00fctzung, um Verspannungen zu l\u00f6sen und die K\u00f6rperhaltung zu verbessern.","_seopress_robots_index":""},"pwb-brand":[],"product_brand":[],"product_cat":[1345,1338],"product_tag":[1461,1397,1460],"product_folder":[1001],"class_list":{"0":"post-15324","1":"product","2":"type-product","3":"status-publish","4":"has-post-thumbnail","6":"product_cat-alles-massagezubehor","7":"product_cat-kissen-fur-massagen","8":"product_tag-beinpolster","9":"product_tag-kissen","10":"product_tag-massagekissen","12":"first","13":"instock","14":"taxable","15":"shipping-taxable","16":"purchasable","17":"product-type-simple"},"exclude_global_add_ons":[],"addons":[],"brands":[],"_links":{"self":[{"href":"https:\/\/swissmassage.weprocess.dev\/de\/wp-json\/wp\/v2\/product\/15324","targetHints":{"allow":["GET"]}}],"collection":[{"href":"https:\/\/swissmassage.weprocess.dev\/de\/wp-json\/wp\/v2\/product"}],"about":[{"href":"https:\/\/swissmassage.weprocess.dev\/de\/wp-json\/wp\/v2\/types\/product"}],"wp:featuredmedia":[{"embeddable":true,"href":"https:\/\/swissmassage.weprocess.dev\/de\/wp-json\/wp\/v2\/media\/11411"}],"wp:attachment":[{"href":"https:\/\/swissmassage.weprocess.dev\/de\/wp-json\/wp\/v2\/media?parent=15324"}],"wp:term":[{"taxonomy":"pwb-brand","embeddable":true,"href":"https:\/\/swissmassage.weprocess.dev\/de\/wp-json\/wp\/v2\/pwb-brand?post=15324"},{"taxonomy":"product_brand","embeddable":true,"href":"https:\/\/swissmassage.weprocess.dev\/de\/wp-json\/wp\/v2\/product_brand?post=15324"},{"taxonomy":"product_cat","embeddable":true,"href":"https:\/\/swissmassage.weprocess.dev\/de\/wp-json\/wp\/v2\/product_cat?post=15324"},{"taxonomy":"product_tag","embeddable":true,"href":"https:\/\/swissmassage.weprocess.dev\/de\/wp-json\/wp\/v2\/product_tag?post=15324"},{"taxonomy":"product_folder","embeddable":true,"href":"https:\/\/swissmassage.weprocess.dev\/de\/wp-json\/wp\/v2\/product_folder?post=15324"}],"curies":[{"name":"wp","href":"https:\/\/api.w.org\/{rel}","templated":true}]}}