{"id":15323,"date":"2023-05-24T14:44:33","date_gmt":"2023-05-24T12:44:33","guid":{"rendered":"https:\/\/swissmassage.ch\/produit\/massageliege-expander\/"},"modified":"2025-10-22T13:56:12","modified_gmt":"2025-10-22T11:56:12","slug":"massageliege-expander","status":"publish","type":"product","link":"https:\/\/swissmassage.weprocess.dev\/de\/produits\/massageliege-expander\/","title":{"rendered":"Expander f\u00fcr Massageliegen"},"content":{"rendered":"<h2>Expander f\u00fcr Massageliegen<\/h2>\n<p>  Breite f\u00fcr Massageliege Erh\u00f6ht die Breite um 12cm auf jeder Seite L\u00e4nge 72cm Schaumstoffst\u00e4rke 10cm Einfache Befestigung mit Velcro-Gurt Erh\u00e4ltlich in der ganzen Schweiz.<br \/>\nOder bringen Sie es direkt in unsere Werkstatt. <\/p>\n","protected":false},"excerpt":{"rendered":"<p>Expander f\u00fcr Massageliegen Breite f\u00fcr Massageliege Erh\u00f6ht die Breite um 12cm auf jeder Seite L\u00e4nge 72cm Schaumstoffst\u00e4rke 10cm Einfache Befestigung mit Velcro-Gurt Erh\u00e4ltlich in der ganzen Schweiz. Oder bringen Sie es direkt in unsere Werkstatt.<\/p>\n","protected":false},"featured_media":13314,"template":"","meta":{"_seopress_robots_primary_cat":"none","_seopress_titles_title":"Expander f\u00fcr Massageliegen - Swissmassage","_seopress_titles_desc":"Massageliege-Expander: Vergr\u00f6\u00dfern Sie die Arbeitsfl\u00e4che f\u00fcr mehr Komfort und eignen Sie sich f\u00fcr Kunden unterschiedlicher Gr\u00f6\u00dfe.","_seopress_robots_index":""},"pwb-brand":[],"product_brand":[],"product_cat":[1345,1336],"product_tag":[1397],"product_folder":[1030],"class_list":{"0":"post-15323","1":"product","2":"type-product","3":"status-publish","4":"has-post-thumbnail","6":"product_cat-alles-massagezubehor","7":"product_cat-zubehor-fur-massageliegen","8":"product_tag-kissen","10":"first","11":"instock","12":"taxable","13":"shipping-taxable","14":"purchasable","15":"product-type-simple"},"exclude_global_add_ons":[],"addons":[],"brands":[],"_links":{"self":[{"href":"https:\/\/swissmassage.weprocess.dev\/de\/wp-json\/wp\/v2\/product\/15323","targetHints":{"allow":["GET"]}}],"collection":[{"href":"https:\/\/swissmassage.weprocess.dev\/de\/wp-json\/wp\/v2\/product"}],"about":[{"href":"https:\/\/swissmassage.weprocess.dev\/de\/wp-json\/wp\/v2\/types\/product"}],"wp:featuredmedia":[{"embeddable":true,"href":"https:\/\/swissmassage.weprocess.dev\/de\/wp-json\/wp\/v2\/media\/13314"}],"wp:attachment":[{"href":"https:\/\/swissmassage.weprocess.dev\/de\/wp-json\/wp\/v2\/media?parent=15323"}],"wp:term":[{"taxonomy":"pwb-brand","embeddable":true,"href":"https:\/\/swissmassage.weprocess.dev\/de\/wp-json\/wp\/v2\/pwb-brand?post=15323"},{"taxonomy":"product_brand","embeddable":true,"href":"https:\/\/swissmassage.weprocess.dev\/de\/wp-json\/wp\/v2\/product_brand?post=15323"},{"taxonomy":"product_cat","embeddable":true,"href":"https:\/\/swissmassage.weprocess.dev\/de\/wp-json\/wp\/v2\/product_cat?post=15323"},{"taxonomy":"product_tag","embeddable":true,"href":"https:\/\/swissmassage.weprocess.dev\/de\/wp-json\/wp\/v2\/product_tag?post=15323"},{"taxonomy":"product_folder","embeddable":true,"href":"https:\/\/swissmassage.weprocess.dev\/de\/wp-json\/wp\/v2\/product_folder?post=15323"}],"curies":[{"name":"wp","href":"https:\/\/api.w.org\/{rel}","templated":true}]}}