{"id":15322,"date":"2023-05-24T14:44:32","date_gmt":"2023-05-24T12:44:32","guid":{"rendered":"https:\/\/swissmassage.ch\/produit\/verlangerung-der-massageliege\/"},"modified":"2025-12-31T09:36:08","modified_gmt":"2025-12-31T08:36:08","slug":"verlangerung-der-massageliege","status":"publish","type":"product","link":"https:\/\/swissmassage.weprocess.dev\/de\/produits\/verlangerung-der-massageliege\/","title":{"rendered":"Verl\u00e4ngerung der Massageliege"},"content":{"rendered":"<h2 style=\"text-align: left;\">Verl\u00e4ngerung der Massageliege<\/h2>\n<p><span style=\"font-size: 10pt;\">L\u00e4ngenzunahme von 15 cm<\/span><span style=\"font-size: 10pt;\">Standardbreite 69 cm<\/span><span style=\"font-size: 10pt;\">Schaumstoffst\u00e4rke 8 cm<\/span><span style=\"font-size: 10pt;\">Befestigung, Rohre 2 cm Durchmesser, 20,5 cm Achsabstand (kompatibel mit Kopfst\u00fctzenl\u00f6chern)<\/span><\/p>\n<p><span style=\"font-size: 10pt;\">In der ganzen Schweiz verf\u00fcgbar.<br \/>\nOder bringen Sie es direkt in unsere Werkstatt. <\/span><\/p>\n","protected":false},"excerpt":{"rendered":"<p>Verl\u00e4ngerung der Massageliege L\u00e4ngenzunahme von 15 cmStandardbreite 69 cmSchaumstoffst\u00e4rke 8 cmBefestigung, Rohre 2 cm Durchmesser, 20,5 cm Achsabstand (kompatibel mit Kopfst\u00fctzenl\u00f6chern) In der ganzen Schweiz verf\u00fcgbar. Oder bringen Sie es direkt in unsere Werkstatt.<\/p>\n","protected":false},"featured_media":11429,"template":"","meta":{"_seopress_robots_primary_cat":"none","_seopress_titles_title":"Verl\u00e4ngerung f\u00fcr Massageliege - Swissmassage","_seopress_titles_desc":"Massageliege Extender: Verl\u00e4ngert die L\u00e4nge Ihrer Liege f\u00fcr zus\u00e4tzlichen Komfort, ideal f\u00fcr die Unterbringung von Kunden unterschiedlicher Gr\u00f6\u00dfe.","_seopress_robots_index":""},"pwb-brand":[],"product_brand":[],"product_cat":[1345,1336],"product_tag":[],"product_folder":[1030],"class_list":{"0":"post-15322","1":"product","2":"type-product","3":"status-publish","4":"has-post-thumbnail","6":"product_cat-alles-massagezubehor","7":"product_cat-zubehor-fur-massageliegen","9":"first","10":"instock","11":"taxable","12":"shipping-taxable","13":"purchasable","14":"product-type-simple"},"exclude_global_add_ons":[],"addons":[],"brands":[],"_links":{"self":[{"href":"https:\/\/swissmassage.weprocess.dev\/de\/wp-json\/wp\/v2\/product\/15322","targetHints":{"allow":["GET"]}}],"collection":[{"href":"https:\/\/swissmassage.weprocess.dev\/de\/wp-json\/wp\/v2\/product"}],"about":[{"href":"https:\/\/swissmassage.weprocess.dev\/de\/wp-json\/wp\/v2\/types\/product"}],"wp:featuredmedia":[{"embeddable":true,"href":"https:\/\/swissmassage.weprocess.dev\/de\/wp-json\/wp\/v2\/media\/11429"}],"wp:attachment":[{"href":"https:\/\/swissmassage.weprocess.dev\/de\/wp-json\/wp\/v2\/media?parent=15322"}],"wp:term":[{"taxonomy":"pwb-brand","embeddable":true,"href":"https:\/\/swissmassage.weprocess.dev\/de\/wp-json\/wp\/v2\/pwb-brand?post=15322"},{"taxonomy":"product_brand","embeddable":true,"href":"https:\/\/swissmassage.weprocess.dev\/de\/wp-json\/wp\/v2\/product_brand?post=15322"},{"taxonomy":"product_cat","embeddable":true,"href":"https:\/\/swissmassage.weprocess.dev\/de\/wp-json\/wp\/v2\/product_cat?post=15322"},{"taxonomy":"product_tag","embeddable":true,"href":"https:\/\/swissmassage.weprocess.dev\/de\/wp-json\/wp\/v2\/product_tag?post=15322"},{"taxonomy":"product_folder","embeddable":true,"href":"https:\/\/swissmassage.weprocess.dev\/de\/wp-json\/wp\/v2\/product_folder?post=15322"}],"curies":[{"name":"wp","href":"https:\/\/api.w.org\/{rel}","templated":true}]}}