{"id":15319,"date":"2023-05-24T14:45:18","date_gmt":"2023-05-24T14:45:18","guid":{"rendered":"https:\/\/swissmassage.ch\/produit\/elektrische-physio-liege-modell-energy\/"},"modified":"2025-10-23T11:15:34","modified_gmt":"2025-10-23T09:15:34","slug":"elektrische-physio-liege-modell-energy","status":"publish","type":"product","link":"https:\/\/swissmassage.weprocess.dev\/de\/produits\/elektrische-physio-liege-modell-energy\/","title":{"rendered":"Physio-Liege Modell Energy"},"content":{"rendered":"<h2>Physioliege Energy<\/h2>\n<p><span style=\"font-size: 10pt;\">Elektrische Physioliege 1 Motoren f\u00fcr die H\u00f6he mit peripherem Steuerrahmen bis zu den F\u00fc\u00dfen.<\/span><br \/>\n<span style=\"font-size: 10pt;\">Der Markenmotor stellt die H\u00f6he der Liege ein.<\/span><br \/>\n<span style=\"font-size: 10pt;\">H\u00f6henverstellung mit einer Rahmenperipheriesteuerung.<\/span><br \/>\n<span style=\"font-size: 10pt;\">Verstellbare Kopfst\u00fctze durch Gasfeder, verstellbarer Winkel von -20\u00b0 bis + 55\u00b0.<\/span><br \/>\n<span style=\"font-size: 10pt;\">Beinauflage durch Gasfeder verstellbar, Winkel einstellbar von 0\u00b0 bis + 90\u00b0.<\/span><br \/>\n<span style=\"font-size: 10pt;\">Tr\u00e4gt bis zu 225 kg.<\/span><br \/>\n<span style=\"font-size: 10pt;\">75 mm 360\u00b0 drehbare Rollen f\u00fcr hervorragende Mobilit\u00e4t und Sicherheit.<\/span><br \/>\n<span style=\"font-size: 10pt;\">Polsterfarbe: Graphitgrau<\/span><br \/>\n<span style=\"font-size: 10pt;\">PVC-Beschichtung<\/span><br \/>\n<span style=\"font-size: 10pt;\">Die Beschichtung widersteht Feuer, Flecken, Pilzen, \u00d6l und Wasser.<\/span><br \/>\n<span style=\"font-size: 10pt;\">Zertifizierungen: CE, FDA, ISO 9001-2008, ISO13485-2007.<\/span><br \/>\n<span style=\"font-size: 10pt;\">Zertifiziert gem\u00e4\u00df der Richtlinie 93\/42\/EWG \u2013 \u00e4rztliche Bescheinigung.<\/span><br \/>\n<span style=\"font-size: 10pt;\">L\u00e4nge der Beinauflage: 96 cm<\/span><br \/>\n<span style=\"font-size: 10pt;\">L\u00e4nge der zentralen Platte: 51 cm<\/span><br \/>\n<span style=\"font-size: 10pt;\">L\u00e4nge der Kopfst\u00fctze: 43 cm<\/span><br \/>\n<span style=\"font-size: 10pt;\">Gesamtl\u00e4nge des Tisches: 195 cm<\/span><br \/>\n<span style=\"font-size: 10pt;\">Liegebreite: 66 cm<\/span><br \/>\n<span style=\"font-size: 10pt;\">Verstellbare H\u00f6he: 50 cm \u2013 94 cm<\/span><br \/>\n<span style=\"font-size: 10pt;\">Dicke der Matratze: 5 cm<\/span><br \/>\n<span style=\"font-size: 10pt;\">Schaumdichte: 36 kg\/m\u00b3<\/span><\/p>\n<h3>Philosophie der Physiotherapie-Behandlungsliege des Energiemodells:<\/h3>\n<p>Die Energie-Physiotherapieliege ist die erste Wahl f\u00fcr Praktiker, die ihren Patienten eine hervorragende Versorgung bieten m\u00f6chten. Dot\u00e9e d&#8217;un moteur \u00e9lectrique de pointe pour r\u00e9gler la hauteur, cette table garantit un ajustement pr\u00e9cis et facile gr\u00e2ce \u00e0 sa commande p\u00e9riph\u00e9rique cadre \u00e0 pieds.<br \/>\nLa t\u00eati\u00e8re et le repose-jambes sont r\u00e9glables par v\u00e9rin \u00e0 gaz, offrant un confort optimal pour chaque patient. La t\u00eati\u00e8re peut \u00eatre inclin\u00e9e de -20\u00b0 \u00e0 + 55\u00b0, tandis que le repose-jambes offre un angle ajustable de 0\u00b0 \u00e0 + 90\u00b0, permettant ainsi une adaptation personnalis\u00e9e aux besoins de chacun.<br \/>\nDieser Tisch wurde entwickelt, um die h\u00f6chsten Sicherheitsstandards zu erf\u00fcllen, kann bis zu 225 kg tragen und ist mit 75 mm um 360\u00b0 drehbaren Rollen ausgestattet, die eine au\u00dfergew\u00f6hnliche Mobilit\u00e4t und maximale Sicherheit w\u00e4hrend der Fahrt gew\u00e4hrleisten.<br \/>\nDie graphitgraue PVC-Beschichtung ist nicht nur \u00e4sthetisch ansprechend, sondern auch best\u00e4ndig gegen Feuer, Flecken, Pilze, \u00d6l und Wasser und gew\u00e4hrleistet so eine hervorragende Haltbarkeit und Wartungsfreundlichkeit.<br \/>\nZertifiziert nach den Normen CE, FDA, ISO 9001-2008, ISO13485-2007 und konform mit der Richtlinie 93\/42\/EWG f\u00fcr die medizinische Zertifizierung, bietet diese Tabelle absolute Sicherheit in Bezug auf Qualit\u00e4t und Sicherheit.<br \/>\nMit ihren gro\u00dfz\u00fcgigen Ma\u00dfen &#8211; einer Gesamtl\u00e4nge von 195 cm, einer Breite von 66 cm und einer verstellbaren H\u00f6he von 50 cm bis 94 cm &#8211; bietet diese Liege optimalen Komfort f\u00fcr Patienten aller Gr\u00f6\u00dfen und ist eine ideale Wahl f\u00fcr anspruchsvolle Behandler.<br \/>\nDie Energy Physiotherapieliege von Coinfycare ist eine sichere und kluge Investition f\u00fcr jede Pflegepraxis und bietet eine perfekte Mischung aus Qualit\u00e4t, Komfort und Funktionalit\u00e4t.<\/p>\n<h3>Video der Energiemodell-Physioliege:<\/h3>\n<div style=\"width: 1170px;\" class=\"wp-video\"><video class=\"wp-video-shortcode\" id=\"video-15319-1\" width=\"1170\" height=\"658\" preload=\"metadata\" controls=\"controls\"><source type=\"video\/mp4\" src=\"https:\/\/swissmassage.weprocess.dev\/wp-content\/uploads\/Video-table-de-physio-Suisse-modele-Energy.mp4?_=1\" \/><a href=\"https:\/\/swissmassage.weprocess.dev\/wp-content\/uploads\/Video-table-de-physio-Suisse-modele-Energy.mp4\">https:\/\/swissmassage.weprocess.dev\/wp-content\/uploads\/Video-table-de-physio-Suisse-modele-Energy.mp4<\/a><\/video><\/div>\n","protected":false},"excerpt":{"rendered":"<p>Physioliege Energy Elektrische Physioliege 1 Motoren f\u00fcr die H\u00f6he mit peripherem Steuerrahmen bis zu den F\u00fc\u00dfen. Der Markenmotor stellt die H\u00f6he der Liege ein. H\u00f6henverstellung mit einer Rahmenperipheriesteuerung. Verstellbare Kopfst\u00fctze durch Gasfeder, verstellbarer Winkel von -20\u00b0 bis + 55\u00b0. Beinauflage durch Gasfeder verstellbar, Winkel einstellbar von 0\u00b0 bis + 90\u00b0. Tr\u00e4gt bis zu 225 kg.&hellip;<\/p>\n","protected":false},"featured_media":14409,"template":"","meta":{"_seopress_robots_primary_cat":"none","_seopress_titles_title":"Physiotherapieliege Modell Energy - Swissmassage","_seopress_titles_desc":"Die Energie-Physiotherapieliege ist die erste Wahl f\u00fcr Praktiker, die ihren Patienten eine hervorragende Versorgung bieten m\u00f6chten.","_seopress_robots_index":""},"pwb-brand":[],"product_brand":[],"product_cat":[1331,1383],"product_tag":[1493,1486],"product_folder":[1003],"class_list":{"0":"post-15319","1":"product","2":"type-product","3":"status-publish","4":"has-post-thumbnail","6":"product_cat-alle-physio-medizinischen-artikel","7":"product_cat-physio-und-therapieliege-physio-medizinisch","8":"product_tag-physio-liege","9":"product_tag-physiotherapeut","11":"first","12":"instock","13":"taxable","14":"shipping-taxable","15":"purchasable","16":"product-type-simple"},"exclude_global_add_ons":false,"addons":[{"name":"Optionen","type":"checkbox","position":0,"required":false,"title_format":"label","description_enable":false,"description":null,"placeholder_enable":false,"placeholder":null,"display":"select","restrictions_type":"any_text","adjust_price":false,"price":"","price_type":"flat_fee","restrictions":false,"min":0,"max":0,"options":[{"label":"Papier-Spender","price":"80.00","price_type":"flat_fee","image":0}],"id":1719475790}],"brands":[],"_links":{"self":[{"href":"https:\/\/swissmassage.weprocess.dev\/de\/wp-json\/wp\/v2\/product\/15319","targetHints":{"allow":["GET"]}}],"collection":[{"href":"https:\/\/swissmassage.weprocess.dev\/de\/wp-json\/wp\/v2\/product"}],"about":[{"href":"https:\/\/swissmassage.weprocess.dev\/de\/wp-json\/wp\/v2\/types\/product"}],"wp:featuredmedia":[{"embeddable":true,"href":"https:\/\/swissmassage.weprocess.dev\/de\/wp-json\/wp\/v2\/media\/14409"}],"wp:attachment":[{"href":"https:\/\/swissmassage.weprocess.dev\/de\/wp-json\/wp\/v2\/media?parent=15319"}],"wp:term":[{"taxonomy":"pwb-brand","embeddable":true,"href":"https:\/\/swissmassage.weprocess.dev\/de\/wp-json\/wp\/v2\/pwb-brand?post=15319"},{"taxonomy":"product_brand","embeddable":true,"href":"https:\/\/swissmassage.weprocess.dev\/de\/wp-json\/wp\/v2\/product_brand?post=15319"},{"taxonomy":"product_cat","embeddable":true,"href":"https:\/\/swissmassage.weprocess.dev\/de\/wp-json\/wp\/v2\/product_cat?post=15319"},{"taxonomy":"product_tag","embeddable":true,"href":"https:\/\/swissmassage.weprocess.dev\/de\/wp-json\/wp\/v2\/product_tag?post=15319"},{"taxonomy":"product_folder","embeddable":true,"href":"https:\/\/swissmassage.weprocess.dev\/de\/wp-json\/wp\/v2\/product_folder?post=15319"}],"curies":[{"name":"wp","href":"https:\/\/api.w.org\/{rel}","templated":true}]}}