{"id":15314,"date":"2023-05-24T14:44:43","date_gmt":"2023-05-24T14:44:43","guid":{"rendered":"https:\/\/swissmassage.ch\/produit\/spa-liege-modell-excellence-eiche-hell\/"},"modified":"2025-10-20T14:59:10","modified_gmt":"2025-10-20T12:59:10","slug":"spa-liege-modell-excellence-eiche-hell","status":"publish","type":"product","link":"https:\/\/swissmassage.weprocess.dev\/de\/produits\/spa-liege-modell-excellence-eiche-hell\/","title":{"rendered":"SPA-Liege Modell Excellence Eiche hell"},"content":{"rendered":"<h2>SPA-Liege Excellence Eiche hell.<\/h2>\n<p><span class=\"violet2\" style=\"font-size: 10pt;\">Hervorragendes elektrisches SPA-Bett.<br \/>\n<\/span><span style=\"font-size: 10pt;\"><span style=\"color: #000000;\">4 sehr schnelle und leise Motoren mit wasserdichter Fernbedienung.<br \/>\n<\/span><span style=\"color: #000000;\">Inklusive 2 Motoren zum Einstellen der H\u00f6he der Massageliege von 68 cm bis 88 cm.<br \/>\n<\/span><span style=\"color: #000000;\">Und die Neigung der SPA-Liege.<br \/>\n<\/span><span style=\"color: #000000;\">1 Motor zum Verstellen der R\u00fcckenlehne des SPA-Bettes in sitzender Position.<br \/>\n<\/span><span style=\"color: #000000;\">1 Motor erm\u00f6glicht es Ihnen, die Beine anzuheben, um den unteren R\u00fccken zu entlasten.<br \/>\n<\/span><span style=\"color: #000000;\">Flexibler und fester wei\u00dfer Polyurethan-Bezug.<br \/>\n<\/span><span style=\"color: #000000;\">R\u00fcckenlehne mit Gesichtsloch und Kappe.<br \/>\n<\/span><span style=\"color: #000000;\">Verstellbare Armlehnen f\u00fcr besseren Komfort in Bauchlage.<br \/>\n<\/span><span style=\"color: #000000;\">Spezieller Schaumstoff mit hoher Dichte und zus\u00e4tzlichem Komfort<br \/>\n<\/span><span style=\"color: #000000;\">ca. 12 <span class=\"rouge\">cm<\/span> <\/span><span style=\"color: #000000;\">Sehr komfortabel und effizient.<br \/>\n<\/span><span style=\"color: #000000;\">Ideales Design f\u00fcr Hotels, SPAs und Wellness-Zentren.<br \/>\n<\/span><span style=\"color: #000000;\">Breite der Massageliege 76 cm<br \/>\n<\/span><span style=\"color: #000000;\">L\u00e4nge der Massageliege 198 cm.<br \/>\n<\/span><span style=\"color: #000000;\">H\u00f6he der Massageliege 68 bis 88 cm.<br \/>\n<\/span><span style=\"color: #000000;\">Gewicht der Massageliege 104 kg<br \/>\n<\/span><\/span><span style=\"font-size: 10pt;\">Lieferung in der ganzen Schweiz oder zum Mitnehmen.<\/span><\/p>\n<p>(!)<br \/>\nDie Heizmattenoption dient zum Erw\u00e4rmen der Matratze. Von den Patienten sehr gesch\u00e4tzt, gibt es ein Gef\u00fchl des Wohlbefindens. Die zugef\u00fchrte W\u00e4rme ist diffus und hat keinen therapeutischen Zweck.   F\u00fcr den therapeutischen Einsatz empfehlen wir den Kauf unserer<span style=\"color: #993366;\"> <a style=\"color: #993366;\" href=\"https:\/\/swissmassage.weprocess.dev\/produit\/couverture-chauffante-table-de-massage\/\">Heizdecke<\/a><\/span>, die auf 10 Temperaturstufen einstellbar und mit einem programmierbaren Timer von einer bis zehn Stunden ausgestattet ist, der sich nach Gebrauch automatisch abschaltet.<\/p>\n<h3>Philosophie des SPA-Bettes Excellence Modell helle Eiche:<\/h3>\n<p>Im Herzen eines Spa- oder Wellness-Centers thront das elektrische Spa-Bett Excellence majest\u00e4tisch, eine Oase des Komforts und der Entspannung. Entworfen, um das ultimative Entspannungserlebnis zu bieten, stilvoll und funktional, perfekt f\u00fcr Wellness-Suchende und professionelle Therapeuten.<br \/>\nAusgestattet mit vier leisen und schnellen Motoren, die von einer wasserdichten Fernbedienung gesteuert werden, bietet dieses Spa-Bett eine individuelle Passform f\u00fcr jeden Benutzer. Es erm\u00f6glicht Ihnen, die H\u00f6he der Massageliege und die Neigung der Spa-Liege sowie die sitzende R\u00fcckenlehne und die Beine einzustellen, um die Lendenwirbels\u00e4ule zu entlasten.<br \/>\nDiese Spa-Liege ist mit einem weichen und starken wei\u00dfen Polyurethan \u00fcberzogen und bietet optimalen Komfort. Seine R\u00fcckenlehne mit dezentem Gesichtsloch und verstellbaren Armlehnen sorgt f\u00fcr ein unvergleichliches Entspannungserlebnis. Der spezielle Schaumstoff mit hoher Dichte bietet au\u00dfergew\u00f6hnlichen Halt und h\u00fcllt den K\u00f6rper in einen Kokon der Weichheit.<br \/>\nMit ihren an Patient und Behandler angepassten Ma\u00dfen f\u00fcgt sich diese Spa-Liege harmonisch in jede Spa- oder Wellness-Umgebung ein. Sein elegantes Design aus heller Eiche macht ihn zur idealen Wahl f\u00fcr Einrichtungen, die auf der Suche nach hochwertigen M\u00f6beln sind.<br \/>\nOptional kann eine Heizmatte f\u00fcr ein zus\u00e4tzliches Wohlgef\u00fchl hinzugef\u00fcgt werden. Obwohl diese Funktion nicht therapeutisch ist, wird sie von den Kunden wegen ihrer beruhigenden Wirkung sehr gesch\u00e4tzt.<br \/>\nDas Excellence Light Oak Spa Bed ist robust und zuverl\u00e4ssig und sorgt f\u00fcr ein entspannendes Massageerlebnis f\u00fcr alle G\u00e4ste. Erh\u00e4ltlich mit Lieferung in der ganzen Schweiz oder als Take-Away-Option, stellt es eine hochwertige Investition f\u00fcr jedes Unternehmen dar, das seinen Kunden das Beste in Bezug auf Entspannung und Wohlbefinden bieten m\u00f6chte.  <\/p>\n","protected":false},"excerpt":{"rendered":"<p>SPA-Liege Excellence Eiche hell. Hervorragendes elektrisches SPA-Bett. 4 sehr schnelle und leise Motoren mit wasserdichter Fernbedienung. Inklusive 2 Motoren zum Einstellen der H\u00f6he der Massageliege von 68 cm bis 88 cm. Und die Neigung der SPA-Liege. 1 Motor zum Verstellen der R\u00fcckenlehne des SPA-Bettes in sitzender Position. 1 Motor erm\u00f6glicht es Ihnen, die Beine anzuheben,&hellip;<\/p>\n","protected":false},"featured_media":13938,"template":"","meta":{"_seopress_robots_primary_cat":"none","_seopress_titles_title":"","_seopress_titles_desc":"Ausgestattet mit vier leisen und schnellen Motoren, die von einer wasserdichten Fernbedienung gesteuert werden, bietet dieses Spa-Bett eine individuelle Passform f\u00fcr jeden Benutzer.","_seopress_robots_index":""},"pwb-brand":[],"product_brand":[],"product_cat":[1330,1333,1368,1387,1321],"product_tag":[1445,1441,1444,1446],"product_folder":[987],"class_list":{"0":"post-15314","1":"product","2":"type-product","3":"status-publish","4":"has-post-thumbnail","6":"product_cat-alle-massageliegen-massage-ausstattungen","7":"product_cat-alle-spa-beauty-produkte","8":"product_cat-elektrische-massageliegen","9":"product_cat-spa-liegen","10":"product_cat-unkategorisiert","11":"product_tag-elektrische-massageliege","12":"product_tag-spa-de","13":"product_tag-spa-massageliege","14":"product_tag-spa-einrichtungen","15":"product_shipping_class-versandkosten-inklusive-paket","17":"first","18":"instock","19":"taxable","20":"shipping-taxable","21":"purchasable","22":"product-type-variable","23":"has-default-attributes"},"exclude_global_add_ons":false,"addons":[{"name":"Option f\u00fcr einen sch\u00fctzenden Papierspender","type":"multiple_choice","position":0,"required":false,"title_format":"label","description_enable":false,"description":null,"placeholder_enable":false,"placeholder":null,"display":"images","restrictions_type":"any_text","adjust_price":false,"price":"","price_type":"flat_fee","restrictions":false,"min":0,"max":0,"options":[{"label":"Mit sch\u00fctzendem Papierspender","price":"80","price_type":"flat_fee","image":8613}],"id":1720448967},{"name":"Filzoption unter den F\u00fc\u00dfen, macht es leicht zu bewegen","type":"multiple_choice","position":1,"required":false,"title_format":"label","description_enable":false,"description":null,"placeholder_enable":false,"placeholder":null,"display":"images","restrictions_type":"any_text","adjust_price":false,"price":"","price_type":"flat_fee","restrictions":false,"min":0,"max":0,"options":[{"label":"Mit Filzunterbeinen","price":"24","price_type":"flat_fee","image":8612}],"id":1720448968},{"name":"Option Kopfst\u00fctzen-Kit","type":"multiple_choice","position":2,"required":false,"title_format":"label","description_enable":false,"description":null,"placeholder_enable":false,"placeholder":null,"display":"images","restrictions_type":"any_text","adjust_price":false,"price":"","price_type":"flat_fee","restrictions":false,"min":0,"max":0,"options":[{"label":"Mit kippbarer Kopfst\u00fctze","price":"180","price_type":"flat_fee","image":8619}],"id":1720448969},{"name":"Option f\u00fcr Fu\u00dfschalter","type":"multiple_choice","position":3,"required":false,"title_format":"label","description_enable":false,"description":null,"placeholder_enable":false,"placeholder":null,"display":"images","restrictions_type":"any_text","adjust_price":false,"price":"","price_type":"flat_fee","restrictions":false,"min":0,"max":0,"options":[{"label":"Mit Fu\u00dfschalter","price":"290","price_type":"flat_fee","image":8723}],"id":1720448970},{"name":"Verl\u00e4ngerungsm\u00f6glichkeit +16 cm","type":"multiple_choice","position":4,"required":false,"title_format":"label","description_enable":false,"description":null,"placeholder_enable":false,"placeholder":null,"display":"images","restrictions_type":"any_text","adjust_price":false,"price":"","price_type":"flat_fee","restrictions":false,"min":0,"max":0,"options":[{"label":"Verl\u00e4ngerungsm\u00f6glichkeit +16 cm","price":"260","price_type":"flat_fee","image":19778}],"id":1756972559},{"name":"Finanzierungsm\u00f6glichkeit:","type":"checkbox","position":5,"required":false,"title_format":"label","description_enable":false,"description":null,"placeholder_enable":false,"placeholder":null,"display":"select","restrictions_type":"any_text","adjust_price":false,"price":"","price_type":"flat_fee","restrictions":false,"min":0,"max":0,"options":[{"label":"F\u00fcr Gewerbetreibende besteht die M\u00f6glichkeit einer Finanzierung \u00fcber 24 Monate","price":"","price_type":"flat_fee","image":0}],"id":1720448971}],"brands":[],"_links":{"self":[{"href":"https:\/\/swissmassage.weprocess.dev\/de\/wp-json\/wp\/v2\/product\/15314","targetHints":{"allow":["GET"]}}],"collection":[{"href":"https:\/\/swissmassage.weprocess.dev\/de\/wp-json\/wp\/v2\/product"}],"about":[{"href":"https:\/\/swissmassage.weprocess.dev\/de\/wp-json\/wp\/v2\/types\/product"}],"wp:featuredmedia":[{"embeddable":true,"href":"https:\/\/swissmassage.weprocess.dev\/de\/wp-json\/wp\/v2\/media\/13938"}],"wp:attachment":[{"href":"https:\/\/swissmassage.weprocess.dev\/de\/wp-json\/wp\/v2\/media?parent=15314"}],"wp:term":[{"taxonomy":"pwb-brand","embeddable":true,"href":"https:\/\/swissmassage.weprocess.dev\/de\/wp-json\/wp\/v2\/pwb-brand?post=15314"},{"taxonomy":"product_brand","embeddable":true,"href":"https:\/\/swissmassage.weprocess.dev\/de\/wp-json\/wp\/v2\/product_brand?post=15314"},{"taxonomy":"product_cat","embeddable":true,"href":"https:\/\/swissmassage.weprocess.dev\/de\/wp-json\/wp\/v2\/product_cat?post=15314"},{"taxonomy":"product_tag","embeddable":true,"href":"https:\/\/swissmassage.weprocess.dev\/de\/wp-json\/wp\/v2\/product_tag?post=15314"},{"taxonomy":"product_folder","embeddable":true,"href":"https:\/\/swissmassage.weprocess.dev\/de\/wp-json\/wp\/v2\/product_folder?post=15314"}],"curies":[{"name":"wp","href":"https:\/\/api.w.org\/{rel}","templated":true}]}}