{"id":15285,"date":"2023-05-24T14:47:00","date_gmt":"2023-05-24T14:47:00","guid":{"rendered":"https:\/\/swissmassage.ch\/produit\/armlehne-fur-massageliege-kopfstutze\/"},"modified":"2023-05-24T14:47:00","modified_gmt":"2023-05-24T12:47:00","slug":"armlehne-fur-massageliege-kopfstutze","status":"publish","type":"product","link":"https:\/\/swissmassage.weprocess.dev\/de\/produits\/armlehne-fur-massageliege-kopfstutze\/","title":{"rendered":"Armlehne f\u00fcr Massageliege Kopfst\u00fctze"},"content":{"rendered":"<h2 style=\"text-align: left;\">Weiche Armlehne f\u00fcr Kopfst\u00fctze der Massageliege<\/h2>\n<p><span style=\"font-size: 10pt;\">Durch die Abst\u00fctzung der Arme erh\u00f6ht die Armlehne sp\u00fcrbar den Komfort des Gesichts, indem der Druck auf die Nasennebenh\u00f6hlen und Wangenknochen reduziert wird.  <\/span><span style=\"font-size: 10pt;\">Es verhindert, dass die Nase verstopft wird, wenn sich der Patient in Bauchlage befindet.<\/span><br \/>\n<span style=\"font-size: 10pt;\">Einfacher Velcro-Verschluss.<\/span><\/p>\n","protected":false},"excerpt":{"rendered":"<p>Weiche Armlehne f\u00fcr Kopfst\u00fctze der Massageliege Durch die Abst\u00fctzung der Arme erh\u00f6ht die Armlehne sp\u00fcrbar den Komfort des Gesichts, indem der Druck auf die Nasennebenh\u00f6hlen und Wangenknochen reduziert wird. Es verhindert, dass die Nase verstopft wird, wenn sich der Patient in Bauchlage befindet. Einfacher Velcro-Verschluss.<\/p>\n","protected":false},"featured_media":19056,"template":"","meta":{"_seopress_robots_primary_cat":"none","_seopress_titles_title":"Weiche Armlehne f\u00fcr Kopfst\u00fctze der Massageliege","_seopress_titles_desc":"Durch die Abst\u00fctzung der Arme erh\u00f6ht die Armlehne sp\u00fcrbar den Komfort des Gesichts, indem der Druck auf die Nasennebenh\u00f6hlen und Wangenknochen reduziert wird.","_seopress_robots_index":""},"pwb-brand":[],"product_brand":[],"product_cat":[1345,1336],"product_tag":[],"product_folder":[1030],"class_list":{"0":"post-15285","1":"product","2":"type-product","3":"status-publish","4":"has-post-thumbnail","6":"product_cat-alles-massagezubehor","7":"product_cat-zubehor-fur-massageliegen","9":"first","10":"instock","11":"taxable","12":"shipping-taxable","13":"purchasable","14":"product-type-variable"},"exclude_global_add_ons":[],"addons":[],"brands":[],"_links":{"self":[{"href":"https:\/\/swissmassage.weprocess.dev\/de\/wp-json\/wp\/v2\/product\/15285","targetHints":{"allow":["GET"]}}],"collection":[{"href":"https:\/\/swissmassage.weprocess.dev\/de\/wp-json\/wp\/v2\/product"}],"about":[{"href":"https:\/\/swissmassage.weprocess.dev\/de\/wp-json\/wp\/v2\/types\/product"}],"wp:featuredmedia":[{"embeddable":true,"href":"https:\/\/swissmassage.weprocess.dev\/de\/wp-json\/wp\/v2\/media\/19056"}],"wp:attachment":[{"href":"https:\/\/swissmassage.weprocess.dev\/de\/wp-json\/wp\/v2\/media?parent=15285"}],"wp:term":[{"taxonomy":"pwb-brand","embeddable":true,"href":"https:\/\/swissmassage.weprocess.dev\/de\/wp-json\/wp\/v2\/pwb-brand?post=15285"},{"taxonomy":"product_brand","embeddable":true,"href":"https:\/\/swissmassage.weprocess.dev\/de\/wp-json\/wp\/v2\/product_brand?post=15285"},{"taxonomy":"product_cat","embeddable":true,"href":"https:\/\/swissmassage.weprocess.dev\/de\/wp-json\/wp\/v2\/product_cat?post=15285"},{"taxonomy":"product_tag","embeddable":true,"href":"https:\/\/swissmassage.weprocess.dev\/de\/wp-json\/wp\/v2\/product_tag?post=15285"},{"taxonomy":"product_folder","embeddable":true,"href":"https:\/\/swissmassage.weprocess.dev\/de\/wp-json\/wp\/v2\/product_folder?post=15285"}],"curies":[{"name":"wp","href":"https:\/\/api.w.org\/{rel}","templated":true}]}}