{"id":15284,"date":"2023-05-24T14:46:06","date_gmt":"2023-05-24T14:46:06","guid":{"rendered":"https:\/\/swissmassage.ch\/produit\/modell-optimale-elektrische-massageliege-swissmassage\/"},"modified":"2023-05-24T14:46:06","modified_gmt":"2023-05-24T12:46:06","slug":"modell-optimale-elektrische-massageliege-swissmassage","status":"publish","type":"product","link":"https:\/\/swissmassage.weprocess.dev\/de\/produits\/modell-optimale-elektrische-massageliege-swissmassage\/","title":{"rendered":"Elektrische Massageliege Modell Optimale"},"content":{"rendered":"<h2><strong>Elektrische Massageliege mit 3 Motoren Modell Optimale.<\/strong><\/h2>\n<p>  3 sehr schnelle und leise Motoren mit Handsteuerung. Der 1. Motor stellt die H\u00f6he der Massageliege von 55 cm bis 90 cm ein.<br \/>\nDer 2. Motor hebt die R\u00fcckenlehne der Massageliege in eine sitzende Position an und erm\u00f6glicht eine Umkehrung.<br \/>\nDer 3. Motor hebt die Beine an, um die Lendenwirbelmuskulatur zu entlasten.<br \/>\nR\u00fcckenlehne mit Gesichtsloch.<br \/>\nGesichtskappe.<br \/>\nVerstellbare Armlehnen f\u00fcr optimalen Komfort.      Nackenkissen. Breite der Massageliege 74cm.<br \/>\nVersenkbare Armlehnen k\u00f6nnen auch in \u00e4sthetischen Zwecken verwendet werden.<br \/>\nSehr bequemer und effektiver 8,5 cm Schaumstoff mit hoher Dichte.<br \/>\nL\u00e4nge der Massageliege 200cm Breite der Massageliege 74cm.<br \/>\n2 einziehbare Armlehnen 10cm.<br \/>\nGewicht der Massageliege 85Kg.<br \/>\nUnterst\u00fctzung bei der Pr\u00fcfungsarbeit.<br \/>\nMit der Optimal elektrischen Massageliege bieten wir auch das Rollen-Kit im Wert von 200.- an, um die Massageliege zu entriegeln und sie leicht bewegen zu lassen.         <\/p>\n<h3>Philosophie der optimalen Modellmassageliege:<\/h3>\n<p>  Die elektrische Massageliege Optimal ist mit drei schnellen und leisen Motoren ausgestattet, die eine pr\u00e4zise Steuerung von H\u00f6he, R\u00fcckenlehne und Beinen erm\u00f6glichen.<br \/>\nEs verf\u00fcgt au\u00dferdem \u00fcber eine verstellbare R\u00fcckenlehne mit Umkehrung, einen Beinheber zur Entlastung der Lendenwirbels\u00e4ule und eine R\u00fcckenlehne mit Gesichtsloch und Gesichtsstopfen f\u00fcr den Komfort des Kunden.<br \/>\nDie Armlehnen sind verstellbar und abnehmbar, ein Nackenkissen ist f\u00fcr optimalen Komfort im Lieferumfang enthalten.<br \/>\nDie Armlehnen sind versenkbar und bieten Vielseitigkeit f\u00fcr verschiedene Arten von Behandlungen.<br \/>\nDer hochdichte Schaumstoff bietet bequemen Halt, w\u00e4hrend die gro\u00dfz\u00fcgige Breite gen\u00fcgend Platz zum Arbeiten bietet.<br \/>\nEin Halter f\u00fcr Pr\u00fcfungspapier ist im Lieferumfang enthalten, um die Arbeitsumgebung sauber und organisiert zu halten.<br \/>\nDas Rollen-Kit ist f\u00fcr eine einfache Bewegung im Lieferumfang enthalten.<br \/>\nDie Lieferung ist in der ganzen Schweiz oder als Take-Away-Option m\u00f6glich.       <\/p>\n","protected":false},"excerpt":{"rendered":"<p>Elektrische Massageliege mit 3 Motoren Modell Optimale. 3 sehr schnelle und leise Motoren mit Handsteuerung. Der 1. Motor stellt die H\u00f6he der Massageliege von 55 cm bis 90 cm ein. Der 2. Motor hebt die R\u00fcckenlehne der Massageliege in eine sitzende Position an und erm\u00f6glicht eine Umkehrung. Der 3. Motor hebt die Beine an, um&hellip;<\/p>\n","protected":false},"featured_media":13800,"template":"","meta":{"_seopress_robots_primary_cat":"none","_seopress_titles_title":"","_seopress_titles_desc":"Die elektrische Massageliege Optimale ist mit drei schnellen und leisen Motoren ausgestattet, die eine pr\u00e4zise Steuerung von H\u00f6he, R\u00fcckenlehne und Beinen erm\u00f6glichen.","_seopress_robots_index":""},"pwb-brand":[],"product_brand":[],"product_cat":[1330,1368],"product_tag":[1445,1435,1443,1571],"product_folder":[994],"class_list":{"0":"post-15284","1":"product","2":"type-product","3":"status-publish","4":"has-post-thumbnail","6":"product_cat-alle-massageliegen-massage-ausstattungen","7":"product_cat-elektrische-massageliegen","8":"product_tag-elektrische-massageliege","9":"product_tag-massage-de","10":"product_tag-massageliege","11":"product_tag-pflegetisch","13":"first","14":"instock","15":"taxable","16":"shipping-taxable","17":"purchasable","18":"product-type-simple"},"exclude_global_add_ons":false,"addons":[{"name":"Option f\u00fcr Fu\u00dfschalter","type":"multiple_choice","position":0,"required":false,"title_format":"label","description_enable":false,"description":null,"placeholder_enable":false,"placeholder":null,"display":"images","restrictions_type":"any_text","adjust_price":false,"price":"","price_type":"flat_fee","restrictions":false,"min":0,"max":0,"options":[{"label":"Mit Fu\u00dfschalter","price":"250","price_type":"flat_fee","image":8624}],"id":1720449800},{"name":"Option Kopfst\u00fctzen-Kit","type":"multiple_choice","position":1,"required":false,"title_format":"label","description_enable":false,"description":null,"placeholder_enable":false,"placeholder":null,"display":"images","restrictions_type":"any_text","adjust_price":false,"price":"","price_type":"flat_fee","restrictions":false,"min":0,"max":0,"options":[{"label":"Mit kippbarer Kopfst\u00fctze","price":"180","price_type":"flat_fee","image":8713}],"id":1720449801},{"name":"Option aus Filz unter den F\u00fc\u00dfen","type":"multiple_choice","position":2,"required":false,"title_format":"label","description_enable":false,"description":null,"placeholder_enable":false,"placeholder":null,"display":"images","restrictions_type":"any_text","adjust_price":false,"price":"","price_type":"flat_fee","restrictions":false,"min":0,"max":0,"options":[{"label":"Mit Filzunterbeinen","price":"24","price_type":"flat_fee","image":8612}],"id":1720449802},{"name":"Finanzierungsm\u00f6glichkeit","type":"checkbox","position":3,"required":false,"title_format":"label","description_enable":false,"description":null,"placeholder_enable":false,"placeholder":null,"display":"select","restrictions_type":"any_text","adjust_price":false,"price":"","price_type":"flat_fee","restrictions":false,"min":0,"max":0,"options":[{"label":"F\u00fcr Gewerbetreibende besteht die M\u00f6glichkeit einer Finanzierung \u00fcber 24 Monate","price":"","price_type":"flat_fee","image":0}],"id":1720449803}],"brands":[],"_links":{"self":[{"href":"https:\/\/swissmassage.weprocess.dev\/de\/wp-json\/wp\/v2\/product\/15284","targetHints":{"allow":["GET"]}}],"collection":[{"href":"https:\/\/swissmassage.weprocess.dev\/de\/wp-json\/wp\/v2\/product"}],"about":[{"href":"https:\/\/swissmassage.weprocess.dev\/de\/wp-json\/wp\/v2\/types\/product"}],"wp:featuredmedia":[{"embeddable":true,"href":"https:\/\/swissmassage.weprocess.dev\/de\/wp-json\/wp\/v2\/media\/13800"}],"wp:attachment":[{"href":"https:\/\/swissmassage.weprocess.dev\/de\/wp-json\/wp\/v2\/media?parent=15284"}],"wp:term":[{"taxonomy":"pwb-brand","embeddable":true,"href":"https:\/\/swissmassage.weprocess.dev\/de\/wp-json\/wp\/v2\/pwb-brand?post=15284"},{"taxonomy":"product_brand","embeddable":true,"href":"https:\/\/swissmassage.weprocess.dev\/de\/wp-json\/wp\/v2\/product_brand?post=15284"},{"taxonomy":"product_cat","embeddable":true,"href":"https:\/\/swissmassage.weprocess.dev\/de\/wp-json\/wp\/v2\/product_cat?post=15284"},{"taxonomy":"product_tag","embeddable":true,"href":"https:\/\/swissmassage.weprocess.dev\/de\/wp-json\/wp\/v2\/product_tag?post=15284"},{"taxonomy":"product_folder","embeddable":true,"href":"https:\/\/swissmassage.weprocess.dev\/de\/wp-json\/wp\/v2\/product_folder?post=15284"}],"curies":[{"name":"wp","href":"https:\/\/api.w.org\/{rel}","templated":true}]}}