{"id":15283,"date":"2023-05-24T14:46:16","date_gmt":"2023-05-24T12:46:16","guid":{"rendered":"https:\/\/swissmassage.ch\/produit\/asthetik-stuhl-modell-venus\/"},"modified":"2023-05-24T14:46:16","modified_gmt":"2023-05-24T12:46:16","slug":"asthetik-stuhl-modell-venus","status":"publish","type":"product","link":"https:\/\/swissmassage.weprocess.dev\/de\/produits\/asthetik-stuhl-modell-venus\/","title":{"rendered":"\u00c4sthetikstuhl Modell Venus"},"content":{"rendered":"<h2>\u00c4sthetikstuhl Modell Venus Cosmos Design.<\/h2>\n<p><span style=\"font-size: 10pt;\">3 leise Motoren mit wasserdichter Fernbedienung <\/span><span style=\"font-size: 10pt;\">Der 1. Motor stellt die H\u00f6he der Massageliege von 60 cm bis 84 cm ein. <\/span><span style=\"font-size: 10pt;\">Der 2. Motor hebt die R\u00fcckenlehne der Massageliege in eine sitzende Position. <\/span> <span style=\"font-size: 10pt;\">Mit dem 3. Motor k\u00f6nnen Sie auf die Waage oder Wippe einwirken.<br \/>\nDas Beinkissen kann mit einer Gasfeder zur\u00fcckgelehnt werden.   <\/span><span style=\"font-size: 10pt;\">Flexibler und fester wei\u00dfer Polyurethan-Bezug. <\/span><span style=\"font-size: 10pt;\">8,5 cm Schaumstoff mit hoher Dichte ist sehr bequem und effektiv. <\/span><span style=\"font-size: 10pt;\">\u00c4sthetische Optik. <\/span><span style=\"font-size: 10pt;\">Die Form der ergonomischen Massageliege passt sich dem K\u00f6rper des Patienten an. <\/span><span style=\"font-size: 10pt;\">Breite der Massageliege 58 cm + 10 cm auf jeder Seite dank der einziehbaren Armlehnen. <\/span><span style=\"font-size: 10pt;\">L\u00e4nge der Massageliege 192 cm. <\/span><span style=\"font-size: 10pt;\">H\u00f6he der Massageliege einstellbar von 60 cm bis 84 cm <span style=\"font-size: 10pt;\">Gewicht der Massageliege 75 kg.<\/span><\/span><\/p>\n","protected":false},"excerpt":{"rendered":"<p>\u00c4sthetikstuhl Modell Venus Cosmos Design. 3 leise Motoren mit wasserdichter Fernbedienung Der 1. Motor stellt die H\u00f6he der Massageliege von 60 cm bis 84 cm ein. Der 2. Motor hebt die R\u00fcckenlehne der Massageliege in eine sitzende Position. Mit dem 3. Motor k\u00f6nnen Sie auf die Waage oder Wippe einwirken. Das Beinkissen kann mit einer&hellip;<\/p>\n","protected":false},"featured_media":14124,"template":"","meta":{"_seopress_robots_primary_cat":"1132","_seopress_titles_title":"","_seopress_titles_desc":"Venus Cosmos Design-Sessel.\nBreite der Massageliege 58 cm + 10 cm auf jeder Seite dank der einziehbaren Armlehnen. ","_seopress_robots_index":""},"pwb-brand":[],"product_brand":[],"product_cat":[1332,1350],"product_tag":[1440,1455,1530],"product_folder":[1019],"class_list":{"0":"post-15283","1":"product","2":"type-product","3":"status-publish","4":"has-post-thumbnail","6":"product_cat-alle-asthetischen-artikel","7":"product_cat-asthetik-behandlungsstuhle","8":"product_tag-asthetisch","9":"product_tag-lehnstuhl","10":"product_tag-stuhl-fur-schonheitsbehandlungen","12":"first","13":"instock","14":"taxable","15":"shipping-taxable","16":"purchasable","17":"product-type-simple"},"exclude_global_add_ons":false,"addons":[{"name":"Optionen","type":"checkbox","position":0,"required":false,"title_format":"label","description_enable":false,"description":null,"placeholder_enable":false,"placeholder":"","display":"select","restrictions_type":"any_text","adjust_price":false,"price":"","price_type":"flat_fee","restrictions":false,"min":0,"max":0,"options":[{"label":"Papier-Spender","price":"60.00","price_type":"flat_fee","image":0},{"label":"Filz unter den F\u00fc\u00dfen","price":"30.00","price_type":"flat_fee","image":0}],"id":1704381889}],"brands":[],"_links":{"self":[{"href":"https:\/\/swissmassage.weprocess.dev\/de\/wp-json\/wp\/v2\/product\/15283","targetHints":{"allow":["GET"]}}],"collection":[{"href":"https:\/\/swissmassage.weprocess.dev\/de\/wp-json\/wp\/v2\/product"}],"about":[{"href":"https:\/\/swissmassage.weprocess.dev\/de\/wp-json\/wp\/v2\/types\/product"}],"wp:featuredmedia":[{"embeddable":true,"href":"https:\/\/swissmassage.weprocess.dev\/de\/wp-json\/wp\/v2\/media\/14124"}],"wp:attachment":[{"href":"https:\/\/swissmassage.weprocess.dev\/de\/wp-json\/wp\/v2\/media?parent=15283"}],"wp:term":[{"taxonomy":"pwb-brand","embeddable":true,"href":"https:\/\/swissmassage.weprocess.dev\/de\/wp-json\/wp\/v2\/pwb-brand?post=15283"},{"taxonomy":"product_brand","embeddable":true,"href":"https:\/\/swissmassage.weprocess.dev\/de\/wp-json\/wp\/v2\/product_brand?post=15283"},{"taxonomy":"product_cat","embeddable":true,"href":"https:\/\/swissmassage.weprocess.dev\/de\/wp-json\/wp\/v2\/product_cat?post=15283"},{"taxonomy":"product_tag","embeddable":true,"href":"https:\/\/swissmassage.weprocess.dev\/de\/wp-json\/wp\/v2\/product_tag?post=15283"},{"taxonomy":"product_folder","embeddable":true,"href":"https:\/\/swissmassage.weprocess.dev\/de\/wp-json\/wp\/v2\/product_folder?post=15283"}],"curies":[{"name":"wp","href":"https:\/\/api.w.org\/{rel}","templated":true}]}}