{"id":15282,"date":"2023-05-24T14:47:13","date_gmt":"2023-05-24T14:47:13","guid":{"rendered":"https:\/\/swissmassage.ch\/produit\/bobath-liege-extra-gross\/"},"modified":"2025-12-05T14:37:54","modified_gmt":"2025-12-05T13:37:54","slug":"bobath-liege-extra-gross","status":"publish","type":"product","link":"https:\/\/swissmassage.weprocess.dev\/de\/produits\/bobath-liege-extra-gross\/","title":{"rendered":"Extra gro\u00dfe elektrische Bobath-Liege 120cm"},"content":{"rendered":"<h2>Bobath Extra Large Massageliege mit 2 Platten<\/h2>\n<p><span style=\"font-size: 10pt; color: #bc0f4d;\">Gr\u00f6\u00dfe: 189 cm lang und 120 cm breit mit hochklappbarer R\u00fcckenlehne. <\/span><br \/>\n<span style=\"font-size: 10pt;\">Elektrische Massageliege vom Typ Bobath.<br \/>\n<\/span><span style=\"font-size: 10pt;\">H\u00f6he von 48 bis 94 cm. Motorisiert durch Steuerung der Begrenzungsstange mit F\u00fc\u00dfen.<br \/>\nGewicht 92 kg.<br \/>\nMaximales unterst\u00fctztes Gewicht 225 kg.<br \/>\nNeigung (zwischen -0\u00ba und +75\u00ba) der Kopfst\u00fctze mit der Gasfeder.<br \/>\n5 cm Schaumstoff mit einer Dichte von 36 kg\/m3.<br \/>\n3 Gesichtsl\u00f6cher mit Kappe.<br \/>\nBeschichtung: MED PVC.<br \/>\nZertifizierung nach CE 93\/42\/EWG Medizinprodukterichtlinie.<br \/>\n<\/span><\/p>\n<div style=\"width: 1170px;\" class=\"wp-video\"><video class=\"wp-video-shortcode\" id=\"video-15282-1\" width=\"1170\" height=\"658\" preload=\"auto\" controls=\"controls\"><source type=\"video\/mp4\" src=\"https:\/\/swissmassage.weprocess.dev\/wp-content\/uploads\/Video-Table-Bobath-en-Suisse.mp4?_=1\" \/><a href=\"https:\/\/swissmassage.weprocess.dev\/wp-content\/uploads\/Video-Table-Bobath-en-Suisse.mp4\">https:\/\/swissmassage.weprocess.dev\/wp-content\/uploads\/Video-Table-Bobath-en-Suisse.mp4<\/a><\/video><\/div>\n","protected":false},"excerpt":{"rendered":"<p>Bobath Extra Large Massageliege mit 2 Platten Gr\u00f6\u00dfe: 189 cm lang und 120 cm breit mit hochklappbarer R\u00fcckenlehne. Elektrische Massageliege vom Typ Bobath. H\u00f6he von 48 bis 94 cm. Motorisiert durch Steuerung der Begrenzungsstange mit F\u00fc\u00dfen. Gewicht 92 kg. Maximales unterst\u00fctztes Gewicht 225 kg. Neigung (zwischen -0\u00ba und +75\u00ba) der Kopfst\u00fctze mit der Gasfeder. 5&hellip;<\/p>\n","protected":false},"featured_media":14514,"template":"","meta":{"_seopress_robots_primary_cat":"none","_seopress_titles_title":"","_seopress_titles_desc":"Bobath Extra Gro\u00dfe Massageliege mit 2 Platten. H\u00f6he von 48 bis 94 cm, motorisiert durch Steuerung der Begrenzungsstange mit F\u00fc\u00dfen. ","_seopress_robots_index":""},"pwb-brand":[],"product_brand":[],"product_cat":[1331,1380,1366],"product_tag":[1487,1488,1411,1526,1486],"product_folder":[1006],"class_list":{"0":"post-15282","1":"product","2":"type-product","3":"status-publish","4":"has-post-thumbnail","6":"product_cat-alle-physio-medizinischen-artikel","7":"product_cat-bobath-massageliegen","8":"product_cat-thai-und-shiatsu-massageliege","9":"product_tag-bobath-de","10":"product_tag-bobath-liege","11":"product_tag-medizinisch","12":"product_tag-physio-liege-de","13":"product_tag-physiotherapeut","15":"first","16":"instock","17":"sale","18":"taxable","19":"shipping-taxable","20":"purchasable","21":"product-type-simple"},"exclude_global_add_ons":[],"addons":[],"brands":[],"_links":{"self":[{"href":"https:\/\/swissmassage.weprocess.dev\/de\/wp-json\/wp\/v2\/product\/15282","targetHints":{"allow":["GET"]}}],"collection":[{"href":"https:\/\/swissmassage.weprocess.dev\/de\/wp-json\/wp\/v2\/product"}],"about":[{"href":"https:\/\/swissmassage.weprocess.dev\/de\/wp-json\/wp\/v2\/types\/product"}],"wp:featuredmedia":[{"embeddable":true,"href":"https:\/\/swissmassage.weprocess.dev\/de\/wp-json\/wp\/v2\/media\/14514"}],"wp:attachment":[{"href":"https:\/\/swissmassage.weprocess.dev\/de\/wp-json\/wp\/v2\/media?parent=15282"}],"wp:term":[{"taxonomy":"pwb-brand","embeddable":true,"href":"https:\/\/swissmassage.weprocess.dev\/de\/wp-json\/wp\/v2\/pwb-brand?post=15282"},{"taxonomy":"product_brand","embeddable":true,"href":"https:\/\/swissmassage.weprocess.dev\/de\/wp-json\/wp\/v2\/product_brand?post=15282"},{"taxonomy":"product_cat","embeddable":true,"href":"https:\/\/swissmassage.weprocess.dev\/de\/wp-json\/wp\/v2\/product_cat?post=15282"},{"taxonomy":"product_tag","embeddable":true,"href":"https:\/\/swissmassage.weprocess.dev\/de\/wp-json\/wp\/v2\/product_tag?post=15282"},{"taxonomy":"product_folder","embeddable":true,"href":"https:\/\/swissmassage.weprocess.dev\/de\/wp-json\/wp\/v2\/product_folder?post=15282"}],"curies":[{"name":"wp","href":"https:\/\/api.w.org\/{rel}","templated":true}]}}