{"id":15280,"date":"2023-05-24T14:47:31","date_gmt":"2023-05-24T12:47:31","guid":{"rendered":"https:\/\/swissmassage.ch\/produit\/aufbewahrungs-hangematte-massageliege\/"},"modified":"2025-04-29T09:56:26","modified_gmt":"2025-04-29T07:56:26","slug":"aufbewahrungs-hangematte-massageliege","status":"publish","type":"product","link":"https:\/\/swissmassage.weprocess.dev\/de\/produits\/aufbewahrungs-hangematte-massageliege\/","title":{"rendered":"Aufbewahrung H\u00e4ngematte Massageliege"},"content":{"rendered":"<h2>Aufbewahrungsh\u00e4ngematte f\u00fcr klappbare Massageliegen.<\/h2>\n<p style=\"text-align: justify;\">Aufbewahrungsh\u00e4ngematte f\u00fcr Massagezubeh\u00f6r.<\/p>\n","protected":false},"excerpt":{"rendered":"<p>Aufbewahrungsh\u00e4ngematte f\u00fcr klappbare Massageliegen. Aufbewahrungsh\u00e4ngematte f\u00fcr Massagezubeh\u00f6r.<\/p>\n","protected":false},"featured_media":11525,"template":"","meta":{"_seopress_robots_primary_cat":"none","_seopress_titles_title":"","_seopress_titles_desc":"Bewahren Sie Ihr Massagezubeh\u00f6r einfach unter Ihrer klappbaren Massageliege mit unserer Aufbewahrungsh\u00e4ngematte auf.","_seopress_robots_index":""},"pwb-brand":[],"product_brand":[],"product_cat":[1345,1336],"product_tag":[],"product_folder":[1030],"class_list":{"0":"post-15280","1":"product","2":"type-product","3":"status-publish","4":"has-post-thumbnail","6":"product_cat-alles-massagezubehor","7":"product_cat-zubehor-fur-massageliegen","9":"first","10":"instock","11":"taxable","12":"shipping-taxable","13":"purchasable","14":"product-type-simple"},"exclude_global_add_ons":[],"addons":[],"brands":[],"_links":{"self":[{"href":"https:\/\/swissmassage.weprocess.dev\/de\/wp-json\/wp\/v2\/product\/15280","targetHints":{"allow":["GET"]}}],"collection":[{"href":"https:\/\/swissmassage.weprocess.dev\/de\/wp-json\/wp\/v2\/product"}],"about":[{"href":"https:\/\/swissmassage.weprocess.dev\/de\/wp-json\/wp\/v2\/types\/product"}],"wp:featuredmedia":[{"embeddable":true,"href":"https:\/\/swissmassage.weprocess.dev\/de\/wp-json\/wp\/v2\/media\/11525"}],"wp:attachment":[{"href":"https:\/\/swissmassage.weprocess.dev\/de\/wp-json\/wp\/v2\/media?parent=15280"}],"wp:term":[{"taxonomy":"pwb-brand","embeddable":true,"href":"https:\/\/swissmassage.weprocess.dev\/de\/wp-json\/wp\/v2\/pwb-brand?post=15280"},{"taxonomy":"product_brand","embeddable":true,"href":"https:\/\/swissmassage.weprocess.dev\/de\/wp-json\/wp\/v2\/product_brand?post=15280"},{"taxonomy":"product_cat","embeddable":true,"href":"https:\/\/swissmassage.weprocess.dev\/de\/wp-json\/wp\/v2\/product_cat?post=15280"},{"taxonomy":"product_tag","embeddable":true,"href":"https:\/\/swissmassage.weprocess.dev\/de\/wp-json\/wp\/v2\/product_tag?post=15280"},{"taxonomy":"product_folder","embeddable":true,"href":"https:\/\/swissmassage.weprocess.dev\/de\/wp-json\/wp\/v2\/product_folder?post=15280"}],"curies":[{"name":"wp","href":"https:\/\/api.w.org\/{rel}","templated":true}]}}