{"id":15279,"date":"2023-05-24T14:47:26","date_gmt":"2023-05-24T14:47:26","guid":{"rendered":"https:\/\/swissmassage.ch\/produit\/baumwoll-bezug-fur-gesichtskissen\/"},"modified":"2026-01-20T15:41:57","modified_gmt":"2026-01-20T14:41:57","slug":"baumwoll-bezug-fur-gesichtskissen","status":"publish","type":"product","link":"https:\/\/swissmassage.weprocess.dev\/de\/produits\/baumwoll-bezug-fur-gesichtskissen\/","title":{"rendered":"Baumwollbezug f\u00fcr Gesichtskissen 4 St\u00fcck"},"content":{"rendered":"<h2 style=\"text-align: justify;\">Bezug f\u00fcr Massageliege Kopfst\u00fctzenkissen<\/h2>\n<p>  Das 4-teilige Paket In der ganzen Schweiz erh\u00e4ltlich.<br \/>\nOder bringen Sie es direkt in unsere Werkstatt. <\/p>\n","protected":false},"excerpt":{"rendered":"<p>Bezug f\u00fcr Massageliege Kopfst\u00fctzenkissen Das 4-teilige Paket In der ganzen Schweiz erh\u00e4ltlich. Oder bringen Sie es direkt in unsere Werkstatt.<\/p>\n","protected":false},"featured_media":11507,"template":"","meta":{"_seopress_robots_primary_cat":"none","_seopress_titles_title":"","_seopress_titles_desc":"Bezug f\u00fcr Kopfst\u00fctzenkissen f\u00fcr Massageliege. Sch\u00fctzen Sie Ihr Gesichtskissen effektiv mit unseren ma\u00dfgefertigten Baumwollbez\u00fcgen.","_seopress_robots_index":""},"pwb-brand":[],"product_brand":[],"product_cat":[1345,1344],"product_tag":[1396,1395,1394],"product_folder":[1017],"class_list":{"0":"post-15279","1":"product","2":"type-product","3":"status-publish","4":"has-post-thumbnail","6":"product_cat-alles-massagezubehor","7":"product_cat-schutzbezuge-fur-massageliegen","8":"product_tag-deckel","9":"product_tag-gesichts","10":"product_tag-schutz","12":"first","13":"instock","14":"taxable","15":"shipping-taxable","16":"purchasable","17":"product-type-simple"},"exclude_global_add_ons":[],"addons":[],"brands":[],"_links":{"self":[{"href":"https:\/\/swissmassage.weprocess.dev\/de\/wp-json\/wp\/v2\/product\/15279","targetHints":{"allow":["GET"]}}],"collection":[{"href":"https:\/\/swissmassage.weprocess.dev\/de\/wp-json\/wp\/v2\/product"}],"about":[{"href":"https:\/\/swissmassage.weprocess.dev\/de\/wp-json\/wp\/v2\/types\/product"}],"wp:featuredmedia":[{"embeddable":true,"href":"https:\/\/swissmassage.weprocess.dev\/de\/wp-json\/wp\/v2\/media\/11507"}],"wp:attachment":[{"href":"https:\/\/swissmassage.weprocess.dev\/de\/wp-json\/wp\/v2\/media?parent=15279"}],"wp:term":[{"taxonomy":"pwb-brand","embeddable":true,"href":"https:\/\/swissmassage.weprocess.dev\/de\/wp-json\/wp\/v2\/pwb-brand?post=15279"},{"taxonomy":"product_brand","embeddable":true,"href":"https:\/\/swissmassage.weprocess.dev\/de\/wp-json\/wp\/v2\/product_brand?post=15279"},{"taxonomy":"product_cat","embeddable":true,"href":"https:\/\/swissmassage.weprocess.dev\/de\/wp-json\/wp\/v2\/product_cat?post=15279"},{"taxonomy":"product_tag","embeddable":true,"href":"https:\/\/swissmassage.weprocess.dev\/de\/wp-json\/wp\/v2\/product_tag?post=15279"},{"taxonomy":"product_folder","embeddable":true,"href":"https:\/\/swissmassage.weprocess.dev\/de\/wp-json\/wp\/v2\/product_folder?post=15279"}],"curies":[{"name":"wp","href":"https:\/\/api.w.org\/{rel}","templated":true}]}}