{"id":15278,"date":"2023-05-24T14:47:28","date_gmt":"2023-05-24T14:47:28","guid":{"rendered":"https:\/\/swissmassage.ch\/produit\/brust-massage-sitzen\/"},"modified":"2025-10-25T17:02:38","modified_gmt":"2025-10-25T15:02:38","slug":"brust-massage-sitzen","status":"publish","type":"product","link":"https:\/\/swissmassage.weprocess.dev\/de\/produits\/brust-massage-sitzen\/","title":{"rendered":"Massage im Sitzen"},"content":{"rendered":"<h2>Tischmassage, Massageb\u00fcste im Sitzen<\/h2>\n<p><strong> Blassgr\u00fcne <\/strong>Polyurethan-Beschichtung, flexibel und stark.<br \/>\nGarantierter Schaumstoff mit hoher Dichte von 6 cm Dicke.<br \/>\nLeichte und starke Struktur.<br \/>\nVerstellbare und h\u00f6henverstellbare Kopfst\u00fctze.<br \/>\nEinfach zu handhaben, in 10 Sekunden zu \u00f6ffnen und zu schlie\u00dfen.<br \/>\nTransportabel, f\u00fcr die Arbeit von zu Hause oder im Gesch\u00e4ft.<br \/>\nMit Tragetasche.<br \/>\nDie Sitzmassage ist durch ihre Einfachheit einfach durchzuf\u00fchren und nicht aufdringlich, da der Patient angezogen bleiben kann. Es wird in Unternehmen mit der Top Massage Tabletop praktiziert, die einfach auf eine Liege gestellt wird.<\/p>\n<h3>Philosophie der sitzenden Massageb\u00fcste des Tischmodells:<\/h3>\n<p>Die Tisch-Sitzmassageb\u00fcste bietet eine bequeme und unaufdringliche L\u00f6sung f\u00fcr Firmen- oder Heimmassagen. Die weiche und widerstandsf\u00e4hige gr\u00fcne Beschichtung sorgt f\u00fcr optimalen Komfort f\u00fcr den Patienten und garantiert gleichzeitig eine einwandfreie Hygiene.<br \/>\nAusgestattet mit einem 6 cm dicken, hochdichten Schaumstoff bietet diese Massageb\u00fcste festen und angenehmen Halt w\u00e4hrend der Sitzung. Seine leichte und dennoch robuste Struktur erm\u00f6glicht eine einfache Handhabung und eine schnelle Installation, wobei das \u00d6ffnen und Schlie\u00dfen in nur 10 Sekunden erfolgt.<br \/>\nDie schwenkbare, h\u00f6henverstellbare Kopfst\u00fctze erm\u00f6glicht eine pr\u00e4zise Anpassung an jeden Patienten und sorgt so f\u00fcr eine bequeme Position w\u00e4hrend der Massage. Dank seiner speziellen Abdeckung ist es leicht zu transportieren und eignet sich ideal f\u00fcr mobile Praktiker oder f\u00fcr Firmenmassagen.<br \/>\nDie Sitzmassage, die von der Tischmassageb\u00fcste angeboten wird, ist eine einfache und unaufdringliche Technik, die es dem Patienten erm\u00f6glicht, angezogen zu bleiben. Es kann direkt auf einer Liege praktiziert werden und bietet maximale Flexibilit\u00e4t f\u00fcr Firmen- oder Heimmassagen.<\/p>\n","protected":false},"excerpt":{"rendered":"<p>Tischmassage, Massageb\u00fcste im Sitzen Blassgr\u00fcne Polyurethan-Beschichtung, flexibel und stark. Garantierter Schaumstoff mit hoher Dichte von 6 cm Dicke. Leichte und starke Struktur. Verstellbare und h\u00f6henverstellbare Kopfst\u00fctze. Einfach zu handhaben, in 10 Sekunden zu \u00f6ffnen und zu schlie\u00dfen. Transportabel, f\u00fcr die Arbeit von zu Hause oder im Gesch\u00e4ft. Mit Tragetasche. Die Sitzmassage ist durch ihre Einfachheit&hellip;<\/p>\n","protected":false},"featured_media":11510,"template":"","meta":{"_seopress_robots_primary_cat":"none","_seopress_titles_title":"","_seopress_titles_desc":"Die Tisch-Sitzmassageb\u00fcste bietet eine bequeme und unaufdringliche L\u00f6sung f\u00fcr Firmen- oder Heimmassagen.","_seopress_robots_index":""},"pwb-brand":[],"product_brand":[],"product_cat":[1330,1362],"product_tag":[1570,1435,1569],"product_folder":[999],"class_list":{"0":"post-15278","1":"product","2":"type-product","3":"status-publish","4":"has-post-thumbnail","6":"product_cat-alle-massageliegen-massage-ausstattungen","7":"product_cat-sitzmassage","8":"product_tag-amma-massage","9":"product_tag-massage-de","10":"product_tag-massage-im-sitzen","12":"first","13":"instock","14":"taxable","15":"shipping-taxable","16":"purchasable","17":"product-type-simple"},"exclude_global_add_ons":[],"addons":[],"brands":[],"_links":{"self":[{"href":"https:\/\/swissmassage.weprocess.dev\/de\/wp-json\/wp\/v2\/product\/15278","targetHints":{"allow":["GET"]}}],"collection":[{"href":"https:\/\/swissmassage.weprocess.dev\/de\/wp-json\/wp\/v2\/product"}],"about":[{"href":"https:\/\/swissmassage.weprocess.dev\/de\/wp-json\/wp\/v2\/types\/product"}],"wp:featuredmedia":[{"embeddable":true,"href":"https:\/\/swissmassage.weprocess.dev\/de\/wp-json\/wp\/v2\/media\/11510"}],"wp:attachment":[{"href":"https:\/\/swissmassage.weprocess.dev\/de\/wp-json\/wp\/v2\/media?parent=15278"}],"wp:term":[{"taxonomy":"pwb-brand","embeddable":true,"href":"https:\/\/swissmassage.weprocess.dev\/de\/wp-json\/wp\/v2\/pwb-brand?post=15278"},{"taxonomy":"product_brand","embeddable":true,"href":"https:\/\/swissmassage.weprocess.dev\/de\/wp-json\/wp\/v2\/product_brand?post=15278"},{"taxonomy":"product_cat","embeddable":true,"href":"https:\/\/swissmassage.weprocess.dev\/de\/wp-json\/wp\/v2\/product_cat?post=15278"},{"taxonomy":"product_tag","embeddable":true,"href":"https:\/\/swissmassage.weprocess.dev\/de\/wp-json\/wp\/v2\/product_tag?post=15278"},{"taxonomy":"product_folder","embeddable":true,"href":"https:\/\/swissmassage.weprocess.dev\/de\/wp-json\/wp\/v2\/product_folder?post=15278"}],"curies":[{"name":"wp","href":"https:\/\/api.w.org\/{rel}","templated":true}]}}