{"id":15276,"date":"2023-05-24T14:47:25","date_gmt":"2023-05-24T12:47:25","guid":{"rendered":"https:\/\/swissmassage.ch\/produit\/wasserdichtes-einweg-massage-spannbetttuch\/"},"modified":"2025-05-07T10:37:48","modified_gmt":"2025-05-07T08:37:48","slug":"wasserdichtes-einweg-massage-spannbetttuch","status":"publish","type":"product","link":"https:\/\/swissmassage.weprocess.dev\/de\/produits\/wasserdichtes-einweg-massage-spannbetttuch\/","title":{"rendered":"10-teiliges wasserdichtes Einweg-Blatt"},"content":{"rendered":"<h2 style=\"text-align: justify;\">Wasserdichtes Einwegtuch f\u00fcr Massageliege<\/h2>\n<p style=\"text-align: left;\"><span style=\"font-size: 10pt;\">  Die Packung mit 10 St\u00fcck Preis: 16.- Wasserdichtes Einwegtuch f\u00fcr Massageliege Abmessungen 180cm x 80cm.<\/span><\/p>\n<p>  In der ganzen Schweiz verf\u00fcgbar.<br \/>\nOder bringen Sie es direkt in unseren Showroom. <\/p>\n","protected":false},"excerpt":{"rendered":"<p>Wasserdichtes Einwegtuch f\u00fcr Massageliege Die Packung mit 10 St\u00fcck Preis: 16.- Wasserdichtes Einwegtuch f\u00fcr Massageliege Abmessungen 180cm x 80cm. In der ganzen Schweiz verf\u00fcgbar. Oder bringen Sie es direkt in unseren Showroom.<\/p>\n","protected":false},"featured_media":15277,"template":"","meta":{"_seopress_robots_primary_cat":"none","_seopress_titles_title":"","_seopress_titles_desc":"Wasserdichtes Einwegtuch f\u00fcr Massageliege.\nDie Packung mit 10 St\u00fcck Preis: 16.-.\nAbmessungen 180 cm x 80 cm.  ","_seopress_robots_index":""},"pwb-brand":[],"product_brand":[],"product_cat":[1345,1344],"product_tag":[1538,1394],"product_folder":[1017],"class_list":{"0":"post-15276","1":"product","2":"type-product","3":"status-publish","4":"has-post-thumbnail","6":"product_cat-alles-massagezubehor","7":"product_cat-schutzbezuge-fur-massageliegen","8":"product_tag-einweg-blatt","9":"product_tag-schutz","11":"first","12":"instock","13":"taxable","14":"shipping-taxable","15":"purchasable","16":"product-type-simple"},"exclude_global_add_ons":[],"addons":[],"brands":[],"_links":{"self":[{"href":"https:\/\/swissmassage.weprocess.dev\/de\/wp-json\/wp\/v2\/product\/15276","targetHints":{"allow":["GET"]}}],"collection":[{"href":"https:\/\/swissmassage.weprocess.dev\/de\/wp-json\/wp\/v2\/product"}],"about":[{"href":"https:\/\/swissmassage.weprocess.dev\/de\/wp-json\/wp\/v2\/types\/product"}],"wp:featuredmedia":[{"embeddable":true,"href":"https:\/\/swissmassage.weprocess.dev\/de\/wp-json\/wp\/v2\/media\/15277"}],"wp:attachment":[{"href":"https:\/\/swissmassage.weprocess.dev\/de\/wp-json\/wp\/v2\/media?parent=15276"}],"wp:term":[{"taxonomy":"pwb-brand","embeddable":true,"href":"https:\/\/swissmassage.weprocess.dev\/de\/wp-json\/wp\/v2\/pwb-brand?post=15276"},{"taxonomy":"product_brand","embeddable":true,"href":"https:\/\/swissmassage.weprocess.dev\/de\/wp-json\/wp\/v2\/product_brand?post=15276"},{"taxonomy":"product_cat","embeddable":true,"href":"https:\/\/swissmassage.weprocess.dev\/de\/wp-json\/wp\/v2\/product_cat?post=15276"},{"taxonomy":"product_tag","embeddable":true,"href":"https:\/\/swissmassage.weprocess.dev\/de\/wp-json\/wp\/v2\/product_tag?post=15276"},{"taxonomy":"product_folder","embeddable":true,"href":"https:\/\/swissmassage.weprocess.dev\/de\/wp-json\/wp\/v2\/product_folder?post=15276"}],"curies":[{"name":"wp","href":"https:\/\/api.w.org\/{rel}","templated":true}]}}