{"id":15275,"date":"2023-05-24T14:48:13","date_gmt":"2023-05-24T12:48:13","guid":{"rendered":"https:\/\/swissmassage.ch\/produit\/reiki-liege-modell-select\/"},"modified":"2023-05-24T14:48:13","modified_gmt":"2023-05-24T12:48:13","slug":"reiki-liege-modell-select","status":"publish","type":"product","link":"https:\/\/swissmassage.weprocess.dev\/de\/produits\/reiki-liege-modell-select\/","title":{"rendered":"Klappbarer Reiki-Liege Modell Select"},"content":{"rendered":"<h2><strong>Reiki Select Liege Gro\u00df 76cm Wei\u00dfe Farbe.<\/strong><\/h2>\n<p> Das Modell Reiki Select ist eine breitere Behandlungsliege als die anderen Modelle, was es neben der Praxis von Reiki auch mit Hypnose oder exotischen Therapien wie der Verwendung von tibetischen Schalen kompatibel macht. Sein 8 cm dicker Schaumstoff bietet maximales Wohlbefinden. Die wei\u00dfe Polyurethanbeschichtung ist geschmeidig und fest und tr\u00e4gt zum Komfortgef\u00fchl bei, indem sie die Eigenschaften des Schaums vollst\u00e4ndig wiederherstellt. All dies veranlasst den Patienten zum Loslassen und erleichtert die Entspannung. Seine Abmessungen von 195 x 76 cm wurden so berechnet, dass sie sowohl korpulente als auch \u00e4ltere Patienten aufnehmen k\u00f6nnen. Die R\u00fcckenlehne kann in 10 Positionen eingestellt werden, von der niedrigsten f\u00fcr die Behandlung der Beine, da sie den ven\u00f6sen R\u00fcckfluss erleichtert, bis zur h\u00f6chsten Position, sitzend f\u00fcr die Aus\u00fcbung der Hypnose. Die R\u00fcckenlehne ist mit einem Gesichtsloch ausgestattet, was ihre Vielseitigkeit f\u00fcr die Kunst der Massage erh\u00f6ht. Es ist einfach zu handhaben, \u00f6ffnet oder schlie\u00dft sich m\u00fchelos in 10 Sekunden. Die Kopfst\u00fctze besteht aus dem ergonomischen Gesichtskissen und der Armlehne, die beide einen hervorragenden Komfort f\u00fcr das Gesicht bei der Behandlung des Patienten in Bauchlage bieten. Er ist verstellbar und kann auch als Kopfst\u00fctze oder als 25 cm lange Verl\u00e4ngerung verwendet werden, die der Liege eine Gesamtl\u00e4nge von 210 cm verleiht, um sehr gro\u00dfe Patienten aufzunehmen. Er kann als Kopfst\u00fctze an der R\u00fcckenlehne montiert werden. Aus offensichtlichen Gr\u00fcnden f\u00fcr die Aus\u00fcbung von Reiki ist die Wahl von edlem Buchenholz unerl\u00e4sslich. Die harten und kompakten Fasern des Buchenholzes erh\u00f6hen die Steifigkeit, ohne das Gesamtgewicht der Liege von 19,5 kg zu belasten, so dass er das Gewicht von Personen bis zu 200 kg tragen kann. Die H\u00f6he l\u00e4sst sich ganz einfach von 65cm bis 85cm verstellen. Die F\u00fc\u00dfe enden in Gummiprotektoren, die den Kontakt mit dem Boden weicher machen. Die Select Reiki-Liege ist das Ergebnis der Entwicklung und Erfahrung, die seit der Gr\u00fcndung der Firma Swissmassage durch Zuh\u00f6ren und Dialog mit Reiki-Therapeuten und -Meistern gesammelt wurde. Er zeichnet sich durch seine Breite von 76cm h\u00f6her als der Standard aus. Es verf\u00fcgt \u00fcber kompatible Holzverst\u00e4rkungsplatten, die es dem Praktizierenden erm\u00f6glichen, im Sitzen zu arbeiten, indem er seine Beine unter die Liege f\u00fchrt. Die Materialien, die f\u00fcr die Herstellung und das Design verwendet werden, entsprechen der Spitze des Sortiments der Reiki-Liegen.                   Swissmassage ist eine eingetragene Marke, die Ihnen die Garantie f\u00fcr Seriosit\u00e4t und Nachverfolgung w\u00e4hrend Ihrer gesamten T\u00e4tigkeit bietet. Unsere Werkstatt verf\u00fcgt \u00fcber Ersatzteile.<br \/>\nIm Falle von Wartungen oder Reparaturen stellen wir Ihnen eine weitere Reiki-Liege zur Verf\u00fcgung   <\/p>\n<h2>Zusammenfassung des Reiki Table Select Model:<\/h2>\n<p> Erh\u00e4ltlich in der ganzen Schweiz, oder nach Vereinbarung in unserem Showroom zum Testen. Extrem weiche und starke wei\u00dfe Polyurethan-Beschichtung. Garantierter Schaumstoff mit hoher Dichte von 8 cm Dicke. Struktur aus edlem Buchenholz, leicht und massiv. Ideale Abmessungen 195 cm lang und 76 cm breit. Massageliege h\u00f6henverstellbar von 65cm bis 85cm. Gewicht der Select Massageliege 19,5 kg Anhebbare R\u00fcckenlehne, in 10 Positionen verstellbar.<br \/>\nKomfortables Gesichtsloch mit abnehmbarer Kappe.  2 Reiki-Paneele f\u00fcr den Komfort des Therapeuten. Sehr stark auch f\u00fcr korpulente Patienten, tr\u00e4gt es 200 kg an Wirkstoffen. Einfach zu handhaben, in 10 Sekunden zu \u00f6ffnen und zu schlie\u00dfen. Tragegriffe im Koffermodus. Neigbare Kopfst\u00fctze auf 2 Achsen, auf beiden Seiten der Massageliege nutzbar.<br \/>\nNeben der erh\u00f6hten R\u00fcckenlehne kann der Patient den Kopf auch im Sitzen ablegen.<br \/>\nSehr weiches Gesichtspolster, das auf einem Velcro montiert ist, um eine pr\u00e4zise Einstellung zu erm\u00f6glichen.<br \/>\nLegt die Arme unter die Kopfst\u00fctze, entlastet das Gesicht.    Aufbewahrung von Zubeh\u00f6r in der Massageliege. Vibrame-Gummif\u00fc\u00dfe, Garantie f\u00fcr Stabilit\u00e4t.<\/p>\n","protected":false},"excerpt":{"rendered":"<p>Reiki Select Liege Gro\u00df 76cm Wei\u00dfe Farbe. Das Modell Reiki Select ist eine breitere Behandlungsliege als die anderen Modelle, was es neben der Praxis von Reiki auch mit Hypnose oder exotischen Therapien wie der Verwendung von tibetischen Schalen kompatibel macht. Sein 8 cm dicker Schaumstoff bietet maximales Wohlbefinden. Die wei\u00dfe Polyurethanbeschichtung ist geschmeidig und fest&hellip;<\/p>\n","protected":false},"featured_media":11318,"template":"","meta":{"_seopress_robots_primary_cat":"288","_seopress_titles_title":"","_seopress_titles_desc":"Das Modell Reiki Select ist eine breitere Behandlungsliege als die anderen Modelle. Sein 8 cm dicker Schaumstoff bietet maximales Wohlbefinden. ","_seopress_robots_index":""},"pwb-brand":[],"product_brand":[],"product_cat":[1365],"product_tag":[1563,1564],"product_folder":[993],"class_list":{"0":"post-15275","1":"product","2":"type-product","3":"status-publish","4":"has-post-thumbnail","6":"product_cat-reiki-liege","7":"product_tag-reiki-de","8":"product_tag-reiki-liege","9":"product_shipping_class-sperrige-swisspost","11":"first","12":"instock","13":"sale","14":"taxable","15":"shipping-taxable","16":"purchasable","17":"product-type-simple"},"exclude_global_add_ons":false,"addons":[{"name":"Option f\u00fcr einen sch\u00fctzenden Papierspender","type":"multiple_choice","position":0,"required":false,"title_format":"label","description_enable":false,"description":null,"placeholder_enable":false,"placeholder":"","display":"images","restrictions_type":"any_text","adjust_price":false,"price":"","price_type":"flat_fee","restrictions":false,"min":0,"max":0,"options":[{"label":"Mit sch\u00fctzendem Papierspender","price":"50","price_type":"flat_fee","image":2573}],"id":1704378819},{"name":"Option mit Tragetasche","type":"multiple_choice","position":1,"required":false,"title_format":"label","description_enable":false,"description":null,"placeholder_enable":false,"placeholder":"","display":"images","restrictions_type":"any_text","adjust_price":false,"price":"","price_type":"flat_fee","restrictions":false,"min":0,"max":0,"options":[{"label":"Mit Transportkoffer","price":"60","price_type":"flat_fee","image":2621}],"id":1704378820}],"brands":[],"_links":{"self":[{"href":"https:\/\/swissmassage.weprocess.dev\/de\/wp-json\/wp\/v2\/product\/15275","targetHints":{"allow":["GET"]}}],"collection":[{"href":"https:\/\/swissmassage.weprocess.dev\/de\/wp-json\/wp\/v2\/product"}],"about":[{"href":"https:\/\/swissmassage.weprocess.dev\/de\/wp-json\/wp\/v2\/types\/product"}],"wp:featuredmedia":[{"embeddable":true,"href":"https:\/\/swissmassage.weprocess.dev\/de\/wp-json\/wp\/v2\/media\/11318"}],"wp:attachment":[{"href":"https:\/\/swissmassage.weprocess.dev\/de\/wp-json\/wp\/v2\/media?parent=15275"}],"wp:term":[{"taxonomy":"pwb-brand","embeddable":true,"href":"https:\/\/swissmassage.weprocess.dev\/de\/wp-json\/wp\/v2\/pwb-brand?post=15275"},{"taxonomy":"product_brand","embeddable":true,"href":"https:\/\/swissmassage.weprocess.dev\/de\/wp-json\/wp\/v2\/product_brand?post=15275"},{"taxonomy":"product_cat","embeddable":true,"href":"https:\/\/swissmassage.weprocess.dev\/de\/wp-json\/wp\/v2\/product_cat?post=15275"},{"taxonomy":"product_tag","embeddable":true,"href":"https:\/\/swissmassage.weprocess.dev\/de\/wp-json\/wp\/v2\/product_tag?post=15275"},{"taxonomy":"product_folder","embeddable":true,"href":"https:\/\/swissmassage.weprocess.dev\/de\/wp-json\/wp\/v2\/product_folder?post=15275"}],"curies":[{"name":"wp","href":"https:\/\/api.w.org\/{rel}","templated":true}]}}