{"id":15274,"date":"2023-05-24T14:48:17","date_gmt":"2023-05-24T12:48:17","guid":{"rendered":"https:\/\/swissmassage.ch\/produit\/reiki-klappbare-massageliege-modell-relax\/"},"modified":"2023-05-24T14:48:17","modified_gmt":"2023-05-24T12:48:17","slug":"reiki-klappbare-massageliege-modell-relax","status":"publish","type":"product","link":"https:\/\/swissmassage.weprocess.dev\/de\/produits\/reiki-klappbare-massageliege-modell-relax\/","title":{"rendered":"Klappbare Reiki-Liege Modell Relax"},"content":{"rendered":"<h2><strong>Leichter tragbarer Reiki-Liege Modell Relax wei\u00dfe Farbe.<\/strong><\/h2>\n<p>  Komfortbreite 72 cm, Schaumstoff 8 cm und 2 JAHRE Garantie.<br \/>\nReiki Relax Modelltisch mit Tragetasche.   <\/p>\n<h2><strong>Technische Eigenschaften der Relax Reiki Liege:<\/strong><\/h2>\n<p> Die Reiki-Liege Modell Relax ist ein Spitzenger\u00e4t, das wie andere Swissmassage-Liegen das beste Preis-Leistungs-Verh\u00e4ltnis bietet. Sein n\u00fcchterner und praktischer Look vereint Eleganz, Wendigkeit und Tragbarkeit. Sein 8 cm dicker Extra-Komfortschaum sorgt f\u00fcr maximales Wohlbefinden und veranlasst den Patienten, loszulassen. Die wei\u00dfe Polyurethan-Beschichtung ist geschmeidig und fest. Es tr\u00e4gt zum Komfortgef\u00fchl bei, indem es die Eigenschaften des Schaums vollst\u00e4ndig wiederherstellt. Seine Abmessungen von 185cm\/72cm wurden berechnet, um den Anforderungen der Reiki-Meister und der k\u00f6rperlichen Entwicklung der Patienten gerecht zu werden. Er ist leicht zu handhaben, \u00f6ffnet oder schlie\u00dft sich m\u00fchelos in 10 Sekunden, dank seiner weichen Griffe in der Hebelarmtechnik. Die verstellbare Kopfst\u00fctze besteht aus einem ergonomischen Gesichtskissen und einer Armlehne, die den Druck auf das Gesicht entlasten, wenn sich der Patient in Bauchlage befindet. Es kann auch als Kopfst\u00fctze und als 25 cm lange Verl\u00e4ngerung f\u00fcr gro\u00dfe Patienten verwendet werden. Sie wird direkt im Inneren der Massageliege reduziert. Das Reiki Relax Modell kann leicht in seiner Tragetasche verstaut werden, die mit Griffen und einem verstellbaren Schultergurt f\u00fcr einen einfachen Transport ausgestattet ist. Die Wahl des edlen Buchenholzes liegt energetisch auf der Hand. Die Struktur, der Rahmen und die Beine der Massageliege, ihre harten und kompakten Fasern erh\u00f6hen die Steifigkeit, ohne 15 kg zu wiegen. Der Holzrahmen kann ein Gewicht von 200 kg tragen. Die Beine verstellen die H\u00f6he des Reiki-Liegen von 65 cm bis 86 cm, sie enden mit Vibram-Gummi unter den F\u00fc\u00dfen, der den Kontakt mit dem Boden weicher macht. Die Relax Reiki Liege ist das Ergebnis der Entwicklung und Erfahrung, die seit der Gr\u00fcndung der Firma Swissmassage im Jahr 2005 erworben wurde, sie ist eines der Ger\u00e4te, die zu unserem ausgezeichneten Ruf beitragen. Es zeichnet sich durch seine Abmessungen 72 cm breit, 185 cm lang + 25 cm f\u00fcr das verstellbare Kopfteil aus. Es hat Verst\u00e4rkungsplatten aus Holz, deren Abmessungen mit der Reiki-Praxis auch im Sitzen kompatibel sind. Die Materialien, die f\u00fcr die Herstellung und das Design verwendet werden, entsprechen den High-End-Standards von faltbaren Reiki-Liegen.                   Swissmassage ist eine eingetragene Marke, die Ihnen die Garantie f\u00fcr Seriosit\u00e4t und Nachverfolgung w\u00e4hrend Ihrer gesamten T\u00e4tigkeit bietet. Unsere Werkstatt verf\u00fcgt \u00fcber Ersatzteile.<br \/>\nIm Falle von Wartungen oder Reparaturen stellen wir Ihnen eine weitere Reiki-Liege zur Verf\u00fcgung.   <\/p>\n<h2>Technische Zusammenfassung der Reiki-Liege Relax Modell<\/h2>\n<p> Extrem weiche und starke wei\u00dfe Polyurethan-Beschichtung. Garantierter Schaumstoff mit hoher Dichte von 8 cm Dicke. Struktur aus edlem Buchenholz, leicht und massiv. Ideale Abmessungen 185 cm lang und 72 cm breit. Massageliege h\u00f6henverstellbar von 65cm bis 85cm. Gewicht der Relax-Massageliege 15 kg 2 Reiki-Platten f\u00fcr den Komfort des Therapeuten. Sehr stark auch f\u00fcr korpulente Patienten, tr\u00e4gt es 200 kg an Wirkstoffen. Einfach zu handhaben, in 10 Sekunden zu \u00f6ffnen und zu schlie\u00dfen. Tragegriffe im Koffermodus. Inklusive Tragetasche.<br \/>\nNeigbare Kopfst\u00fctze auf 2 Achsen, auf beiden Seiten der Massageliege nutzbar.<br \/>\nSehr weiches Gesichtspolster, das auf einem Velcro montiert ist, um eine pr\u00e4zise Einstellung zu erm\u00f6glichen.<br \/>\nLegt die Arme unter die Kopfst\u00fctze, entlastet das Gesicht.    Aufbewahrung von Zubeh\u00f6r in der Massageliege. Vibrame-Gummif\u00fc\u00dfe, Garantie f\u00fcr Stabilit\u00e4t. Erh\u00e4ltlich in der ganzen Schweiz, oder nach Vereinbarung in unserem Showroom zum Testen.<\/p>\n","protected":false},"excerpt":{"rendered":"<p>Leichter tragbarer Reiki-Liege Modell Relax wei\u00dfe Farbe. Komfortbreite 72 cm, Schaumstoff 8 cm und 2 JAHRE Garantie. Reiki Relax Modelltisch mit Tragetasche. Technische Eigenschaften der Relax Reiki Liege: Die Reiki-Liege Modell Relax ist ein Spitzenger\u00e4t, das wie andere Swissmassage-Liegen das beste Preis-Leistungs-Verh\u00e4ltnis bietet. Sein n\u00fcchterner und praktischer Look vereint Eleganz, Wendigkeit und Tragbarkeit. Sein 8&hellip;<\/p>\n","protected":false},"featured_media":11327,"template":"","meta":{"_seopress_robots_primary_cat":"288","_seopress_titles_title":"","_seopress_titles_desc":"Die Reiki-Liege Modell Relax ist ein Spitzenger\u00e4t, das wie andere Swissmassage-Liegen das beste Preis-Leistungs-Verh\u00e4ltnis bietet.","_seopress_robots_index":""},"pwb-brand":[],"product_brand":[],"product_cat":[1365],"product_tag":[1563,1564],"product_folder":[993],"class_list":{"0":"post-15274","1":"product","2":"type-product","3":"status-publish","4":"has-post-thumbnail","6":"product_cat-reiki-liege","7":"product_tag-reiki-de","8":"product_tag-reiki-liege","9":"product_shipping_class-sperrige-swisspost","11":"first","12":"instock","13":"sale","14":"taxable","15":"shipping-taxable","16":"purchasable","17":"product-type-simple"},"exclude_global_add_ons":false,"addons":[{"name":"Inklusive","type":"checkbox","position":0,"required":false,"title_format":"label","description_enable":false,"description":null,"placeholder_enable":false,"placeholder":"","display":"select","restrictions_type":"any_text","adjust_price":false,"price":"","price_type":"flat_fee","restrictions":false,"min":0,"max":0,"options":[{"label":"Kostenlose Tragetasche","price":"","price_type":"flat_fee","image":0}],"id":1704378743}],"brands":[],"_links":{"self":[{"href":"https:\/\/swissmassage.weprocess.dev\/de\/wp-json\/wp\/v2\/product\/15274","targetHints":{"allow":["GET"]}}],"collection":[{"href":"https:\/\/swissmassage.weprocess.dev\/de\/wp-json\/wp\/v2\/product"}],"about":[{"href":"https:\/\/swissmassage.weprocess.dev\/de\/wp-json\/wp\/v2\/types\/product"}],"wp:featuredmedia":[{"embeddable":true,"href":"https:\/\/swissmassage.weprocess.dev\/de\/wp-json\/wp\/v2\/media\/11327"}],"wp:attachment":[{"href":"https:\/\/swissmassage.weprocess.dev\/de\/wp-json\/wp\/v2\/media?parent=15274"}],"wp:term":[{"taxonomy":"pwb-brand","embeddable":true,"href":"https:\/\/swissmassage.weprocess.dev\/de\/wp-json\/wp\/v2\/pwb-brand?post=15274"},{"taxonomy":"product_brand","embeddable":true,"href":"https:\/\/swissmassage.weprocess.dev\/de\/wp-json\/wp\/v2\/product_brand?post=15274"},{"taxonomy":"product_cat","embeddable":true,"href":"https:\/\/swissmassage.weprocess.dev\/de\/wp-json\/wp\/v2\/product_cat?post=15274"},{"taxonomy":"product_tag","embeddable":true,"href":"https:\/\/swissmassage.weprocess.dev\/de\/wp-json\/wp\/v2\/product_tag?post=15274"},{"taxonomy":"product_folder","embeddable":true,"href":"https:\/\/swissmassage.weprocess.dev\/de\/wp-json\/wp\/v2\/product_folder?post=15274"}],"curies":[{"name":"wp","href":"https:\/\/api.w.org\/{rel}","templated":true}]}}