{"id":15273,"date":"2023-05-24T14:48:21","date_gmt":"2023-05-24T12:48:21","guid":{"rendered":"https:\/\/swissmassage.ch\/produit\/reiki-klappbare-liege-model-charm\/"},"modified":"2025-03-10T10:47:40","modified_gmt":"2025-03-10T09:47:40","slug":"reiki-klappbare-liege-model-charm","status":"publish","type":"product","link":"https:\/\/swissmassage.weprocess.dev\/de\/produits\/reiki-klappbare-liege-model-charm\/","title":{"rendered":"Tragbarer Reiki Liege Modell Charme"},"content":{"rendered":"<h2><strong>Awesome Portable Reiki Liege Modell Charm Wei\u00dfe Farbe<\/strong><\/h2>\n<p> Die Charme Reiki Liege ist eine High-End-Behandlungsliege mit ergonomischem Design, die entwickelt wurde, um den Komfort des Patienten mit dem Komfort des Therapeuten zu verbinden, sie vereint Eleganz, Ergonomie und Tragbarkeit. Sein 8 cm gro\u00dfer Extra-Komfortschaum sorgt f\u00fcr maximales Wohlbefinden. Mit seiner wei\u00dfen Polyurethan-Beschichtung, die Geschmeidigkeit und Festigkeit kennzeichnet, tr\u00e4gt es zum Komfortgef\u00fchl bei, indem es die Eigenschaften des Schaums vollst\u00e4ndig wiederherstellt. All dies veranlasst den Patienten zum Loslassen und erleichtert Reiki-Behandlungen. Seine Abmessungen von 195 x 74 cm an den Schultern und 68 cm am Becken wurden berechnet, um Patienten aller Gr\u00f6\u00dfen aufzunehmen und es dem Behandler zu erm\u00f6glichen, n\u00e4her zu bleiben. Es ist einfach zu handhaben, \u00f6ffnet oder schlie\u00dft sich m\u00fchelos in 10 Sekunden. Die Kopfst\u00fctze besteht aus dem ergonomischen Gesichtskissen und der Armlehne, die beide einen hervorragenden Komfort f\u00fcr das Gesicht bei der Behandlung des Patienten in Bauchlage bieten. Er ist verstellbar und kann auch als Kopfst\u00fctze oder als 25 cm lange Verl\u00e4ngerung verwendet werden, was der Liege eine Gesamtl\u00e4nge von 220 cm verleiht, um auch sehr gro\u00dfe Patienten aufzunehmen. Die Wahl von edlem Buchenholz ist aus offensichtlichen Gr\u00fcnden f\u00fcr die Aus\u00fcbung von Reiki notwendig. Die harten und kompakten Fasern des Buchenholzes erh\u00f6hen die Steifigkeit, ohne das Gesamtgewicht der Liege von 15 kg zu belasten, so dass er das Gewicht von Personen bis zu 200 kg tragen kann. Die H\u00f6he l\u00e4sst sich ganz einfach von 65cm bis 86cm verstellen. Die F\u00fc\u00dfe enden in Gummiprotektoren, die den Kontakt mit dem Boden weicher machen. Die Reiki Charm Liege ist das Ergebnis der Entwicklung und Erfahrung, die seit der Gr\u00fcndung der Firma Swissmassage durch Zuh\u00f6ren und Dialog mit den Therapeuten und Reiki-Meistern gesammelt wurde. Er ist einer unserer begehrtesten Tische und eine der Annehmlichkeiten, die zu unserem hervorragenden Ruf beitragen. Er zeichnet sich durch seine Formen aus, die an die des menschlichen K\u00f6rpers erinnern. Es hat Verst\u00e4rkungsplatten aus Holz, die mit der Praxis von Reiki im Sitzen kompatibel sind. Die Materialien, die f\u00fcr die Herstellung und das Design verwendet werden, entsprechen der Spitze des Sortiments der Reiki-Tische.                 Swissmassage ist eine eingetragene Marke, die Ihnen die Garantie f\u00fcr Seriosit\u00e4t und Nachverfolgung w\u00e4hrend Ihrer gesamten T\u00e4tigkeit bietet. Unsere Werkstatt verf\u00fcgt \u00fcber Ersatzteile.<br \/>\nIm Falle von Wartungen oder Reparaturen stellen wir Ihnen eine weitere Reiki-Liege zur Verf\u00fcgung.   <\/p>\n<h2><strong>Technische Zusammenfassung der Charm Reiki Tabelle:<\/strong><\/h2>\n<p> Erh\u00e4ltlich in der ganzen Schweiz, oder nach Vereinbarung in unserem Showroom zum Testen. Extrem weiche und starke wei\u00dfe Polyurethan-Beschichtung. Garantierter Schaumstoff mit hoher Dichte von 8 cm Dicke. Struktur aus edlem Buchenholz, leicht und massiv. Sein erdnussf\u00f6rmiges Design bietet maximalen Komfort sowohl f\u00fcr den Therapeuten als auch f\u00fcr den Patienten.<br \/>\nIdeale Ma\u00dfe: 195 cm lang und 68 cm breit in der Mitte, 74 cm an Schultern und Beinen.  Massageliege h\u00f6henverstellbar von 65cm bis 85cm. Gewicht Ihrer Charme-Massageliege 15 kg.<br \/>\nKomfortables Gesichtsloch mit abnehmbarer Kappe.  2 Reiki-Paneele f\u00fcr den Komfort des Therapeuten. Sehr stark auch f\u00fcr korpulente Patienten, tr\u00e4gt es 200 kg an Wirkstoffen. Einfach zu handhaben, in 10 Sekunden zu \u00f6ffnen und zu schlie\u00dfen. Tragegriffe im Koffermodus. Neigbare Kopfst\u00fctze auf 2 Achsen, auf beiden Seiten der Massageliege nutzbar.<br \/>\nSehr weiches Gesichtspolster, das auf einem Velcro montiert ist, um eine pr\u00e4zise Einstellung zu erm\u00f6glichen.<br \/>\nLegt die Arme unter die Kopfst\u00fctze, entlastet das Gesicht.   Aufbewahrung von Zubeh\u00f6r in der Massageliege. Vibrame-Gummif\u00fc\u00dfe, Garantie f\u00fcr Stabilit\u00e4t.<\/p>\n","protected":false},"excerpt":{"rendered":"<p>Awesome Portable Reiki Liege Modell Charm Wei\u00dfe Farbe Die Charme Reiki Liege ist eine High-End-Behandlungsliege mit ergonomischem Design, die entwickelt wurde, um den Komfort des Patienten mit dem Komfort des Therapeuten zu verbinden, sie vereint Eleganz, Ergonomie und Tragbarkeit. Sein 8 cm gro\u00dfer Extra-Komfortschaum sorgt f\u00fcr maximales Wohlbefinden. Mit seiner wei\u00dfen Polyurethan-Beschichtung, die Geschmeidigkeit und&hellip;<\/p>\n","protected":false},"featured_media":11267,"template":"","meta":{"_seopress_robots_primary_cat":"288","_seopress_titles_title":"","_seopress_titles_desc":"Die Charme Reiki Liege ist eine High-End-Behandlungsliege mit ergonomischem Design, die entwickelt wurde, um den Komfort des Patienten mit dem Komfort des Therapeuten zu verbinden.","_seopress_robots_index":""},"pwb-brand":[],"product_brand":[],"product_cat":[1365],"product_tag":[1563,1564],"product_folder":[993],"class_list":{"0":"post-15273","1":"product","2":"type-product","3":"status-publish","4":"has-post-thumbnail","6":"product_cat-reiki-liege","7":"product_tag-reiki-de","8":"product_tag-reiki-liege","9":"product_shipping_class-sperrige-swisspost","11":"first","12":"instock","13":"sale","14":"taxable","15":"shipping-taxable","16":"purchasable","17":"product-type-simple"},"exclude_global_add_ons":false,"addons":[{"name":"Option mit Tragetasche","type":"multiple_choice","position":0,"required":false,"title_format":"label","description_enable":false,"description":null,"placeholder_enable":false,"placeholder":"","display":"images","restrictions_type":"any_text","adjust_price":false,"price":"","price_type":"flat_fee","restrictions":false,"min":0,"max":0,"options":[{"label":"Mit Transportkoffer","price":"60","price_type":"flat_fee","image":2621}],"id":1704378723},{"name":"Option f\u00fcr einen sch\u00fctzenden Papierspender","type":"multiple_choice","position":1,"required":false,"title_format":"label","description_enable":false,"description":null,"placeholder_enable":false,"placeholder":"","display":"images","restrictions_type":"any_text","adjust_price":false,"price":"","price_type":"flat_fee","restrictions":false,"min":0,"max":0,"options":[{"label":"Mit sch\u00fctzendem Papierspender","price":"50","price_type":"flat_fee","image":2573}],"id":1704378724}],"brands":[],"_links":{"self":[{"href":"https:\/\/swissmassage.weprocess.dev\/de\/wp-json\/wp\/v2\/product\/15273","targetHints":{"allow":["GET"]}}],"collection":[{"href":"https:\/\/swissmassage.weprocess.dev\/de\/wp-json\/wp\/v2\/product"}],"about":[{"href":"https:\/\/swissmassage.weprocess.dev\/de\/wp-json\/wp\/v2\/types\/product"}],"wp:featuredmedia":[{"embeddable":true,"href":"https:\/\/swissmassage.weprocess.dev\/de\/wp-json\/wp\/v2\/media\/11267"}],"wp:attachment":[{"href":"https:\/\/swissmassage.weprocess.dev\/de\/wp-json\/wp\/v2\/media?parent=15273"}],"wp:term":[{"taxonomy":"pwb-brand","embeddable":true,"href":"https:\/\/swissmassage.weprocess.dev\/de\/wp-json\/wp\/v2\/pwb-brand?post=15273"},{"taxonomy":"product_brand","embeddable":true,"href":"https:\/\/swissmassage.weprocess.dev\/de\/wp-json\/wp\/v2\/product_brand?post=15273"},{"taxonomy":"product_cat","embeddable":true,"href":"https:\/\/swissmassage.weprocess.dev\/de\/wp-json\/wp\/v2\/product_cat?post=15273"},{"taxonomy":"product_tag","embeddable":true,"href":"https:\/\/swissmassage.weprocess.dev\/de\/wp-json\/wp\/v2\/product_tag?post=15273"},{"taxonomy":"product_folder","embeddable":true,"href":"https:\/\/swissmassage.weprocess.dev\/de\/wp-json\/wp\/v2\/product_folder?post=15273"}],"curies":[{"name":"wp","href":"https:\/\/api.w.org\/{rel}","templated":true}]}}