{"id":15272,"date":"2023-05-24T14:48:07","date_gmt":"2023-05-24T14:48:07","guid":{"rendered":"https:\/\/swissmassage.ch\/produit\/modell-vicky-elektrische-massageliege-swissmassage\/"},"modified":"2025-10-20T21:20:10","modified_gmt":"2025-10-20T19:20:10","slug":"elektrische-massageliege-modell-vicky-swissmassage","status":"publish","type":"product","link":"https:\/\/swissmassage.weprocess.dev\/de\/produits\/elektrische-massageliege-modell-vicky-swissmassage\/","title":{"rendered":"Elektrische Massageliege Chalet Atmosph\u00e4re Modell Vicky"},"content":{"rendered":"<h2>Vicky Elektrische Massageliege 3 Motoren, Alpes Style.<\/h2>\n<p>Beschreibung:<br \/>\nVicky ist eine vielseitige Behandlungsliege, die in alpine Design-Behandlungszentren wie Hotels oder ausgew\u00e4hlte SPAs passt. Es wird auch von privaten oder professionellen Therapeuten gesch\u00e4tzt, die in intimeren Instituten mit viel Charakter oder einer warmen Atmosph\u00e4re arbeiten.<br \/>\nEs ist mit 3 sehr schnellen und leisen Motoren mit wasserdichter Handfernbedienung ausgestattet.<br \/>\nDer 1. Motor verstellt die H\u00f6he der Massageliege von 62cm bis 95cm.<br \/>\nDer 2. Motor verstellt die R\u00fcckenlehne in sitzender Position.<br \/>\nDer 3. Motor erm\u00f6glicht das Anheben der Beine, um die Lendenwirbels\u00e4ule zu entlasten und den ven\u00f6sen R\u00fcckfluss zu erleichtern.<br \/>\nWeiche und feste Beschichtung aus abwaschbarem wei\u00dfem Polyurethan.<br \/>\nDie 4 Sektionen positionieren den Patienten auf nat\u00fcrliche Weise und bieten ihm einen optimierten Komfort.<br \/>\nDie R\u00fcckenlehne ist mit einem Loch f\u00fcr das Gesicht mit seiner Kappe ausgestattet.<br \/>\nDer spezielle, extra komfortable Mehrschichtschaum 12cm ist sehr effektiv f\u00fcr Massagen.<br \/>\nDie Breite der Massageliege betr\u00e4gt 76 cm, was viel Komfort f\u00fcr anspruchsvolle Patienten bietet.<br \/>\nDie L\u00e4nge betr\u00e4gt 200cm. Die H\u00f6he kann von 62cm\/95cm verstellt werden.<br \/>\nDas Gewicht der Vicky Massageliege betr\u00e4gt 90 kg und sie tr\u00e4gt 200 kg im aktiven Zustand. <\/p>\n<h3>Philosophie der Massageliege Modell Vicky:<\/h3>\n<p>Die elektrische Massageliege Vicky im Alpenstil ist eine vielseitige Option, die sich harmonisch in alpine Design-Behandlungsumgebungen wie Hotels oder High-End-Spas einf\u00fcgt. Es ist auch sehr beliebt bei privaten oder professionellen Therapeuten, die in intimeren Instituten arbeiten und eine warme und einladende Atmosph\u00e4re genie\u00dfen.<br \/>\nMit schnellen, leisen Motoren, begleitet von einer wasserdichten Handfernbedienung, bietet diese Liege eine pr\u00e4zise und komfortable Steuerung f\u00fcr den Praktizierenden.<br \/>\nMit dem ersten Motor kann die H\u00f6he der Massageliege eingestellt werden, so dass ein Bereich vom Boden bis zu einer ergonomischen H\u00f6he m\u00f6glich ist. Der zweite Motor stellt die R\u00fcckenlehne in eine sitzende Position ein, w\u00e4hrend der dritte die Beine anhebt, um die Lendenwirbels\u00e4ule zu entlasten und den ven\u00f6sen R\u00fcckfluss zu f\u00f6rdern.<br \/>\nDie abwaschbare wei\u00dfe Polyurethan-Beschichtung ist sowohl flexibel als auch robust und sorgt f\u00fcr eine pflegeleichte Oberfl\u00e4che. Die Abschnitte der Liege erm\u00f6glichen eine nat\u00fcrliche Positionierung des Patienten und sorgen so f\u00fcr optimalen Komfort w\u00e4hrend der Massagesitzungen.<br \/>\nAusgestattet mit einem Gesichtsloch mit Stopper erleichtert diese Liege Gesichtsbehandlungen. Der spezielle, mehrschichtige Extra-Komfort-Schaum bietet eine effektive Unterst\u00fctzung bei der Massage und bietet optimalen Komfort f\u00fcr den Patienten.<br \/>\nMit einer Breite und L\u00e4nge, die an die Praktiken der klassischen Massagen angepasst sind, bietet die Vicky Massageliege einen komfortablen Raum f\u00fcr eine vielf\u00e4ltige Kundschaft. Sein Gewicht und seine Tragf\u00e4higkeit garantieren seine Festigkeit und Stabilit\u00e4t.  <\/p>\n","protected":false},"excerpt":{"rendered":"<p>Vicky Elektrische Massageliege 3 Motoren, Alpes Style. Beschreibung: Vicky ist eine vielseitige Behandlungsliege, die in alpine Design-Behandlungszentren wie Hotels oder ausgew\u00e4hlte SPAs passt. Es wird auch von privaten oder professionellen Therapeuten gesch\u00e4tzt, die in intimeren Instituten mit viel Charakter oder einer warmen Atmosph\u00e4re arbeiten. Es ist mit 3 sehr schnellen und leisen Motoren mit wasserdichter&hellip;<\/p>\n","protected":false},"featured_media":13980,"template":"","meta":{"_seopress_robots_primary_cat":"286","_seopress_titles_title":"Elektrische Massageliege Modell Vicky - Swissmassage","_seopress_titles_desc":"Vicky ist eine vielseitige Behandlungsliege, die in alpine Design-Behandlungszentren wie Hotels oder ausgew\u00e4hlte SPAs passt.","_seopress_robots_index":""},"pwb-brand":[],"product_brand":[],"product_cat":[1330,1333,1368,1387,1321],"product_tag":[1445,1435,1443,1444],"product_folder":[987],"class_list":{"0":"post-15272","1":"product","2":"type-product","3":"status-publish","4":"has-post-thumbnail","6":"product_cat-alle-massageliegen-massage-ausstattungen","7":"product_cat-alle-spa-beauty-produkte","8":"product_cat-elektrische-massageliegen","9":"product_cat-spa-liegen","10":"product_cat-unkategorisiert","11":"product_tag-elektrische-massageliege","12":"product_tag-massage-de","13":"product_tag-massageliege","14":"product_tag-spa-massageliege","16":"first","17":"instock","18":"taxable","19":"shipping-taxable","20":"purchasable","21":"product-type-simple"},"exclude_global_add_ons":false,"addons":[{"name":"Option f\u00fcr Fu\u00dfschalter","type":"multiple_choice","position":0,"required":false,"title_format":"label","description_enable":false,"description":null,"placeholder_enable":false,"placeholder":null,"display":"images","restrictions_type":"any_text","adjust_price":false,"price":"","price_type":"flat_fee","restrictions":false,"min":0,"max":0,"options":[{"label":"Mit Fu\u00dfschalter","price":"260","price_type":"flat_fee","image":8624}],"id":1720449632},{"name":"Option f\u00fcr einen sch\u00fctzenden Papierspender","type":"multiple_choice","position":1,"required":false,"title_format":"label","description_enable":false,"description":null,"placeholder_enable":false,"placeholder":null,"display":"images","restrictions_type":"any_text","adjust_price":false,"price":"","price_type":"flat_fee","restrictions":false,"min":0,"max":0,"options":[{"label":"Mit sch\u00fctzendem Papierspender","price":"80","price_type":"flat_fee","image":8715}],"id":1720449633},{"name":"Kippbare Kopfst\u00fctze optional","type":"multiple_choice","position":2,"required":false,"title_format":"label","description_enable":false,"description":null,"placeholder_enable":false,"placeholder":null,"display":"images","restrictions_type":"any_text","adjust_price":false,"price":"","price_type":"flat_fee","restrictions":false,"min":0,"max":0,"options":[{"label":"Kippbare Kopfst\u00fctze optional","price":"180","price_type":"flat_fee","image":8619}],"id":1756971732},{"name":"Finanzierungsm\u00f6glichkeit","type":"checkbox","position":3,"required":false,"title_format":"label","description_enable":false,"description":null,"placeholder_enable":false,"placeholder":null,"display":"select","restrictions_type":"any_text","adjust_price":false,"price":"","price_type":"flat_fee","restrictions":false,"min":0,"max":0,"options":[{"label":"F\u00fcr Gewerbetreibende besteht die M\u00f6glichkeit einer Finanzierung \u00fcber 24 Monate","price":"","price_type":"flat_fee","image":0}],"id":1720449634}],"brands":[],"_links":{"self":[{"href":"https:\/\/swissmassage.weprocess.dev\/de\/wp-json\/wp\/v2\/product\/15272","targetHints":{"allow":["GET"]}}],"collection":[{"href":"https:\/\/swissmassage.weprocess.dev\/de\/wp-json\/wp\/v2\/product"}],"about":[{"href":"https:\/\/swissmassage.weprocess.dev\/de\/wp-json\/wp\/v2\/types\/product"}],"wp:featuredmedia":[{"embeddable":true,"href":"https:\/\/swissmassage.weprocess.dev\/de\/wp-json\/wp\/v2\/media\/13980"}],"wp:attachment":[{"href":"https:\/\/swissmassage.weprocess.dev\/de\/wp-json\/wp\/v2\/media?parent=15272"}],"wp:term":[{"taxonomy":"pwb-brand","embeddable":true,"href":"https:\/\/swissmassage.weprocess.dev\/de\/wp-json\/wp\/v2\/pwb-brand?post=15272"},{"taxonomy":"product_brand","embeddable":true,"href":"https:\/\/swissmassage.weprocess.dev\/de\/wp-json\/wp\/v2\/product_brand?post=15272"},{"taxonomy":"product_cat","embeddable":true,"href":"https:\/\/swissmassage.weprocess.dev\/de\/wp-json\/wp\/v2\/product_cat?post=15272"},{"taxonomy":"product_tag","embeddable":true,"href":"https:\/\/swissmassage.weprocess.dev\/de\/wp-json\/wp\/v2\/product_tag?post=15272"},{"taxonomy":"product_folder","embeddable":true,"href":"https:\/\/swissmassage.weprocess.dev\/de\/wp-json\/wp\/v2\/product_folder?post=15272"}],"curies":[{"name":"wp","href":"https:\/\/api.w.org\/{rel}","templated":true}]}}