{"id":15270,"date":"2023-05-24T14:48:29","date_gmt":"2023-05-24T12:48:29","guid":{"rendered":"https:\/\/swissmassage.ch\/produit\/reiki-massageliege-modell-body\/"},"modified":"2024-12-13T16:54:19","modified_gmt":"2024-12-13T15:54:19","slug":"reiki-massageliege-modell-body","status":"publish","type":"product","link":"https:\/\/swissmassage.weprocess.dev\/de\/produits\/reiki-massageliege-modell-body\/","title":{"rendered":"Klappbare Reiki Liege Modell Body"},"content":{"rendered":"<h2><strong>Klappbare Reiki Liege Modell Body Wei\u00dfe Farbe.<\/strong><\/h2>\n<p> Ergo Design Reiki Liege. Mittelbreite 68cm, Schultern 74cm, Schaumstoff 8cm. Ergonomische Massageliege mit hochklappbarer R\u00fcckenlehne.   <\/p>\n<h2><strong>Beschreibung des Reiki Table Ergo Design Body<\/strong><\/h2>\n<p>  Die Reiki K\u00f6rperliege ist eine stilvolle und komfortable High-End-Behandlungsliege mit ergonomischem Design.<br \/>\nEs ist mit 8 cm Schaumstoff ausgestattet, der maximalen Komfort bietet.<br \/>\nDie wei\u00dfe Polyurethan-Beschichtung ist flexibel und fest.<br \/>\nEs tr\u00e4gt zum Wohlbefinden bei, indem es die Eigenschaften des Schaums vollst\u00e4ndig wiederherstellt.<br \/>\nAll dies veranlasst den Patienten, sich zu entspannen und erleichtert das \u00dcben von Reiki.<br \/>\nMit seinen Ma\u00dfen von 195 cm\/74 cm an den Schultern und 68 cm am Becken kann er Patienten aller Gr\u00f6\u00dfen aufnehmen.<br \/>\nEs ist einfach zu handhaben, \u00f6ffnet oder schlie\u00dft sich m\u00fchelos in 10 Sekunden.<br \/>\nDie Kopfst\u00fctze besteht aus dem ergonomischen Gesichtspolster und seiner Armlehne.<br \/>\nEr ist verstellbar und kann auch als Kopfst\u00fctze oder als 25cm Verl\u00e4ngerung f\u00fcr eine Gesamtl\u00e4nge von 220cm verwendet werden.<br \/>\nDie anhebbare R\u00fcckenlehne kann in 10 Positionen eingestellt werden, von der niedrigsten f\u00fcr die Behandlung der Beine, da sie den ven\u00f6sen R\u00fcckfluss erleichtert, bis zur h\u00f6chsten Position, dem Sitzen f\u00fcr die Aus\u00fcbung der Hypnose.<br \/>\nEs ist mit einem Gesichtsloch ausgestattet, das seine Vielseitigkeit f\u00fcr die Aus\u00fcbung von Behandlungen aller Art erh\u00f6ht.<br \/>\nDie Wahl des Buchenholzes ist essentiell f\u00fcr die Aus\u00fcbung von Reiki.<br \/>\nDie harten und kompakten Fasern des Holzes erh\u00f6hen die Steifigkeit, ohne das Gesamtgewicht des Tisches von 19 kg zu belasten, er kann bis zu 200 kg tragen.<br \/>\nDie H\u00f6he l\u00e4sst sich ganz einfach von 65cm bis 85cm verstellen.<br \/>\nDie F\u00fc\u00dfe enden mit Gummiprotektoren, um den Kontakt mit dem Boden zu mildern.<br \/>\nDie Reiki Body Liege wurde durch Zuh\u00f6ren und Dialog mit Reiki-Therapeuten und -Meistern entwickelt.<br \/>\nEr zeichnet sich durch seine Formen aus, die an die des menschlichen K\u00f6rpers erinnern.<br \/>\nEs hat Holzpaneele, die mit der Praxis von Reiki kompatibel sind.<br \/>\nDie Materialien, die f\u00fcr die Herstellung und das Design verwendet werden, entsprechen der Spitze des Sortiments der Reiki-Tische.                   Swissmassage ist eine eingetragene Marke, die Ihnen die Garantie f\u00fcr Seriosit\u00e4t und Nachverfolgung w\u00e4hrend Ihrer gesamten T\u00e4tigkeit bietet. Unsere Werkstatt verf\u00fcgt \u00fcber Ersatzteile.<br \/>\nIm Falle von Wartungen oder Reparaturen stellen wir Ihnen eine weitere Reiki-Liege zur Verf\u00fcgung.   <\/p>\n<h2>Technische Zusammenfassung des Reiki-Tischk\u00f6rpermodells:<\/h2>\n<p> Erh\u00e4ltlich in der ganzen Schweiz, oder nach Vereinbarung in unserem Showroom zum Testen. Extrem weiche und starke wei\u00dfe Polyurethan-Beschichtung. Garantierter Schaumstoff mit hoher Dichte von 8 cm Dicke. Struktur aus edlem Buchenholz, leicht und massiv.<br \/>\nIdeale Ma\u00dfe: L\u00e4nge 195 cm, Breite 68 cm, Mitte 74 cm an den Schultern.  Massageliege h\u00f6henverstellbar von 65cm bis 85cm. K\u00f6rpermassageliege Gewicht 19,5 kg Anhebbare R\u00fcckenlehne, in 10 Positionen verstellbar.<br \/>\nKomfortables Gesichtsloch mit abnehmbarer Kappe.  2 Reiki-Paneele f\u00fcr den Komfort des Therapeuten. Sehr stark auch f\u00fcr korpulente Patienten, tr\u00e4gt es 200 kg an Wirkstoffen. Einfach zu handhaben, in 10 Sekunden zu \u00f6ffnen und zu schlie\u00dfen. Tragegriffe im Koffermodus. Neigbare Kopfst\u00fctze auf 2 Achsen, auf beiden Seiten der Massageliege nutzbar.<br \/>\nSehr weiches Gesichtspolster, das auf einem Velcro montiert ist, um eine pr\u00e4zise Einstellung zu erm\u00f6glichen.<br \/>\nLegt die Arme unter die Kopfst\u00fctze, entlastet das Gesicht.   Aufbewahrung von Zubeh\u00f6r in der Massageliege. Vibrame-Gummif\u00fc\u00dfe, Garantie f\u00fcr Stabilit\u00e4t.<\/p>\n","protected":false},"excerpt":{"rendered":"<p>Klappbare Reiki Liege Modell Body Wei\u00dfe Farbe. Ergo Design Reiki Liege. Mittelbreite 68cm, Schultern 74cm, Schaumstoff 8cm. Ergonomische Massageliege mit hochklappbarer R\u00fcckenlehne. Beschreibung des Reiki Table Ergo Design Body Die Reiki K\u00f6rperliege ist eine stilvolle und komfortable High-End-Behandlungsliege mit ergonomischem Design. Es ist mit 8 cm Schaumstoff ausgestattet, der maximalen Komfort bietet. Die wei\u00dfe Polyurethan-Beschichtung&hellip;<\/p>\n","protected":false},"featured_media":15271,"template":"","meta":{"_seopress_robots_primary_cat":"288","_seopress_titles_title":"","_seopress_titles_desc":"Die Reiki K\u00f6rperliege ist eine stilvolle und komfortable High-End-Behandlungsliege mit ergonomischem Design.\nEs ist mit 8 cm Schaumstoff ausgestattet, der maximalen Komfort bietet. ","_seopress_robots_index":""},"pwb-brand":[],"product_brand":[],"product_cat":[1365],"product_tag":[1563,1564],"product_folder":[993],"class_list":{"0":"post-15270","1":"product","2":"type-product","3":"status-publish","4":"has-post-thumbnail","6":"product_cat-reiki-liege","7":"product_tag-reiki-de","8":"product_tag-reiki-liege","9":"product_shipping_class-sperrige-swisspost","11":"first","12":"instock","13":"sale","14":"taxable","15":"shipping-taxable","16":"purchasable","17":"product-type-simple"},"exclude_global_add_ons":false,"addons":[{"name":"Option f\u00fcr einen sch\u00fctzenden Papierspender","type":"multiple_choice","position":0,"required":false,"title_format":"label","description_enable":false,"description":null,"placeholder_enable":false,"placeholder":"","display":"images","restrictions_type":"any_text","adjust_price":false,"price":"","price_type":"flat_fee","restrictions":false,"min":0,"max":0,"options":[{"label":"Mit sch\u00fctzendem Papierspender","price":"50","price_type":"flat_fee","image":2573}],"id":1704378479},{"name":"Option mit Tragetasche","type":"multiple_choice","position":1,"required":false,"title_format":"label","description_enable":false,"description":null,"placeholder_enable":false,"placeholder":"","display":"images","restrictions_type":"any_text","adjust_price":false,"price":"","price_type":"flat_fee","restrictions":false,"min":0,"max":0,"options":[{"label":"Mit Transportkoffer","price":"60","price_type":"flat_fee","image":2621}],"id":1704378480}],"brands":[],"_links":{"self":[{"href":"https:\/\/swissmassage.weprocess.dev\/de\/wp-json\/wp\/v2\/product\/15270","targetHints":{"allow":["GET"]}}],"collection":[{"href":"https:\/\/swissmassage.weprocess.dev\/de\/wp-json\/wp\/v2\/product"}],"about":[{"href":"https:\/\/swissmassage.weprocess.dev\/de\/wp-json\/wp\/v2\/types\/product"}],"wp:featuredmedia":[{"embeddable":true,"href":"https:\/\/swissmassage.weprocess.dev\/de\/wp-json\/wp\/v2\/media\/15271"}],"wp:attachment":[{"href":"https:\/\/swissmassage.weprocess.dev\/de\/wp-json\/wp\/v2\/media?parent=15270"}],"wp:term":[{"taxonomy":"pwb-brand","embeddable":true,"href":"https:\/\/swissmassage.weprocess.dev\/de\/wp-json\/wp\/v2\/pwb-brand?post=15270"},{"taxonomy":"product_brand","embeddable":true,"href":"https:\/\/swissmassage.weprocess.dev\/de\/wp-json\/wp\/v2\/product_brand?post=15270"},{"taxonomy":"product_cat","embeddable":true,"href":"https:\/\/swissmassage.weprocess.dev\/de\/wp-json\/wp\/v2\/product_cat?post=15270"},{"taxonomy":"product_tag","embeddable":true,"href":"https:\/\/swissmassage.weprocess.dev\/de\/wp-json\/wp\/v2\/product_tag?post=15270"},{"taxonomy":"product_folder","embeddable":true,"href":"https:\/\/swissmassage.weprocess.dev\/de\/wp-json\/wp\/v2\/product_folder?post=15270"}],"curies":[{"name":"wp","href":"https:\/\/api.w.org\/{rel}","templated":true}]}}