{"id":15269,"date":"2023-05-24T14:49:14","date_gmt":"2023-05-24T14:49:14","guid":{"rendered":"https:\/\/swissmassage.ch\/produit\/klappbare-massageliege-confort-modell-xl\/"},"modified":"2026-01-21T18:10:30","modified_gmt":"2026-01-21T17:10:30","slug":"klappbare-massageliege-confort-modell-xl","status":"publish","type":"product","link":"https:\/\/swissmassage.weprocess.dev\/de\/produits\/klappbare-massageliege-confort-modell-xl\/","title":{"rendered":"Klappbare Massageliege Modell Confort 80 cm breit"},"content":{"rendered":"<h2><strong> Beschreibung der Massageliege Confort Model: <\/strong><\/h2>\n<p> Die Massageliege Modell Confort ist die breiteste und l\u00e4ngste Massageliege in unserer Kollektion. Es eignet sich besonders f\u00fcr Kinesiologie, Hypnose, Altenpflege, klassische und Shiatsu-Massagen, tibetische Schalentechniken, da es in seiner Breite und L\u00e4nge mehr Raum bietet.  <strong>Wenn Sie als Therapeut ausgebildet sind, wissen Sie, dass eine 80 cm breite Massageliege f\u00fcr den Patienten sehr bequem ist, aber m\u00f6glicherweise nicht f\u00fcr alle Massagetechniken, auch f\u00fcr kleine Therapeuten, geeignet ist.<\/strong>  Die Verwendung von 8 cm Schaumstoff bietet maximalen Komfort, beh\u00e4lt aber die notwendige Reaktion auf die Massagetechniken bei.<br \/>\nEine h\u00f6here Dicke w\u00fcrde den Komfort des Patienten nicht erh\u00f6hen, sondern die Arbeit des Masseurs erschweren, da kein Responder vorhanden ist.<br \/>\nDie Polyurethan-Beschichtung zeichnet die Swissmassage-Liegen f\u00fcr ihre Flexibilit\u00e4t, Festigkeit und Zuverl\u00e4ssigkeit aus.<br \/>\nEs tr\u00e4gt zum Wohlbefinden bei, indem es die Eigenschaften des Schaums wiederherstellt.<br \/>\nSeine Abmessungen von 195 cm\/80 cm eignen sich f\u00fcr Patienten aller Gr\u00f6\u00dfen und insbesondere f\u00fcr \u00e4ltere Menschen.<br \/>\nEs \u00f6ffnet oder schlie\u00dft sich m\u00fchelos in 10 Sekunden, da es einfach zu handhaben ist.<br \/>\nDie Kopfst\u00fctze verf\u00fcgt \u00fcber ein ergonomisches Gesichtspolster und eine Armlehne, sie ist h\u00f6henverstellbar und verstellbar, sie kann auch als Kopfst\u00fctze oder als 25 cm lange Verl\u00e4ngerung verwendet werden, um eine Gesamtl\u00e4nge von 220 cm zu erreichen.<br \/>\nDie Wahl von Buchenholz erh\u00f6ht die Steifigkeit, ohne das Gesamtgewicht des Tisches von 20 kg zu belasten und bis zu 200 kg zu tragen.<br \/>\nDie H\u00f6he l\u00e4sst sich leicht von 65 cm bis 85 cm verstellen, die F\u00fc\u00dfe enden in Gummiprotektoren, die den Kontakt mit dem Boden weicher machen und ein Verrutschen verhindern.<br \/>\nEs ist mit Holzpaneelen vom Typ Reiki ausgestattet, die mit der Praxis der Fu\u00dfreflexzonenmassage kompatibel sind.<br \/>\nEs ist die Spitze der Massageliegen in Bezug auf seine Abmessungen und Herstellungsmaterialien.<br \/>\nSwissmassage ist eine eingetragene Marke, die Ihnen die Garantie f\u00fcr Seriosit\u00e4t und Nachverfolgung w\u00e4hrend Ihrer gesamten T\u00e4tigkeit bietet.<br \/>\nWir haben Ersatzteile.<br \/>\nIm Falle von Wartungs- oder Reparaturarbeiten steht eine weitere Massageliege zur Verf\u00fcgung.<br \/>\nWir freuen uns, Sie nach Vereinbarung in unserem Showroom in Monthey begr\u00fc\u00dfen zu d\u00fcrfen, damit Sie unsere Ger\u00e4te testen und direkt kaufen k\u00f6nnen, wenn es Ihnen passt, um sie noch am selben Tag oder \u00fcber unseren Webshop abzuholen.                <\/p>\n<h2>Technische Zusammenfassung der Massageliege Modell Confort:<\/h2>\n<p> Erh\u00e4ltlich in der ganzen Schweiz, oder nach Vereinbarung in unserem Showroom zum Testen. Extrem weiche und starke wei\u00dfe Polyurethan-Beschichtung.<br \/>\nSchaumstoff garantiert zus\u00e4tzlichen Komfort <span style=\"color: #bc0f4d\">8 cm <\/span>dick.  Struktur aus edlem Buchenholz, leicht und massiv. Ideale Abmessungen 195 cm lang und 80 cm breit. Massageliege h\u00f6henverstellbar von 65cm bis 85cm. Gewicht der Confort-Massageliege 20 kg Bequemes Gesichtsloch mit abnehmbarer Kappe. 2 Reiki-Paneele f\u00fcr den Confort des Therapeuten. Sehr stark auch f\u00fcr korpulente Patienten, tr\u00e4gt es 200 kg an Wirkstoffen. Einfach zu handhaben, in 10 Sekunden zu \u00f6ffnen und zu schlie\u00dfen. Tragegriffe im Koffermodus. Neigbare Kopfst\u00fctze auf 2 Achsen, auf beiden Seiten der Massageliege nutzbar.<br \/>\nSehr weiches Gesichtspolster, das auf einem Velcro montiert ist, um eine pr\u00e4zise Einstellung zu erm\u00f6glichen.<br \/>\nLegt die Arme unter die Kopfst\u00fctze, entlastet das Gesicht.   Aufbewahrung von Zubeh\u00f6r in der Massageliege. Vibrame-Gummif\u00fc\u00dfe, Garantie f\u00fcr Stabilit\u00e4t.<\/p>\n","protected":false},"excerpt":{"rendered":"<p>Beschreibung der Massageliege Confort Model: Die Massageliege Modell Confort ist die breiteste und l\u00e4ngste Massageliege in unserer Kollektion. Es eignet sich besonders f\u00fcr Kinesiologie, Hypnose, Altenpflege, klassische und Shiatsu-Massagen, tibetische Schalentechniken, da es in seiner Breite und L\u00e4nge mehr Raum bietet. Wenn Sie als Therapeut ausgebildet sind, wissen Sie, dass eine 80 cm breite Massageliege&hellip;<\/p>\n","protected":false},"featured_media":13290,"template":"","meta":{"_seopress_robots_primary_cat":"none","_seopress_titles_title":"Klappbare Faltbare Massageliege Confort Model - Swissmassage","_seopress_titles_desc":"Die Massageliege Modell Confort ist die breiteste und l\u00e4ngste Massageliege in unserer Kollektion.","_seopress_robots_index":""},"pwb-brand":[],"product_brand":[],"product_cat":[1330,1367],"product_tag":[1479,1553,1435,1443,1478],"product_folder":[993],"class_list":{"0":"post-15269","1":"product","2":"type-product","3":"status-publish","4":"has-post-thumbnail","6":"product_cat-alle-massageliegen-massage-ausstattungen","7":"product_cat-klappbare-massageliegen","8":"product_tag-klappbare-massageliege","9":"product_tag-klappbare-massageliegen","10":"product_tag-massage-de","11":"product_tag-massageliege","12":"product_tag-tragbare-massageliege","13":"product_shipping_class-sperrige-swisspost","15":"first","16":"instock","17":"sale","18":"taxable","19":"shipping-taxable","20":"purchasable","21":"product-type-simple"},"exclude_global_add_ons":false,"addons":[{"name":"Option f\u00fcr einen sch\u00fctzenden Papierspender","type":"multiple_choice","position":0,"required":false,"title_format":"label","description_enable":false,"description":null,"placeholder_enable":false,"placeholder":null,"display":"images","restrictions_type":"any_text","adjust_price":false,"price":"","price_type":"flat_fee","restrictions":false,"min":0,"max":0,"options":[{"label":"Mit sch\u00fctzendem Papierspender","price":"50","price_type":"flat_fee","image":2573}],"id":1720447839},{"name":"Option mit Tragetasche","type":"multiple_choice","position":1,"required":false,"title_format":"label","description_enable":false,"description":null,"placeholder_enable":false,"placeholder":null,"display":"images","restrictions_type":"any_text","adjust_price":false,"price":"","price_type":"flat_fee","restrictions":false,"min":0,"max":0,"options":[{"label":"Mit Transportkoffer","price":"60","price_type":"flat_fee","image":2621}],"id":1720447840}],"brands":[],"_links":{"self":[{"href":"https:\/\/swissmassage.weprocess.dev\/de\/wp-json\/wp\/v2\/product\/15269","targetHints":{"allow":["GET"]}}],"collection":[{"href":"https:\/\/swissmassage.weprocess.dev\/de\/wp-json\/wp\/v2\/product"}],"about":[{"href":"https:\/\/swissmassage.weprocess.dev\/de\/wp-json\/wp\/v2\/types\/product"}],"wp:featuredmedia":[{"embeddable":true,"href":"https:\/\/swissmassage.weprocess.dev\/de\/wp-json\/wp\/v2\/media\/13290"}],"wp:attachment":[{"href":"https:\/\/swissmassage.weprocess.dev\/de\/wp-json\/wp\/v2\/media?parent=15269"}],"wp:term":[{"taxonomy":"pwb-brand","embeddable":true,"href":"https:\/\/swissmassage.weprocess.dev\/de\/wp-json\/wp\/v2\/pwb-brand?post=15269"},{"taxonomy":"product_brand","embeddable":true,"href":"https:\/\/swissmassage.weprocess.dev\/de\/wp-json\/wp\/v2\/product_brand?post=15269"},{"taxonomy":"product_cat","embeddable":true,"href":"https:\/\/swissmassage.weprocess.dev\/de\/wp-json\/wp\/v2\/product_cat?post=15269"},{"taxonomy":"product_tag","embeddable":true,"href":"https:\/\/swissmassage.weprocess.dev\/de\/wp-json\/wp\/v2\/product_tag?post=15269"},{"taxonomy":"product_folder","embeddable":true,"href":"https:\/\/swissmassage.weprocess.dev\/de\/wp-json\/wp\/v2\/product_folder?post=15269"}],"curies":[{"name":"wp","href":"https:\/\/api.w.org\/{rel}","templated":true}]}}