{"id":15267,"date":"2023-05-24T14:48:51","date_gmt":"2023-05-24T14:48:51","guid":{"rendered":"https:\/\/swissmassage.ch\/produit\/elektromobil-fur-senioren-modell-cross\/"},"modified":"2025-03-12T16:00:52","modified_gmt":"2025-03-12T15:00:52","slug":"elektromobil-fur-senioren-modell-cross","status":"publish","type":"product","link":"https:\/\/swissmassage.weprocess.dev\/de\/produits\/elektromobil-fur-senioren-modell-cross\/","title":{"rendered":"Senior Elektromobil Modell Cross im Ausverkauf"},"content":{"rendered":"<h2>Beschreibung des Elektrowagens des Modells Cross in Liquidation mit 3 Monaten Garantie und neuen Batterien des Tages:<\/h2>\n<p><span style=\"font-size: 10pt;\">Das Senioren-Elektromobil des Modells Cross bringt Sie dorthin, wo Sie f\u00fcr eine Weile nicht hinkommen k\u00f6nnen. Da Sie aufgrund Ihres Alters oder nach einem Unfall oder einer Krankheit nicht mehr die F\u00e4higkeit haben, sich zu bewegen und weniger Autonomie zu haben. Dank des elektrischen Wagens Cross haben Sie die Freiheit, die Tageszeit zu w\u00e4hlen, die Ihnen am besten passt, um Ihre Eink\u00e4ufe zu erledigen oder eine Fahrt zu unternehmen, ohne auf die Pflegekr\u00e4fte warten zu m\u00fcssen, die trotz ihrer gro\u00dfen W\u00fcnsche und der Liebe, die sie f\u00fcr Sie empfinden, h\u00e4ufiger zu sp\u00e4ter Stunde nach der Arbeit verf\u00fcgbar sind. <\/span><br \/>\n<span style=\"font-size: 10pt;\">Sie werden in der Lage sein, Ihre Mobilit\u00e4t, Ihre Unabh\u00e4ngigkeit, den Reichtum der Begegnungen in den Gesch\u00e4ften wiederzuerlangen, Ihre Eink\u00e4ufe in dem daf\u00fcr vorgesehenen Korb zu t\u00e4tigen, der vom Lenker und dem Mobiltelefon in der Hand abnehmbar ist, oder durch die Stra\u00dfen Ihrer Stadt, Ihres Dorfes oder Ihres Bezirks zu gehen, Sie werden in der Lage sein, ruhig und diskret zur Post oder zur Bank zu gehen, ohne sich vor Ihren Mitmenschen rechtfertigen zu m\u00fcssen.<\/span><br \/>\n<span style=\"font-size: 10pt;\">Du triffst deine Freunde zum Beispiel auf dem Markt oder im Bistro f\u00fcr die Walliser:)<\/span><br \/>\n<span style=\"font-size: 10pt;\">Sie werden Ihre Enkelkinder besuchen oder zur Schule begleiten.<\/span><br \/>\n<span style=\"font-size: 10pt;\">Da die st\u00e4dtischen Zentren zunehmend mit Mobilit\u00e4tshilfen ausgestattet und kompatibel sind, k\u00f6nnen Sie Verwaltungen, Naturparks, Museen und Kulturzentren erreichen.<\/span><br \/>\n<span style=\"font-size: 10pt;\">Der Cross-Seniorenwagen kann auf Gehwegen verwendet werden, er verh\u00e4lt sich wie ein Fu\u00dfg\u00e4nger im Stadtverkehr mit seinen Priorit\u00e4ten und Verpflichtungen, die Bewegungsfreiheit wird wiedergewonnen, aber ohne die Unannehmlichkeiten, die durch Kraftfahrzeuge, Parken, Staus, Stress und F\u00fchrerscheine verursacht werden.<\/span><br \/>\n<span style=\"font-size: 10pt;\">Ausgestattet mit einem 350-W-Motor f\u00e4hrt er mit einer einstellbaren Geschwindigkeit von 1 bis 10 km\/h, so dass Sie von einer gesunden Person begleitet werden k\u00f6nnen, w\u00e4hrend Sie alleine unterwegs sind.<\/span><br \/>\n<span style=\"font-size: 10pt;\">Er kann Steigungen von bis zu 12\u00b0 erklimmen.<\/span><br \/>\n<span style=\"font-size: 10pt;\">Der Elektrowagen Cross Senior kann mit einer vollen Ladung 25 bis 30 km zur\u00fccklegen und bietet eine Autonomie von mehreren Stunden, sch\u00f6ne Fahrten in Sichtweite und Fahrten in l\u00e4ndlichen Gebieten.<\/span><br \/>\n<span style=\"font-size: 10pt;\">Sein R\u00fcckw\u00e4rtsgang ist sehr praktisch beim Rangieren oder Einparken.<\/span><br \/>\n<span style=\"font-size: 10pt;\">Er ist mit einer selbstblockierenden Motorbremse ausgestattet, die aktiviert wird, sobald das Gaspedal losgelassen wird.<\/span><br \/>\n<span style=\"font-size: 10pt;\">Er tr\u00e4gt das Gewicht einer Person von bis zu 120 kg, seine massiven R\u00e4der haben einen Durchmesser von 25 cm und erreichen eine Bodenfreiheit von 15 cm.<\/span><br \/>\n<span style=\"font-size: 10pt;\">Sein Sitzsto\u00dfd\u00e4mpfer bietet sehr guten Komfort, indem er die Unebenheiten der Stra\u00dfe gl\u00e4ttet.<\/span><br \/>\n<span style=\"font-size: 10pt;\">Der 4-Rad-Elektrowagen Cross Senior kann auf Freil\u00e4ufe umgestellt werden, um ihn leicht im Haus oder in der Garage zu bewegen.<\/span><br \/>\n<span style=\"font-size: 10pt;\">Er verf\u00fcgt \u00fcber einen Kaltlicht-LED-Scheinwerfer, R\u00fcckstrahler und einen Z\u00fcndschl\u00fcssel.<\/span><br \/>\n<span style=\"font-size: 10pt;\">Der Elektrowagen Cross Senior ist sehr leise und mit einer &#8222;Tut-Tut&#8220;- oder &#8222;Piep-Piep&#8220;-Hupe ausgestattet, die nicht wie die Hupe eines Autos aussieht, aber effektiv signalisiert, dass sie auf den B\u00fcrgersteigen vorhanden ist.<\/span><br \/>\n<span style=\"font-size: 10pt;\">Es kann beim Transport mit dem Auto f\u00fcr Reisen leicht demontiert werden und kann am Zielort in 1 Minute leicht wieder zusammengebaut werden, um eine Familienaktivit\u00e4t wie einen Spaziergang am See oder w\u00e4hrend eines Urlaubs auszu\u00fcben.<\/span><\/p>\n<p><span style=\"font-size: 10pt;\"> <strong>Copyright \u00a9 Swissmassage S\u00e0rl<\/strong><\/span> Technische Zusammenfassung des Elektrowagens Senior Cross:<span style=\"font-size: 10pt;\"><span style=\"font-size: 10pt;\">Motorleistung 24V 350W.<br \/>\nBatterien 2x 12V 45A.<br \/>\nMaximale Ladezeit 8h-10h.<br \/>\nZur\u00fcckgelegte Strecke pro Ladung 25 bis 30 km.<br \/>\nEinstellbare H\u00f6chstgeschwindigkeit 10 km\/h.<br \/>\nR\u00fcckw\u00e4rtsgang mit einstellbarer Geschwindigkeit.<br \/>\nSelbsthemmende Motorbremse.<br \/>\nMaximale Belastung 120 kg.<br \/>\nDurchmesser der massiven R\u00e4der 25cm.<br \/>\nHeftradius 150cm.<br \/>\nBodenfreiheit 15cm.<br \/>\nMaximale Steigung 12\u00b0.<br \/>\nSitzd\u00e4mpfer.<br \/>\nFreilaufschalter.<br \/>\nR\u00f6tliche Farbe.<br \/>\nLED-Frontleuchte.<br \/>\nR\u00fcckstrahler.<br \/>\nGewicht 75kg.<br \/>\nAbmessungen 120 x 56 x 98 cm. <\/span><\/span><\/p>\n","protected":false},"excerpt":{"rendered":"<p>Cross Senior Elektrowagen.<br \/>\nElektrowagen f\u00fcr eingeschr\u00e4nkte Mobilit\u00e4t Senior.<\/p>\n","protected":false},"featured_media":11561,"template":"","meta":{"_seopress_robots_primary_cat":"none","_seopress_titles_title":"Voiturette \u00e9lectrique Senior Mod\u00e8le Cross en liquidation","_seopress_titles_desc":"La voiturette \u00e9lectrique pour senior mod\u00e8le Cross vous emm\u00e8ne l\u00e0 o\u00f9 vous ne pouvez plus aller depuis un certain temps.","_seopress_robots_index":""},"pwb-brand":[],"product_brand":[],"product_cat":[1392,1370,1393],"product_tag":[1565,1566,1568,1567],"product_folder":[1027],"class_list":{"0":"post-15267","1":"product","2":"type-product","3":"status-publish","4":"has-post-thumbnail","6":"product_cat-alle-seniorenartikel","7":"product_cat-outlet-de","8":"product_cat-senioren-mobilitaet","9":"product_tag-kleinwagen","10":"product_tag-mobilitat","11":"product_tag-motorroller","12":"product_tag-senior-de","14":"first","15":"outofstock","16":"sale","17":"taxable","18":"shipping-taxable","19":"purchasable","20":"product-type-simple"},"exclude_global_add_ons":[],"addons":[],"brands":[],"_links":{"self":[{"href":"https:\/\/swissmassage.weprocess.dev\/de\/wp-json\/wp\/v2\/product\/15267","targetHints":{"allow":["GET"]}}],"collection":[{"href":"https:\/\/swissmassage.weprocess.dev\/de\/wp-json\/wp\/v2\/product"}],"about":[{"href":"https:\/\/swissmassage.weprocess.dev\/de\/wp-json\/wp\/v2\/types\/product"}],"wp:featuredmedia":[{"embeddable":true,"href":"https:\/\/swissmassage.weprocess.dev\/de\/wp-json\/wp\/v2\/media\/11561"}],"wp:attachment":[{"href":"https:\/\/swissmassage.weprocess.dev\/de\/wp-json\/wp\/v2\/media?parent=15267"}],"wp:term":[{"taxonomy":"pwb-brand","embeddable":true,"href":"https:\/\/swissmassage.weprocess.dev\/de\/wp-json\/wp\/v2\/pwb-brand?post=15267"},{"taxonomy":"product_brand","embeddable":true,"href":"https:\/\/swissmassage.weprocess.dev\/de\/wp-json\/wp\/v2\/product_brand?post=15267"},{"taxonomy":"product_cat","embeddable":true,"href":"https:\/\/swissmassage.weprocess.dev\/de\/wp-json\/wp\/v2\/product_cat?post=15267"},{"taxonomy":"product_tag","embeddable":true,"href":"https:\/\/swissmassage.weprocess.dev\/de\/wp-json\/wp\/v2\/product_tag?post=15267"},{"taxonomy":"product_folder","embeddable":true,"href":"https:\/\/swissmassage.weprocess.dev\/de\/wp-json\/wp\/v2\/product_folder?post=15267"}],"curies":[{"name":"wp","href":"https:\/\/api.w.org\/{rel}","templated":true}]}}