{"id":15266,"date":"2023-05-24T14:48:48","date_gmt":"2023-05-24T12:48:48","guid":{"rendered":"https:\/\/swissmassage.ch\/produit\/elektroroller-fur-senioren-modell-speedy\/"},"modified":"2023-05-24T14:48:48","modified_gmt":"2023-05-24T12:48:48","slug":"elektroroller-fur-senioren-modell-speedy","status":"publish","type":"product","link":"https:\/\/swissmassage.weprocess.dev\/de\/produits\/elektroroller-fur-senioren-modell-speedy\/","title":{"rendered":"Senior Elektroroller Modell Speedy"},"content":{"rendered":"<h2><strong>Elektroroller Senior Modell  <\/strong><\/h2>\n<p>  Der Senioren-Elektroroller Speedy bringt Sie schneller dorthin, wo Sie eine Weile nicht hinkommen k\u00f6nnen.<br \/>\nDa Sie aufgrund Ihres Alters oder nach einem Unfall oder einer Krankheit nicht mehr die F\u00e4higkeit haben, sich zu bewegen und weniger Autonomie zu haben.<br \/>\nDank des Elektrorollers Speedy gewinnen Sie die Freiheit zur\u00fcck, die Tageszeit zu w\u00e4hlen, die Ihnen am besten passt, um Ihre Eink\u00e4ufe zu erledigen oder eine Fahrt zu unternehmen, ohne auf Pflegekr\u00e4fte zu warten, die trotz ihrer gro\u00dfen W\u00fcnsche und der Liebe, die sie f\u00fcr Sie empfinden, h\u00e4ufiger sp\u00e4t in den Stunden nach der Arbeit verf\u00fcgbar sind.<br \/>\nSie werden in der Lage sein, Ihre Mobilit\u00e4t, Ihre Unabh\u00e4ngigkeit, den Reichtum der Begegnungen in Gesch\u00e4ften wiederzuerlangen, Ihre Eink\u00e4ufe in dem daf\u00fcr vorgesehenen Korb zu t\u00e4tigen, der vom Lenker abnehmbar ist, und das Mobiltelefon in der Hand, durch die Stra\u00dfen Ihrer Stadt, Ihres Dorfes oder Ihrer Nachbarschaft zu gehen, Sie werden in der Lage sein, ruhig und diskret zur Post oder zur Bank zu gehen, ohne sich vor Ihren Mitmenschen rechtfertigen zu m\u00fcssen.<br \/>\nDu triffst deine Freunde auf dem Markt oder im Bistro f\u00fcr die Walliser:) Sie werden Ihre Enkelkinder besuchen oder zur Schule begleiten.<br \/>\nDa die st\u00e4dtischen Zentren immer besser ausgestattet und mit Mobilit\u00e4tshilfen kompatibel sind, k\u00f6nnen Sie Verwaltungen, Naturparks, Museen und Kulturzentren erreichen.<br \/>\nDer Speedy Senior Scooter kann auf Gehwegen verwendet werden, er verh\u00e4lt sich wie ein Fu\u00dfg\u00e4nger im Stadtverkehr mit seinen Priorit\u00e4ten und Verpflichtungen, die Bewegungsfreiheit wird wiedererlangt, ohne die Unannehmlichkeiten zu erleiden, die durch Kraftfahrzeuge, Parken, Staus, Stress und F\u00fchrerschein verursacht werden.<br \/>\nAusgestattet mit einem 500-W-Motor f\u00e4hrt er mit einer einstellbaren Geschwindigkeit von 1 bis 15 km\/h, so dass Sie von einer nicht behinderten Person begleitet werden k\u00f6nnen und gleichzeitig eine erhebliche Geschwindigkeitsreserve haben, wenn Sie alleine unterwegs sind.<br \/>\nEr kann Steigungen von bis zu 15\u00b0 erklimmen.<br \/>\nDer Elektroroller Senior Speedy kann mit einer vollen Ladung 55 bis 60 km zur\u00fccklegen und bietet eine Autonomie von mehreren Stunden, sch\u00f6ne Fahrten in Sichtweite und Fahrten in l\u00e4ndlichen Gebieten oder von Dorf zu Dorf.<br \/>\nSein R\u00fcckw\u00e4rtsgang ist sehr praktisch beim Rangieren oder Einparken.<br \/>\nEr ist mit einer selbstblockierenden Motorbremse ausgestattet, die aktiviert wird, sobald das Gaspedal losgelassen wird.<br \/>\nEr tr\u00e4gt das Gewicht einer Person von bis zu 150 kg, seine R\u00e4der haben einen Durchmesser von 33 cm, was ihm eine Bodenfreiheit von 14 cm verleiht.<br \/>\nSeine Radsto\u00dfd\u00e4mpfer sorgen f\u00fcr sehr guten Komfort, indem sie die Unebenheiten der Stra\u00dfe gl\u00e4tten.<br \/>\nDer Elektroroller Senior Speedy 4-Rad kann auf Freil\u00e4ufe umgestellt werden, um ihn einfach im Haus oder in der Garage zu bewegen.<br \/>\nEr verf\u00fcgt \u00fcber einen LED-Scheinwerfer und Kaltlicht sowie Heckreflektoren, Signofiles und seinen Z\u00fcndschl\u00fcssel.<br \/>\nDer Elektroroller Speedy Senior ist sehr leise und daher mit einer &#8222;Tut-Tut&#8220;- oder &#8222;Piep-Piep&#8220;-Hupe ausgestattet, die seine Anwesenheit auf Gehwegen effektiv signalisiert.<br \/>\nEs kann beim Transport mit dem Auto f\u00fcr Reisen leicht demontiert werden und kann am Zielort in 1 Minute leicht wieder zusammengebaut werden, um eine Familienaktivit\u00e4t wie einen Spaziergang am See oder w\u00e4hrend eines Urlaubs auszu\u00fcben.<br \/>\nWir freuen uns, Sie nach Vereinbarung in unserem Showroom in Monthey begr\u00fc\u00dfen zu d\u00fcrfen, damit Sie unsere Ger\u00e4te testen und direkt kaufen k\u00f6nnen, wenn es Ihnen passt, um sie noch am selben Tag oder \u00fcber unseren Webshop abzuholen.                    <strong>Copyright \u00a9 Swissmassage S\u00e0rl<\/strong><\/p>\n<h2><span style=\"font-size: 10pt;\">Technische Zusammenfassung des Senior Speedy Elektrorollers:<\/span><\/h2>\n<p><span style=\"font-size: 10pt;\"><span style=\"font-size: 10pt;\">Motorleistung 24V 500W.<br \/>\n4x 12V 45A Batterien.<br \/>\nMaximale Ladezeit 8h-12h.<br \/>\nZur\u00fcckgelegte Strecke pro Ladung 55 bis 60 km.<br \/>\nEinstellbare H\u00f6chstgeschwindigkeit 15 km\/h.<br \/>\nR\u00fcckw\u00e4rtsgang mit einstellbarer Geschwindigkeit.<br \/>\nSelbsthemmende Motorbremse.<br \/>\nMaximale Belastung 150 kg.<br \/>\nDurchmesser der massiven R\u00e4der 33cm.<br \/>\nGr\u00f6\u00dfenradius 200cm.<br \/>\nBodenfreiheit 14cm.<br \/>\nMaximale Neigung 15\u00b0.<br \/>\nSitzd\u00e4mpfer.<br \/>\nFreilaufschalter.<br \/>\nRote Farbe.<br \/>\nLED-Frontleuchte.<br \/>\nR\u00fcckstrahler.<br \/>\nGewicht 100kg.<br \/>\nAbmessungen 150 x 66 x 97 cm.<br \/>\nTragekorb.                   <\/span><\/span><\/p>\n<p><span style=\"font-size: 10pt;\"><span style=\"font-size: 10pt;\">In <\/span><span style=\"font-size: 10pt;\">unserem Showroom nach Vereinbarung unter Tel. 024 564 46 46<\/span><\/span> testen lassen 1 <span style=\"font-size: 10pt;\">Jahr Motorgarantie.<\/span><\/p>\n","protected":false},"excerpt":{"rendered":"<p>Schneller Elektroroller f\u00fcr Senioren.<br \/>\nElektroroller f\u00fcr eingeschr\u00e4nkte Mobilit\u00e4t Senior. <\/p>\n","protected":false},"featured_media":11555,"template":"","meta":{"_seopress_robots_primary_cat":"none","_seopress_titles_title":"","_seopress_titles_desc":"Der Senioren-Elektromobil Speedy bringt Sie schneller dorthin, wo Sie eine Weile nicht hinkommen k\u00f6nnen.","_seopress_robots_index":""},"pwb-brand":[],"product_brand":[],"product_cat":[1392,1393],"product_tag":[1565,1566,1568,1567],"product_folder":[1027],"class_list":{"0":"post-15266","1":"product","2":"type-product","3":"status-publish","4":"has-post-thumbnail","6":"product_cat-alle-seniorenartikel","7":"product_cat-senioren-mobilitaet","8":"product_tag-kleinwagen","9":"product_tag-mobilitat","10":"product_tag-motorroller","11":"product_tag-senior-de","13":"first","14":"instock","15":"taxable","16":"shipping-taxable","17":"purchasable","18":"product-type-simple"},"exclude_global_add_ons":[],"addons":[],"brands":[],"_links":{"self":[{"href":"https:\/\/swissmassage.weprocess.dev\/de\/wp-json\/wp\/v2\/product\/15266","targetHints":{"allow":["GET"]}}],"collection":[{"href":"https:\/\/swissmassage.weprocess.dev\/de\/wp-json\/wp\/v2\/product"}],"about":[{"href":"https:\/\/swissmassage.weprocess.dev\/de\/wp-json\/wp\/v2\/types\/product"}],"wp:featuredmedia":[{"embeddable":true,"href":"https:\/\/swissmassage.weprocess.dev\/de\/wp-json\/wp\/v2\/media\/11555"}],"wp:attachment":[{"href":"https:\/\/swissmassage.weprocess.dev\/de\/wp-json\/wp\/v2\/media?parent=15266"}],"wp:term":[{"taxonomy":"pwb-brand","embeddable":true,"href":"https:\/\/swissmassage.weprocess.dev\/de\/wp-json\/wp\/v2\/pwb-brand?post=15266"},{"taxonomy":"product_brand","embeddable":true,"href":"https:\/\/swissmassage.weprocess.dev\/de\/wp-json\/wp\/v2\/product_brand?post=15266"},{"taxonomy":"product_cat","embeddable":true,"href":"https:\/\/swissmassage.weprocess.dev\/de\/wp-json\/wp\/v2\/product_cat?post=15266"},{"taxonomy":"product_tag","embeddable":true,"href":"https:\/\/swissmassage.weprocess.dev\/de\/wp-json\/wp\/v2\/product_tag?post=15266"},{"taxonomy":"product_folder","embeddable":true,"href":"https:\/\/swissmassage.weprocess.dev\/de\/wp-json\/wp\/v2\/product_folder?post=15266"}],"curies":[{"name":"wp","href":"https:\/\/api.w.org\/{rel}","templated":true}]}}