{"id":15265,"date":"2023-05-24T14:48:49","date_gmt":"2023-05-24T12:48:49","guid":{"rendered":"https:\/\/swissmassage.ch\/produit\/elektromobil-fur-senioren-modell-dual\/"},"modified":"2023-05-24T14:48:49","modified_gmt":"2023-05-24T12:48:49","slug":"elektromobil-fur-senioren-modell-dual","status":"publish","type":"product","link":"https:\/\/swissmassage.weprocess.dev\/de\/produits\/elektromobil-fur-senioren-modell-dual\/","title":{"rendered":"Senior Elektrowagen Dual-Modell"},"content":{"rendered":"<h2><strong>Beschreibung des Senioren-Elektromobils Modell Dual:<\/strong><\/h2>\n<p><span style=\"font-size: 10pt;\">Der elektrische Elektrowagen f\u00fcr Senioren Modell Dual nimmt Sie als Paar auf eine romantische Fahrt oder mit einem Ihrer Enkelkinder mit, um sie von der Schule abzuholen.<\/span><br \/>\n<span style=\"font-size: 10pt;\">Dank des Dual-Elektrowagens finden Sie die Freiheit, die Tageszeit zu w\u00e4hlen, die Ihnen am besten passt, um Ihre Eink\u00e4ufe zu erledigen, ohne auf die Pflegekr\u00e4fte zu warten, die trotz ihrer gro\u00dfen W\u00fcnsche und der Liebe, die sie f\u00fcr Sie empfinden, h\u00e4ufiger zu sp\u00e4ter Stunde nach der Arbeit verf\u00fcgbar sind.<\/span><br \/>\n<span style=\"font-size: 10pt;\">Sie werden in der Lage sein, Ihre Mobilit\u00e4t, Ihre Unabh\u00e4ngigkeit wiederzuerlangen, Leute in den Gesch\u00e4ften zu treffen, ohne in Eile zu sein, in dem daf\u00fcr vorgesehenen Korb einzukaufen, der vom Lenker abnehmbar ist und das Mobiltelefon in der Hand hat, oder durch die Stra\u00dfen Ihrer Stadt, Ihres Dorfes oder Ihres Bezirks zu gehen und an den Kais am See spazieren zu gehen.<br \/>\nSie k\u00f6nnen ruhig und diskret zur Post oder zur Bank gehen, ohne sich vor Ihren Mitmenschen rechtfertigen zu m\u00fcssen. <\/span><br \/>\n<span style=\"font-size: 10pt;\">Sie sind nicht auf \u00f6ffentliche Verkehrsmittel angewiesen, denn mit einer Reichweite von mehr als 50 km haben Sie Zeit, lange Touren zu machen und jederzeit ohne Wartezeit nach Hause zur\u00fcckzukehren.<\/span><br \/>\n<span style=\"font-size: 10pt;\">Da die st\u00e4dtischen Zentren zunehmend mit Mobilit\u00e4tshilfen ausgestattet und kompatibel sind, k\u00f6nnen Sie Verwaltungen, Naturparks, Museen und Kulturzentren erreichen.<\/span><br \/>\n<span style=\"font-size: 10pt;\">Der Elektrowagen Dual Senior kann auf Gehwegen verwendet werden, er verh\u00e4lt sich wie ein Fu\u00dfg\u00e4nger im Stadtverkehr mit seinen Priorit\u00e4ten und Verpflichtungen, die Bewegungsfreiheit wird wiedererlangt, aber ohne die Unannehmlichkeiten, die durch Kraftfahrzeuge, Parken, Staus, Stress und F\u00fchrerscheine verursacht werden.<\/span><br \/>\n<span style=\"font-size: 10pt;\">Ausgestattet mit einem 500-W-Motor f\u00e4hrt er mit einer einstellbaren Geschwindigkeit von 1 bis 15 km\/h und erm\u00f6glicht es Ihnen, von einer Person zu Fu\u00df begleitet zu werden, w\u00e4hrend Sie eine Geschwindigkeitsreserve haben.<\/span><br \/>\n<span style=\"font-size: 10pt;\">Er kann Steigungen von bis zu 12\u00b0 erklimmen.<\/span><br \/>\n<span style=\"font-size: 10pt;\">Der Dual Senior Elektrowagen kann mit einer vollen Akkuladung 55 bis 60 km zur\u00fccklegen und bietet eine Aktionsautonomie von mehreren Stunden, sch\u00f6ne Fahrten in Sichtweite und Reisen an Orten, die unzug\u00e4nglich geworden sind.<\/span><br \/>\n<span style=\"font-size: 10pt;\">Sein R\u00fcckw\u00e4rtsgang ist sehr praktisch beim Rangieren oder Einparken.<\/span><br \/>\n<span style=\"font-size: 10pt;\">Er ist mit einer selbstblockierenden Motorbremse ausgestattet, die aktiviert wird, sobald das Gaspedal losgelassen wird.<\/span><br \/>\n<span style=\"font-size: 10pt;\">Er tr\u00e4gt das Gewicht von zwei Personen f\u00fcr insgesamt bis zu 200 kg, seine R\u00e4der haben einen Durchmesser von 33 cm, was ihm eine Bodenfreiheit von 14 cm verleiht, sie sind mit Sto\u00dfd\u00e4mpfern ausgestattet, die einen sehr guten Komfort bieten, indem sie die Unebenheiten der Stra\u00dfe reduzieren.<\/span><br \/>\n<span style=\"font-size: 10pt;\">Der Elektrowagen Senior Dual kann auf Freilauf umgestellt werden, so dass er leicht im Haus oder in der Garage bewegt werden kann.<\/span><br \/>\n<span style=\"font-size: 10pt;\">Er verf\u00fcgt \u00fcber einen LED-Scheinwerfer, R\u00fcckstrahler, Signofiles und einen Z\u00fcndschl\u00fcssel.<\/span><br \/>\n<span style=\"font-size: 10pt;\">Da es sehr leise ist, ist es mit einer &#8222;Tut-Tut&#8220;- oder &#8222;Piep-Piep&#8220;-Hupe ausgestattet, die nicht wie die Hupe eines Autos aussieht, aber effektiv ist, um ihre Anwesenheit auf Gehwegen zu signalisieren.<\/span><br \/>\n<span style=\"font-size: 10pt;\">Es l\u00e4sst sich w\u00e4hrend des Transports mit dem Fahrzeug leicht demontieren und kann am Zielort in 1 Minute leicht wieder zusammengebaut werden, um eine Familienaktivit\u00e4t wie Spazierg\u00e4nge am See oder im Urlaub auszu\u00fcben.<\/span><\/p>\n<p><span style=\"font-size: 10pt;\"><strong>Copyright \u00a9 Swissmassage S\u00e0rl <\/strong><\/span><br \/>\n<span style=\"font-size: 10pt;\"><span style=\"font-size: 10pt;\">Motorleistung 24V 500W.<br \/>\n4x 12V 45A Batterien.<br \/>\nMaximale Ladezeit 8h-12h.<br \/>\nZur\u00fcckgelegte Strecke pro Ladung 55 bis 60 km.<br \/>\nEinstellbare H\u00f6chstgeschwindigkeit 15 km\/h.<br \/>\nR\u00fcckw\u00e4rtsgang mit einstellbarer Geschwindigkeit.<br \/>\nSelbsthemmende Motorbremse.<br \/>\nMaximale Belastung 200 kg.<br \/>\nDurchmesser der massiven R\u00e4der 33cm.<br \/>\nGr\u00f6\u00dfenradius 200cm.<br \/>\nBodenfreiheit 14cm.<br \/>\nMaximale Steigung 12\u00b0.<br \/>\nSitzd\u00e4mpfer.<br \/>\nFreilaufschalter.<br \/>\nR\u00f6tliche Farbe.<br \/>\nLED-Frontleuchte.<br \/>\nR\u00fcckstrahler.<br \/>\nGewicht 105kg.<br \/>\nAbmessungen 150 x 66 x 97 cm.<br \/>\nTragekorb.                   <\/span><\/span><\/p>\n<p><span style=\"font-size: 10pt;\"><span style=\"font-size: 10pt;\">In <\/span><span style=\"font-size: 10pt;\">unserem Showroom nach Vereinbarung unter Tel. 024 564 46 46<\/span><\/span> testen lassen 1 <span style=\"font-size: 10pt;\">Jahr Motorgarantie.<\/span><\/p>\n","protected":false},"excerpt":{"rendered":"<p>Dual Senior Elektrowagen.<br \/>\nElektrowagen f\u00fcr eingeschr\u00e4nkte Mobilit\u00e4t Senioren 2 Sitze. <\/p>\n","protected":false},"featured_media":11558,"template":"","meta":{"_seopress_robots_primary_cat":"none","_seopress_titles_title":"","_seopress_titles_desc":"Der elektrische Elektromobil f\u00fcr Senioren Modell Dual nimmt Sie als Paar auf eine romantische Fahrt oder mit einem Ihrer Enkelkinder mit, um sie von der Schule abzuholen.","_seopress_robots_index":""},"pwb-brand":[],"product_brand":[],"product_cat":[1392,1393],"product_tag":[1565,1566,1568,1567],"product_folder":[1027],"class_list":{"0":"post-15265","1":"product","2":"type-product","3":"status-publish","4":"has-post-thumbnail","6":"product_cat-alle-seniorenartikel","7":"product_cat-senioren-mobilitaet","8":"product_tag-kleinwagen","9":"product_tag-mobilitat","10":"product_tag-motorroller","11":"product_tag-senior-de","13":"first","14":"instock","15":"taxable","16":"shipping-taxable","17":"purchasable","18":"product-type-simple"},"exclude_global_add_ons":[],"addons":[],"brands":[],"_links":{"self":[{"href":"https:\/\/swissmassage.weprocess.dev\/de\/wp-json\/wp\/v2\/product\/15265","targetHints":{"allow":["GET"]}}],"collection":[{"href":"https:\/\/swissmassage.weprocess.dev\/de\/wp-json\/wp\/v2\/product"}],"about":[{"href":"https:\/\/swissmassage.weprocess.dev\/de\/wp-json\/wp\/v2\/types\/product"}],"wp:featuredmedia":[{"embeddable":true,"href":"https:\/\/swissmassage.weprocess.dev\/de\/wp-json\/wp\/v2\/media\/11558"}],"wp:attachment":[{"href":"https:\/\/swissmassage.weprocess.dev\/de\/wp-json\/wp\/v2\/media?parent=15265"}],"wp:term":[{"taxonomy":"pwb-brand","embeddable":true,"href":"https:\/\/swissmassage.weprocess.dev\/de\/wp-json\/wp\/v2\/pwb-brand?post=15265"},{"taxonomy":"product_brand","embeddable":true,"href":"https:\/\/swissmassage.weprocess.dev\/de\/wp-json\/wp\/v2\/product_brand?post=15265"},{"taxonomy":"product_cat","embeddable":true,"href":"https:\/\/swissmassage.weprocess.dev\/de\/wp-json\/wp\/v2\/product_cat?post=15265"},{"taxonomy":"product_tag","embeddable":true,"href":"https:\/\/swissmassage.weprocess.dev\/de\/wp-json\/wp\/v2\/product_tag?post=15265"},{"taxonomy":"product_folder","embeddable":true,"href":"https:\/\/swissmassage.weprocess.dev\/de\/wp-json\/wp\/v2\/product_folder?post=15265"}],"curies":[{"name":"wp","href":"https:\/\/api.w.org\/{rel}","templated":true}]}}