{"id":15263,"date":"2023-05-24T14:49:23","date_gmt":"2023-05-24T14:49:23","guid":{"rendered":"https:\/\/swissmassage.ch\/produit\/medizinische-untersuchungsliege\/"},"modified":"2025-10-23T17:43:31","modified_gmt":"2025-10-23T15:43:31","slug":"medizinische-untersuchungsliege","status":"publish","type":"product","link":"https:\/\/swissmassage.weprocess.dev\/de\/produits\/medizinische-untersuchungsliege\/","title":{"rendered":"Medizinische Untersuchungsliege Modell Fix"},"content":{"rendered":"<h2>Station\u00e4re hochklappbare medizinische Pflegeliege<\/h2>\n<h2><span style=\"font-size: 10pt;\">Beschreibung der medizinischen Untersuchungsliege:<\/span><\/h2>\n<p><span style=\"font-size: 10pt;\">Die medizinische Untersuchungsliege hat Abmessungen, die den Normen f\u00fcr die Aufnahme von Patienten aller Gr\u00f6\u00dfen entsprechen.<\/span><br \/>\n<span style=\"font-size: 10pt;\">  Sein 5 cm dicker Schaumstoff bietet einen hervorragenden Komfort, der es dem Patienten erleichtert, sich zu entspannen. Die aufrechte R\u00fcckenlehne auf gekerbten Scharnieren erm\u00f6glicht die Untersuchung des Patienten im Sitzen. Es ist mit einem Gesichtsloch und einer Kappe ausgestattet, mit der Behandlungen in Bauchlage durchgef\u00fchrt werden k\u00f6nnen. Mit einer H\u00f6he von 70 cm kann er von Menschen aller K\u00f6rpergr\u00f6\u00dfen verwendet werden. Abnehmbar wiegt es nur 28 kg, was einen m\u00f6glichen Umzug erleichtert. Er tr\u00e4gt ein maximales Gewicht von 200 kg. Seine PVC-MED-Beschichtung entspricht dem medizinischen Standard und kann daher in Krankenh\u00e4usern eingesetzt werden. Es ist mit dem unverzichtbaren Papierrollenhalter f\u00fcr die medizinische Versorgung ausgestattet.<br \/>\nDieses Ger\u00e4t wird in unserem Showroom in Aigle nach Vereinbarung unter 024 564 46 46 vorgef\u00fchrt und getestet.       <\/span><\/p>\n<p><span style=\"font-size: 10pt;\">Swissmassage ist eine eingetragene Marke, die Ihnen die Garantie f\u00fcr Seriosit\u00e4t und Nachverfolgung w\u00e4hrend Ihrer gesamten T\u00e4tigkeit bietet.<\/span><br \/>\n<span style=\"font-size: 10pt;\">Unsere Werkstatt verf\u00fcgt \u00fcber alle Ersatzteile.<\/span><\/p>\n","protected":false},"excerpt":{"rendered":"<p>Medizinische Untersuchungsliege und<br \/>\nmedizinische Pflegeliege Einfach und zuverl\u00e4ssig praktisch zu einem sehr attraktiven Preis, die Behandlungsliege f\u00fcr Allgemeinmediziner oder andere medizinische Versorgung.<\/p>\n","protected":false},"featured_media":14436,"template":"","meta":{"_seopress_robots_primary_cat":"none","_seopress_titles_title":"","_seopress_titles_desc":"Die medizinische Untersuchungsliege hat Abmessungen, die den Normen f\u00fcr die Aufnahme von Patienten aller Gr\u00f6\u00dfen entsprechen.","_seopress_robots_index":""},"pwb-brand":[],"product_brand":[],"product_cat":[1331,1382],"product_tag":[1458],"product_folder":[1013],"class_list":{"0":"post-15263","1":"product","2":"type-product","3":"status-publish","4":"has-post-thumbnail","6":"product_cat-alle-physio-medizinischen-artikel","7":"product_cat-medizinische-untersuchungsliegen","8":"product_tag-liege-fur-medizinische-untersuchungen","10":"first","11":"instock","12":"taxable","13":"shipping-taxable","14":"purchasable","15":"product-type-simple"},"exclude_global_add_ons":[],"addons":[],"brands":[],"_links":{"self":[{"href":"https:\/\/swissmassage.weprocess.dev\/de\/wp-json\/wp\/v2\/product\/15263","targetHints":{"allow":["GET"]}}],"collection":[{"href":"https:\/\/swissmassage.weprocess.dev\/de\/wp-json\/wp\/v2\/product"}],"about":[{"href":"https:\/\/swissmassage.weprocess.dev\/de\/wp-json\/wp\/v2\/types\/product"}],"wp:featuredmedia":[{"embeddable":true,"href":"https:\/\/swissmassage.weprocess.dev\/de\/wp-json\/wp\/v2\/media\/14436"}],"wp:attachment":[{"href":"https:\/\/swissmassage.weprocess.dev\/de\/wp-json\/wp\/v2\/media?parent=15263"}],"wp:term":[{"taxonomy":"pwb-brand","embeddable":true,"href":"https:\/\/swissmassage.weprocess.dev\/de\/wp-json\/wp\/v2\/pwb-brand?post=15263"},{"taxonomy":"product_brand","embeddable":true,"href":"https:\/\/swissmassage.weprocess.dev\/de\/wp-json\/wp\/v2\/product_brand?post=15263"},{"taxonomy":"product_cat","embeddable":true,"href":"https:\/\/swissmassage.weprocess.dev\/de\/wp-json\/wp\/v2\/product_cat?post=15263"},{"taxonomy":"product_tag","embeddable":true,"href":"https:\/\/swissmassage.weprocess.dev\/de\/wp-json\/wp\/v2\/product_tag?post=15263"},{"taxonomy":"product_folder","embeddable":true,"href":"https:\/\/swissmassage.weprocess.dev\/de\/wp-json\/wp\/v2\/product_folder?post=15263"}],"curies":[{"name":"wp","href":"https:\/\/api.w.org\/{rel}","templated":true}]}}