{"id":15262,"date":"2023-05-24T14:49:22","date_gmt":"2023-05-24T12:49:22","guid":{"rendered":"https:\/\/swissmassage.ch\/produit\/magische-handmassage\/"},"modified":"2023-05-24T14:49:22","modified_gmt":"2023-05-24T12:49:22","slug":"magische-handmassage","status":"publish","type":"product","link":"https:\/\/swissmassage.weprocess.dev\/de\/produits\/magische-handmassage\/","title":{"rendered":"Magisches Handmassage-Zubeh\u00f6r"},"content":{"rendered":"<h2 style=\"text-align: left;\">Magisches Handmassage-Zubeh\u00f6r.<\/h2>\n","protected":false},"excerpt":{"rendered":"<p>Magisches Handmassage-Zubeh\u00f6r.<\/p>\n","protected":false},"featured_media":11585,"template":"","meta":{"_seopress_robots_primary_cat":"none","_seopress_titles_title":"","_seopress_titles_desc":"Hauptzubeh\u00f6r f\u00fcr die magische Massage: Entwickelt, um Verspannungen zu l\u00f6sen und die Durchblutung zu verbessern und ein entspannendes und effektives Massageerlebnis zu bieten.","_seopress_robots_index":""},"pwb-brand":[],"product_brand":[],"product_cat":[1345,1335],"product_tag":[],"product_folder":[1002],"class_list":{"0":"post-15262","1":"product","2":"type-product","3":"status-publish","4":"has-post-thumbnail","6":"product_cat-alles-massagezubehor","7":"product_cat-massagezubehor","9":"first","10":"instock","11":"taxable","12":"shipping-taxable","13":"purchasable","14":"product-type-simple"},"exclude_global_add_ons":[],"addons":[],"brands":[],"_links":{"self":[{"href":"https:\/\/swissmassage.weprocess.dev\/de\/wp-json\/wp\/v2\/product\/15262","targetHints":{"allow":["GET"]}}],"collection":[{"href":"https:\/\/swissmassage.weprocess.dev\/de\/wp-json\/wp\/v2\/product"}],"about":[{"href":"https:\/\/swissmassage.weprocess.dev\/de\/wp-json\/wp\/v2\/types\/product"}],"wp:featuredmedia":[{"embeddable":true,"href":"https:\/\/swissmassage.weprocess.dev\/de\/wp-json\/wp\/v2\/media\/11585"}],"wp:attachment":[{"href":"https:\/\/swissmassage.weprocess.dev\/de\/wp-json\/wp\/v2\/media?parent=15262"}],"wp:term":[{"taxonomy":"pwb-brand","embeddable":true,"href":"https:\/\/swissmassage.weprocess.dev\/de\/wp-json\/wp\/v2\/pwb-brand?post=15262"},{"taxonomy":"product_brand","embeddable":true,"href":"https:\/\/swissmassage.weprocess.dev\/de\/wp-json\/wp\/v2\/product_brand?post=15262"},{"taxonomy":"product_cat","embeddable":true,"href":"https:\/\/swissmassage.weprocess.dev\/de\/wp-json\/wp\/v2\/product_cat?post=15262"},{"taxonomy":"product_tag","embeddable":true,"href":"https:\/\/swissmassage.weprocess.dev\/de\/wp-json\/wp\/v2\/product_tag?post=15262"},{"taxonomy":"product_folder","embeddable":true,"href":"https:\/\/swissmassage.weprocess.dev\/de\/wp-json\/wp\/v2\/product_folder?post=15262"}],"curies":[{"name":"wp","href":"https:\/\/api.w.org\/{rel}","templated":true}]}}