{"id":15260,"date":"2023-05-24T14:49:29","date_gmt":"2023-05-24T12:49:29","guid":{"rendered":"https:\/\/swissmassage.ch\/produit\/lupen-lampe-fur-nageltisch\/"},"modified":"2023-05-24T14:49:29","modified_gmt":"2023-05-24T12:49:29","slug":"lupen-lampe-fur-nageltisch","status":"publish","type":"product","link":"https:\/\/swissmassage.weprocess.dev\/de\/produits\/lupen-lampe-fur-nageltisch\/","title":{"rendered":"Lampe Tisch Lupennagel"},"content":{"rendered":"<h2>Kaltlicht-LED-Lupenlampe.<\/h2>\n<p>  F\u00fcr Nagel und \u00c4sthetik.  <span style=\"font-size: 10pt;\">Leistung: 6W Reflektoren: Lupe x5 Lichtstrom: 570 Lumen LED-Typ: SMD. LED &#8211; 30 Stk.<\/span><\/p>\n","protected":false},"excerpt":{"rendered":"<p>Kaltlicht-LED-Lupenlampe. F\u00fcr Nagel und \u00c4sthetik. Leistung: 6W Reflektoren: Lupe x5 Lichtstrom: 570 Lumen LED-Typ: SMD. LED &#8211; 30 Stk.<\/p>\n","protected":false},"featured_media":13293,"template":"","meta":{"_seopress_robots_primary_cat":"none","_seopress_titles_title":"Lupen Lampe f\u00fcr Nageltisch - Swissmassage","_seopress_titles_desc":"Lupen-Nagel-Tischleuchte: Bietet eine leistungsstarke Beleuchtung und eine eingebaute Lupe f\u00fcr eine pr\u00e4zise, professionelle Manik\u00fcrepflege.","_seopress_robots_index":""},"pwb-brand":[],"product_brand":[],"product_cat":[1332,1352],"product_tag":[],"product_folder":[1025],"class_list":{"0":"post-15260","1":"product","2":"type-product","3":"status-publish","4":"has-post-thumbnail","6":"product_cat-alle-asthetischen-artikel","7":"product_cat-asthetik-lupen-lampen","9":"first","10":"instock","11":"taxable","12":"shipping-taxable","13":"purchasable","14":"product-type-simple"},"exclude_global_add_ons":[],"addons":[],"brands":[],"_links":{"self":[{"href":"https:\/\/swissmassage.weprocess.dev\/de\/wp-json\/wp\/v2\/product\/15260","targetHints":{"allow":["GET"]}}],"collection":[{"href":"https:\/\/swissmassage.weprocess.dev\/de\/wp-json\/wp\/v2\/product"}],"about":[{"href":"https:\/\/swissmassage.weprocess.dev\/de\/wp-json\/wp\/v2\/types\/product"}],"wp:featuredmedia":[{"embeddable":true,"href":"https:\/\/swissmassage.weprocess.dev\/de\/wp-json\/wp\/v2\/media\/13293"}],"wp:attachment":[{"href":"https:\/\/swissmassage.weprocess.dev\/de\/wp-json\/wp\/v2\/media?parent=15260"}],"wp:term":[{"taxonomy":"pwb-brand","embeddable":true,"href":"https:\/\/swissmassage.weprocess.dev\/de\/wp-json\/wp\/v2\/pwb-brand?post=15260"},{"taxonomy":"product_brand","embeddable":true,"href":"https:\/\/swissmassage.weprocess.dev\/de\/wp-json\/wp\/v2\/product_brand?post=15260"},{"taxonomy":"product_cat","embeddable":true,"href":"https:\/\/swissmassage.weprocess.dev\/de\/wp-json\/wp\/v2\/product_cat?post=15260"},{"taxonomy":"product_tag","embeddable":true,"href":"https:\/\/swissmassage.weprocess.dev\/de\/wp-json\/wp\/v2\/product_tag?post=15260"},{"taxonomy":"product_folder","embeddable":true,"href":"https:\/\/swissmassage.weprocess.dev\/de\/wp-json\/wp\/v2\/product_folder?post=15260"}],"curies":[{"name":"wp","href":"https:\/\/api.w.org\/{rel}","templated":true}]}}