{"id":15258,"date":"2023-05-24T14:50:51","date_gmt":"2023-05-24T12:50:51","guid":{"rendered":"https:\/\/swissmassage.ch\/produit\/extra-breites-stehbrett\/"},"modified":"2023-05-24T14:50:51","modified_gmt":"2023-05-24T12:50:51","slug":"extra-breites-stehbrett","status":"publish","type":"product","link":"https:\/\/swissmassage.weprocess.dev\/de\/produits\/extra-breites-stehbrett\/","title":{"rendered":"Extra breites Stehbrett"},"content":{"rendered":"<h2>Extra breites Stehbrett f\u00fcr korpulente Menschen.<\/h2>\n<p> Elektrischer Sit-to-Steh-Tisch mit 2 Ebenen und R\u00fcckenlehne und 2 Motoren f\u00fcr H\u00f6he und Sit-up. Elektrischer Sitz-Steh-Schalter, verstellbare und unabh\u00e4ngige Fu\u00dfst\u00fctzen, verstellbare R\u00fcckenlehne, Befestigungsstangen f\u00fcr Gurte und einziehbare R\u00e4der. Mittelschiene f\u00fcr einfaches Umschnallen, Neigungsanzeige, Befestigungsgurt f\u00fcr die unteren Gliedma\u00dfen und Beckengurt mit 2 h\u00f6henverstellbaren und abnehmbaren Haltegriffen.<br \/>Elektrische H\u00f6henverstellung mit manueller Steuerung<br \/>Elektrisches Neigen durch manuelle Steuerung<br \/>R\u00fcckenlehne verstellbar durch Gestell<br \/>Verstellbare und unabh\u00e4ngige Fu\u00dfst\u00fctzen<br \/>Einziehbares Radsystem durch zentrale Steuerung. Diese Rollen sind nur f\u00fcr die Leerfahrt (Reinigung) bestimmt; Sie sind nicht f\u00fcr den Krankentransport gemacht.<br \/>Befestigungsstangen f\u00fcr Gurte<br \/>H\u00f6henverstellbare und abnehmbare Haltegriffe<br \/>Befestigungsgurte f\u00fcr die unteren Gliedma\u00dfen und Bauchgurt<br \/>Breite: 70 oder 80 cm<br \/>L\u00e4nge: 190 cm<br \/>Flache Arbeitsh\u00f6he: 52 bis 98 cm<br \/>Goniometer<br \/>Gest\u00fctztes Gewicht: 200 kg<br \/>Mechanisch geschwei\u00dftes Stahlchassis, Epoxidpulverlackierung, eingebrannt bei 210\u00ba<br \/>Die Motoren entsprechen den europ\u00e4ischen Sicherheitsnormen CE<br \/>PRODUKT &#8211; Hergestellt in Europa<br \/>Farbpalette der Beschichtung            <img loading=\"lazy\" decoding=\"async\" class=\"alignnone size-full wp-image-8278\" src=\"https:\/\/swissmassage.weprocess.dev\/wp-content\/uploads\/Palette-de-couleur-tables-physio-2.webp\" alt=\"\" width=\"1000\" height=\"600\" srcset=\"https:\/\/swissmassage.weprocess.dev\/wp-content\/uploads\/Palette-de-couleur-tables-physio-2.webp 1000w, https:\/\/swissmassage.weprocess.dev\/wp-content\/uploads\/Palette-de-couleur-tables-physio-2-600x360.webp 600w, https:\/\/swissmassage.weprocess.dev\/wp-content\/uploads\/Palette-de-couleur-tables-physio-2-300x180.webp 300w, https:\/\/swissmassage.weprocess.dev\/wp-content\/uploads\/Palette-de-couleur-tables-physio-2-768x461.webp 768w, https:\/\/swissmassage.weprocess.dev\/wp-content\/uploads\/Palette-de-couleur-tables-physio-2-20x12.webp 20w\" sizes=\"auto, (max-width: 1000px) 100vw, 1000px\" \/> <img loading=\"lazy\" decoding=\"async\" class=\"alignnone size-full wp-image-8279\" src=\"https:\/\/swissmassage.weprocess.dev\/wp-content\/uploads\/Palette-de-couleur-tables-physio-1.webp\" alt=\"\" width=\"1000\" height=\"600\" srcset=\"https:\/\/swissmassage.weprocess.dev\/wp-content\/uploads\/Palette-de-couleur-tables-physio-1.webp 1000w, https:\/\/swissmassage.weprocess.dev\/wp-content\/uploads\/Palette-de-couleur-tables-physio-1-600x360.webp 600w, https:\/\/swissmassage.weprocess.dev\/wp-content\/uploads\/Palette-de-couleur-tables-physio-1-300x180.webp 300w, https:\/\/swissmassage.weprocess.dev\/wp-content\/uploads\/Palette-de-couleur-tables-physio-1-768x461.webp 768w, https:\/\/swissmassage.weprocess.dev\/wp-content\/uploads\/Palette-de-couleur-tables-physio-1-20x12.webp 20w\" sizes=\"auto, (max-width: 1000px) 100vw, 1000px\" \/><\/p>\n","protected":false},"excerpt":{"rendered":"<p>Extra breites Stehbrett f\u00fcr korpulente Menschen. Elektrischer Sit-to-Steh-Tisch mit 2 Ebenen und R\u00fcckenlehne und 2 Motoren f\u00fcr H\u00f6he und Sit-up. Elektrischer Sitz-Steh-Schalter, verstellbare und unabh\u00e4ngige Fu\u00dfst\u00fctzen, verstellbare R\u00fcckenlehne, Befestigungsstangen f\u00fcr Gurte und einziehbare R\u00e4der. Mittelschiene f\u00fcr einfaches Umschnallen, Neigungsanzeige, Befestigungsgurt f\u00fcr die unteren Gliedma\u00dfen und Beckengurt mit 2 h\u00f6henverstellbaren und abnehmbaren Haltegriffen.Elektrische H\u00f6henverstellung mit manueller&hellip;<\/p>\n","protected":false},"featured_media":13299,"template":"","meta":{"_seopress_robots_primary_cat":"none","_seopress_titles_title":"Elektrisches Stehbrett 2 Segmente - Swissmassage","_seopress_titles_desc":"Elektrische Vertikalisierung, verstellbare und unabh\u00e4ngige Fu\u00dfst\u00fctzen, verstellbare R\u00fcckenlehne, Fixierleisten f\u00fcr Gurte und versenkbare Rollen.","_seopress_robots_index":""},"pwb-brand":[],"product_brand":[],"product_cat":[1331,1381],"product_tag":[1554,1555],"product_folder":[1032],"class_list":{"0":"post-15258","1":"product","2":"type-product","3":"status-publish","4":"has-post-thumbnail","6":"product_cat-alle-physio-medizinischen-artikel","7":"product_cat-vertikalisation-liegen","8":"product_tag-anhebung","9":"product_tag-stehbrett","11":"first","12":"instock","13":"taxable","14":"shipping-taxable","15":"purchasable","16":"product-type-simple"},"exclude_global_add_ons":false,"addons":[{"name":"Wahl der Breite","type":"multiple_choice","position":0,"required":true,"title_format":"label","description_enable":false,"description":null,"placeholder_enable":false,"placeholder":"","display":"radiobutton","restrictions_type":"any_text","adjust_price":false,"price":"","price_type":"flat_fee","restrictions":false,"min":0,"max":0,"options":[{"label":"70 cm","price":"","price_type":"flat_fee","image":0},{"label":"80 cm","price":"250","price_type":"flat_fee","image":0}],"id":1704369043},{"name":"Wahl der Farbe der Verkleidung","type":"multiple_choice","position":1,"required":true,"title_format":"label","description_enable":false,"description":null,"placeholder_enable":false,"placeholder":"","display":"images","restrictions_type":"any_text","adjust_price":false,"price":"","price_type":"flat_fee","restrictions":false,"min":0,"max":0,"options":[{"label":"Wei\u00df","price":"","price_type":"flat_fee","image":8361},{"label":"Perle","price":"","price_type":"flat_fee","image":8357},{"label":"Aschgrau","price":"","price_type":"flat_fee","image":8351},{"label":"Birke","price":"","price_type":"flat_fee","image":8353},{"label":"Kirsche","price":"","price_type":"flat_fee","image":8355},{"label":"Rose","price":"","price_type":"flat_fee","image":8358},{"label":"Schiefergrau","price":"","price_type":"flat_fee","image":8359},{"label":"Schwarz","price":"","price_type":"flat_fee","image":8354},{"label":"Stein-blau","price":"","price_type":"flat_fee","image":8360},{"label":"Tiefsee","price":"","price_type":"flat_fee","image":8356},{"label":"Atoll","price":"","price_type":"flat_fee","image":8352},{"label":"Weise","price":"","price_type":"flat_fee","image":8350},{"label":"Cappuccino","price":"","price_type":"flat_fee","image":8370},{"label":"Kastanie","price":"","price_type":"flat_fee","image":8369},{"label":"Kaschmir","price":"","price_type":"flat_fee","image":8368},{"label":"Johannisbrot","price":"","price_type":"flat_fee","image":8367},{"label":"Mocca","price":"","price_type":"flat_fee","image":8366},{"label":"Anthrazit","price":"","price_type":"flat_fee","image":8365},{"label":"Olive","price":"","price_type":"flat_fee","image":8364},{"label":"Datei","price":"","price_type":"flat_fee","image":8363},{"label":"Mais","price":"","price_type":"flat_fee","image":8374},{"label":"Sonne","price":"","price_type":"flat_fee","image":8373},{"label":"Orange","price":"","price_type":"flat_fee","image":8372},{"label":"Feuer","price":"","price_type":"flat_fee","image":8371}],"id":1704369044},{"name":"Wahl der Schaumart","type":"multiple_choice","position":2,"required":true,"title_format":"label","description_enable":false,"description":null,"placeholder_enable":false,"placeholder":"","display":"images","restrictions_type":"any_text","adjust_price":false,"price":"","price_type":"flat_fee","restrictions":false,"min":0,"max":0,"options":[{"label":"Standard 5 cm 30Kg\/m\u00b3","price":"","price_type":"flat_fee","image":8387},{"label":"Soft Memory 8 cm d.h. 4 cm 30Kg\/m\u00b3 + 4 cm Memory","price":"320","price_type":"flat_fee","image":8385},{"label":"Medium Memory 7 cm d.h. 5 cm 30Kg\/m\u00b3 + 2 cm Memory","price":"320","price_type":"flat_fee","image":8388}],"id":1704369045},{"name":"Option der Fernbedienung","type":"multiple_choice","position":3,"required":true,"title_format":"label","description_enable":false,"description":null,"placeholder_enable":false,"placeholder":"","display":"images","restrictions_type":"any_text","adjust_price":false,"price":"","price_type":"flat_fee","restrictions":false,"min":0,"max":0,"options":[{"label":"Handsteuerung inklusive","price":"","price_type":"flat_fee","image":8421}],"id":1704369046}],"brands":[],"_links":{"self":[{"href":"https:\/\/swissmassage.weprocess.dev\/de\/wp-json\/wp\/v2\/product\/15258","targetHints":{"allow":["GET"]}}],"collection":[{"href":"https:\/\/swissmassage.weprocess.dev\/de\/wp-json\/wp\/v2\/product"}],"about":[{"href":"https:\/\/swissmassage.weprocess.dev\/de\/wp-json\/wp\/v2\/types\/product"}],"wp:featuredmedia":[{"embeddable":true,"href":"https:\/\/swissmassage.weprocess.dev\/de\/wp-json\/wp\/v2\/media\/13299"}],"wp:attachment":[{"href":"https:\/\/swissmassage.weprocess.dev\/de\/wp-json\/wp\/v2\/media?parent=15258"}],"wp:term":[{"taxonomy":"pwb-brand","embeddable":true,"href":"https:\/\/swissmassage.weprocess.dev\/de\/wp-json\/wp\/v2\/pwb-brand?post=15258"},{"taxonomy":"product_brand","embeddable":true,"href":"https:\/\/swissmassage.weprocess.dev\/de\/wp-json\/wp\/v2\/product_brand?post=15258"},{"taxonomy":"product_cat","embeddable":true,"href":"https:\/\/swissmassage.weprocess.dev\/de\/wp-json\/wp\/v2\/product_cat?post=15258"},{"taxonomy":"product_tag","embeddable":true,"href":"https:\/\/swissmassage.weprocess.dev\/de\/wp-json\/wp\/v2\/product_tag?post=15258"},{"taxonomy":"product_folder","embeddable":true,"href":"https:\/\/swissmassage.weprocess.dev\/de\/wp-json\/wp\/v2\/product_folder?post=15258"}],"curies":[{"name":"wp","href":"https:\/\/api.w.org\/{rel}","templated":true}]}}