{"id":15257,"date":"2023-05-24T14:50:36","date_gmt":"2023-05-24T14:50:36","guid":{"rendered":"https:\/\/swissmassage.ch\/produit\/hydraulischer-physioliege-modell-edu\/"},"modified":"2025-10-27T16:21:34","modified_gmt":"2025-10-27T15:21:34","slug":"hydraulischer-physioliege-modell-edu","status":"publish","type":"product","link":"https:\/\/swissmassage.weprocess.dev\/de\/produits\/hydraulischer-physioliege-modell-edu\/","title":{"rendered":"Hydraulische medizinische Liege Modell EDU"},"content":{"rendered":"<h2>Medizinische Untersuchungs- und Pflegeliege Modell EDU-Hydraulikmotor.<\/h2>\n<p><span style=\"font-size: 10pt;\">Medizinische Untersuchungsliege und Physiomotor Hydraulisch f\u00fcr die H\u00f6he mit Kolben bis Fu\u00dfsteuerung.<br \/>\nIdeal f\u00fcr Schulen und Puristen, die keinen Strom wollen.<\/span><\/p>\n<p><span style=\"font-size: 10pt;\">Der Hydraulikmotor ohne Strom verstellt die H\u00f6he von 57 cm bis 87 cm.<\/span><br \/>\n<span style=\"font-size: 10pt;\">Breite 66 cm.<\/span><br \/>\n<span style=\"font-size: 10pt;\">L\u00e4nge 195 cm.<\/span><br \/>\n<span style=\"font-size: 10pt;\">Gewicht 65 kg.<\/span><br \/>\n<span style=\"font-size: 10pt;\">Tr\u00e4gt bis zu 225 kg.<\/span><br \/>\n<span style=\"font-size: 10pt;\">5 cm Schaumstoff, Dichte 36 Kg \/m3.<\/span><br \/>\n<span style=\"font-size: 10pt;\">R\u00fcckenlehne mit Gesichtsloch und Kappe, durch Gasdruckfeder von -15\u00b0 bis +70\u00b0 neigbar.<\/span><br \/>\n<span style=\"font-size: 10pt;\">75 mm einziehbare, um 360\u00b0 drehbare Rollen f\u00fcr hervorragende Mobilit\u00e4t und Sicherheit.<\/span><br \/>\n<span style=\"font-size: 10pt;\">Polsterfarbe: Graphitgrau<\/span><br \/>\n<span style=\"font-size: 10pt;\">Beschichtung nach medizinischen PVC-Normen.<\/span><br \/>\n<span style=\"font-size: 10pt;\">Die Beschichtung widersteht Feuer, Flecken, Pilzen, \u00d6l und Wasser.<\/span><br \/>\n<span style=\"font-size: 10pt;\">Zertifizierungen: CE, FDA, ISO 9001-2008, ISO13485-2007.<\/span><br \/>\n<span style=\"font-size: 10pt;\">Zertifiziert gem\u00e4\u00df der Richtlinie 93\/42\/EWG \u2013 \u00e4rztliche Bescheinigung.<\/span><\/p>\n<h3>Video hydraulisch montierte Behandlungsliege:<\/h3>\n<div style=\"width: 1170px;\" class=\"wp-video\"><video class=\"wp-video-shortcode\" id=\"video-15257-1\" width=\"1170\" height=\"658\" preload=\"metadata\" controls=\"controls\"><source type=\"video\/mp4\" src=\"https:\/\/swissmassage.weprocess.dev\/wp-content\/uploads\/Video-table-de-physio-hydraulique-modele-EDU-Suisse-1.mp4?_=1\" \/><a href=\"https:\/\/swissmassage.weprocess.dev\/wp-content\/uploads\/Video-table-de-physio-hydraulique-modele-EDU-Suisse-1.mp4\">https:\/\/swissmassage.weprocess.dev\/wp-content\/uploads\/Video-table-de-physio-hydraulique-modele-EDU-Suisse-1.mp4<\/a><\/video><\/div>\n","protected":false},"excerpt":{"rendered":"<p>Medizinische Untersuchungs- und Pflegeliege Modell EDU-Hydraulikmotor. Medizinische Untersuchungsliege und Physiomotor Hydraulisch f\u00fcr die H\u00f6he mit Kolben bis Fu\u00dfsteuerung. Ideal f\u00fcr Schulen und Puristen, die keinen Strom wollen. Der Hydraulikmotor ohne Strom verstellt die H\u00f6he von 57 cm bis 87 cm. Breite 66 cm. L\u00e4nge 195 cm. Gewicht 65 kg. Tr\u00e4gt bis zu 225 kg. 5&hellip;<\/p>\n","protected":false},"featured_media":19963,"template":"","meta":{"_seopress_robots_primary_cat":"366","_seopress_titles_title":"","_seopress_titles_desc":"Physiotherapieliege mit hydraulischer H\u00f6henverstellung. R\u00fcckenlehne mit Gesichtsloch und Kappe, durch Gasdruckfeder von -15\u00b0 bis +70\u00b0 neigbar. ","_seopress_robots_index":""},"pwb-brand":[],"product_brand":[],"product_cat":[1331,1382,1383],"product_tag":[1492,1458,1493,1486],"product_folder":[1013],"class_list":{"0":"post-15257","1":"product","2":"type-product","3":"status-publish","4":"has-post-thumbnail","6":"product_cat-alle-physio-medizinischen-artikel","7":"product_cat-medizinische-untersuchungsliegen","8":"product_cat-physio-und-therapieliege-physio-medizinisch","9":"product_tag-hydraulik","10":"product_tag-liege-fur-medizinische-untersuchungen","11":"product_tag-physio-liege","12":"product_tag-physiotherapeut","14":"first","15":"instock","16":"taxable","17":"shipping-taxable","18":"purchasable","19":"product-type-simple"},"exclude_global_add_ons":false,"addons":[{"name":"Papierspender f\u00fcr medizinische Untersuchungen","type":"multiple_choice","position":0,"required":false,"title_format":"label","description_enable":false,"description":null,"placeholder_enable":false,"placeholder":null,"display":"images","restrictions_type":"any_text","adjust_price":false,"price":"","price_type":"flat_fee","restrictions":false,"min":0,"max":0,"options":[{"label":"Mit Papierspender f\u00fcr medizinische Untersuchungen","price":"80","price_type":"flat_fee","image":8506}],"id":1718011545}],"brands":[],"_links":{"self":[{"href":"https:\/\/swissmassage.weprocess.dev\/de\/wp-json\/wp\/v2\/product\/15257","targetHints":{"allow":["GET"]}}],"collection":[{"href":"https:\/\/swissmassage.weprocess.dev\/de\/wp-json\/wp\/v2\/product"}],"about":[{"href":"https:\/\/swissmassage.weprocess.dev\/de\/wp-json\/wp\/v2\/types\/product"}],"wp:featuredmedia":[{"embeddable":true,"href":"https:\/\/swissmassage.weprocess.dev\/de\/wp-json\/wp\/v2\/media\/19963"}],"wp:attachment":[{"href":"https:\/\/swissmassage.weprocess.dev\/de\/wp-json\/wp\/v2\/media?parent=15257"}],"wp:term":[{"taxonomy":"pwb-brand","embeddable":true,"href":"https:\/\/swissmassage.weprocess.dev\/de\/wp-json\/wp\/v2\/pwb-brand?post=15257"},{"taxonomy":"product_brand","embeddable":true,"href":"https:\/\/swissmassage.weprocess.dev\/de\/wp-json\/wp\/v2\/product_brand?post=15257"},{"taxonomy":"product_cat","embeddable":true,"href":"https:\/\/swissmassage.weprocess.dev\/de\/wp-json\/wp\/v2\/product_cat?post=15257"},{"taxonomy":"product_tag","embeddable":true,"href":"https:\/\/swissmassage.weprocess.dev\/de\/wp-json\/wp\/v2\/product_tag?post=15257"},{"taxonomy":"product_folder","embeddable":true,"href":"https:\/\/swissmassage.weprocess.dev\/de\/wp-json\/wp\/v2\/product_folder?post=15257"}],"curies":[{"name":"wp","href":"https:\/\/api.w.org\/{rel}","templated":true}]}}