{"id":15245,"date":"2023-05-24T14:50:56","date_gmt":"2023-05-24T14:50:56","guid":{"rendered":"https:\/\/swissmassage.ch\/produit\/medizinisches-stehbrett\/"},"modified":"2025-10-24T18:34:51","modified_gmt":"2025-10-24T16:34:51","slug":"medizinisches-stehbrett","status":"publish","type":"product","link":"https:\/\/swissmassage.weprocess.dev\/de\/produits\/medizinisches-stehbrett\/","title":{"rendered":"Medizinischer Sitz-Steh-Liege"},"content":{"rendered":"<h2>Sitz-Steh-Tisch f\u00fcr die Versorgung von Bandscheibenvorf\u00e4llen<\/h2>\n<p>Elektrischer Kipptisch mit 2 Ebenen und R\u00fcckenlehne und 2 Motoren f\u00fcr H\u00f6he und Neigung.<br \/>\nElektrischer Sitz-zu-Steh-Schalter, verstellbare und unabh\u00e4ngige Fu\u00dfst\u00fctzen, verstellbare R\u00fcckenlehne, verstellbare Armlehne, Befestigungsstangen f\u00fcr Gurte und einziehbare R\u00e4der.<br \/>\nMittelschiene f\u00fcr einfaches Umschnallen, Neigungsanzeige, Befestigungsgurt f\u00fcr die unteren Gliedma\u00dfen und Beckengurt mit 2 h\u00f6henverstellbaren und abnehmbaren Haltegriffen.<\/p>\n<p>L\u00e4nge: 189 cm<br \/>\nBreite: 64 cm<br \/>\nH\u00f6he: 48-95 cm<br \/>\nGewicht: 85 kg<br \/>\nMaximale Belastung: 250 kg<br \/>\nMotoren: 2<br \/>\nSchaumst\u00e4rke: 5 cm, Dichte: 36 kg\/m3<br \/>\nBeschichtung: MED PVC<br \/>\nH\u00f6he (flache Position): 48-95 cm<br \/>\nNeigungswinkel von 0\u00ba bis 85\u00ba<br \/>\nVerstellbare Fu\u00dfst\u00fctze<br \/>\nVerstellbare Armlehnen<br \/>\nHandfernbedienung<br \/>\nSteuerkasten f\u00fcr medizinische Ger\u00e4te<br \/>\nLoch f\u00fcr die Vorderseite<br \/>\n4-Rad-Bremsanlage<br \/>\nZertifizierungen: 93\/42\/EWG Medizinprodukterichtlinie<\/p>\n<h3>Video vom medizinischen Stehtisch.<\/h3>\n<div style=\"width: 1170px;\" class=\"wp-video\"><video class=\"wp-video-shortcode\" id=\"video-15245-1\" width=\"1170\" height=\"662\" preload=\"metadata\" controls=\"controls\"><source type=\"video\/mp4\" src=\"https:\/\/swissmassage.weprocess.dev\/wp-content\/uploads\/Video-table-de-verticalisation-medicale-suisse.mp4?_=1\" \/><a href=\"https:\/\/swissmassage.weprocess.dev\/wp-content\/uploads\/Video-table-de-verticalisation-medicale-suisse.mp4\">https:\/\/swissmassage.weprocess.dev\/wp-content\/uploads\/Video-table-de-verticalisation-medicale-suisse.mp4<\/a><\/video><\/div>\n","protected":false},"excerpt":{"rendered":"<p>Sitz-Steh-Tisch f\u00fcr die Versorgung von Bandscheibenvorf\u00e4llen Elektrischer Kipptisch mit 2 Ebenen und R\u00fcckenlehne und 2 Motoren f\u00fcr H\u00f6he und Neigung. Elektrischer Sitz-zu-Steh-Schalter, verstellbare und unabh\u00e4ngige Fu\u00dfst\u00fctzen, verstellbare R\u00fcckenlehne, verstellbare Armlehne, Befestigungsstangen f\u00fcr Gurte und einziehbare R\u00e4der. Mittelschiene f\u00fcr einfaches Umschnallen, Neigungsanzeige, Befestigungsgurt f\u00fcr die unteren Gliedma\u00dfen und Beckengurt mit 2 h\u00f6henverstellbaren und abnehmbaren Haltegriffen. L\u00e4nge:&hellip;<\/p>\n","protected":false},"featured_media":20763,"template":"","meta":{"_seopress_robots_primary_cat":"none","_seopress_titles_title":"Medizinisches Stehbrett im Ausverkauf","_seopress_titles_desc":"Sitz-Steh-Tisch f\u00fcr die Pflege von Bandscheibenvorf\u00e4llen, Modell auf Ausverkauf mit 1 Jahr Garantie. 2 Platten mit R\u00fcckenlehne und 2 Motoren f\u00fcr H\u00f6he und Vertikalisierung. ","_seopress_robots_index":""},"pwb-brand":[],"product_brand":[],"product_cat":[1331,1381],"product_tag":[1554,1555],"product_folder":[1032],"class_list":{"0":"post-15245","1":"product","2":"type-product","3":"status-publish","4":"has-post-thumbnail","6":"product_cat-alle-physio-medizinischen-artikel","7":"product_cat-vertikalisation-liegen","8":"product_tag-anhebung","9":"product_tag-stehbrett","11":"first","12":"instock","13":"taxable","14":"shipping-taxable","15":"purchasable","16":"product-type-simple"},"exclude_global_add_ons":[],"addons":[],"brands":[],"_links":{"self":[{"href":"https:\/\/swissmassage.weprocess.dev\/de\/wp-json\/wp\/v2\/product\/15245","targetHints":{"allow":["GET"]}}],"collection":[{"href":"https:\/\/swissmassage.weprocess.dev\/de\/wp-json\/wp\/v2\/product"}],"about":[{"href":"https:\/\/swissmassage.weprocess.dev\/de\/wp-json\/wp\/v2\/types\/product"}],"wp:featuredmedia":[{"embeddable":true,"href":"https:\/\/swissmassage.weprocess.dev\/de\/wp-json\/wp\/v2\/media\/20763"}],"wp:attachment":[{"href":"https:\/\/swissmassage.weprocess.dev\/de\/wp-json\/wp\/v2\/media?parent=15245"}],"wp:term":[{"taxonomy":"pwb-brand","embeddable":true,"href":"https:\/\/swissmassage.weprocess.dev\/de\/wp-json\/wp\/v2\/pwb-brand?post=15245"},{"taxonomy":"product_brand","embeddable":true,"href":"https:\/\/swissmassage.weprocess.dev\/de\/wp-json\/wp\/v2\/product_brand?post=15245"},{"taxonomy":"product_cat","embeddable":true,"href":"https:\/\/swissmassage.weprocess.dev\/de\/wp-json\/wp\/v2\/product_cat?post=15245"},{"taxonomy":"product_tag","embeddable":true,"href":"https:\/\/swissmassage.weprocess.dev\/de\/wp-json\/wp\/v2\/product_tag?post=15245"},{"taxonomy":"product_folder","embeddable":true,"href":"https:\/\/swissmassage.weprocess.dev\/de\/wp-json\/wp\/v2\/product_folder?post=15245"}],"curies":[{"name":"wp","href":"https:\/\/api.w.org\/{rel}","templated":true}]}}