{"id":15241,"date":"2023-05-24T14:51:39","date_gmt":"2023-05-24T12:51:39","guid":{"rendered":"https:\/\/swissmassage.ch\/produit\/pedikure-sessel-modell-pacha-weiss\/"},"modified":"2023-05-24T14:51:39","modified_gmt":"2023-05-24T12:51:39","slug":"pedikure-sessel-modell-pacha-weiss","status":"publish","type":"product","link":"https:\/\/swissmassage.weprocess.dev\/de\/produits\/pedikure-sessel-modell-pacha-weiss\/","title":{"rendered":"Wei\u00dfer Pedik\u00fcrestuhl Modell Pacha"},"content":{"rendered":"<h2>Wei\u00dfes Pacha Modell Pedik\u00fcre und Nagelstuhl.<\/h2>\n<p>  Sehr bequemer Pedik\u00fcre- und Nagelstuhl mit elegantem Design.<br \/>\nStudiert f\u00fcr die Sch\u00f6nheit der F\u00fc\u00dfe, die Nagelpflege und auch f\u00fcr die Pedik\u00fcre.<br \/>\nAusgestattet mit einer verstellbaren R\u00fcckenlehne erm\u00f6glicht es Ihnen, die bequemste Position zu erreichen.<br \/>\nDer untere Teil \u00f6ffnet sich und gibt den Zugang zum Fu\u00dfbad mit Whirlpool frei.<br \/>\nEs verwandelt sich in Fu\u00dfst\u00fctzen, die in der H\u00f6he verstellt werden k\u00f6nnen und dem Praktizierenden viel Komfort bieten.<br \/>\nMa\u00dfe: 136 cm lang x 86 cm breit und 126 cm hoch, Sitzh\u00f6he 56 cm.<br \/>\nVermeiden Sie es, Wasser auf die Metallteile zu gie\u00dfen, in denen sich die Pfanne befindet, um langfristig ein Korrosionsrisiko zu vermeiden.<br \/>\nErh\u00e4ltlich in der ganzen Schweiz oder zum Testen in unserer Ausstellung in Monthey nach Terminvereinbarung.       <\/p>\n","protected":false},"excerpt":{"rendered":"<p>Wei\u00dfes Pacha Modell Pedik\u00fcre und Nagelstuhl. Sehr bequemer Pedik\u00fcre- und Nagelstuhl mit elegantem Design. Studiert f\u00fcr die Sch\u00f6nheit der F\u00fc\u00dfe, die Nagelpflege und auch f\u00fcr die Pedik\u00fcre. Ausgestattet mit einer verstellbaren R\u00fcckenlehne erm\u00f6glicht es Ihnen, die bequemste Position zu erreichen. Der untere Teil \u00f6ffnet sich und gibt den Zugang zum Fu\u00dfbad mit Whirlpool frei. Es&hellip;<\/p>\n","protected":false},"featured_media":11720,"template":"","meta":{"_seopress_robots_primary_cat":"none","_seopress_titles_title":"","_seopress_titles_desc":"Wei\u00dfes Pacha Modell Pedik\u00fcre und Nagelstuhl.\nDer untere Teil \u00f6ffnet sich und gibt den Zugang zum Fu\u00dfbad mit Whirlpool frei. ","_seopress_robots_index":""},"pwb-brand":[],"product_brand":[],"product_cat":[1332,1331,1392,1349,1390,1376],"product_tag":[1466,1457],"product_folder":[1000],"class_list":{"0":"post-15241","1":"product","2":"type-product","3":"status-publish","4":"has-post-thumbnail","6":"product_cat-alle-asthetischen-artikel","7":"product_cat-alle-physio-medizinischen-artikel","8":"product_cat-alle-seniorenartikel","9":"product_cat-ausstattungen-fur-pedikure-und-fuspflege","10":"product_cat-podologie-in-seniorenheimen-ems","11":"product_cat-podologie-und-pedikuere","12":"product_tag-fuspfleger","13":"product_tag-pedikure-stuhl","15":"first","16":"instock","17":"taxable","18":"shipping-taxable","19":"purchasable","20":"product-type-simple"},"exclude_global_add_ons":[],"addons":[],"brands":[],"_links":{"self":[{"href":"https:\/\/swissmassage.weprocess.dev\/de\/wp-json\/wp\/v2\/product\/15241","targetHints":{"allow":["GET"]}}],"collection":[{"href":"https:\/\/swissmassage.weprocess.dev\/de\/wp-json\/wp\/v2\/product"}],"about":[{"href":"https:\/\/swissmassage.weprocess.dev\/de\/wp-json\/wp\/v2\/types\/product"}],"wp:featuredmedia":[{"embeddable":true,"href":"https:\/\/swissmassage.weprocess.dev\/de\/wp-json\/wp\/v2\/media\/11720"}],"wp:attachment":[{"href":"https:\/\/swissmassage.weprocess.dev\/de\/wp-json\/wp\/v2\/media?parent=15241"}],"wp:term":[{"taxonomy":"pwb-brand","embeddable":true,"href":"https:\/\/swissmassage.weprocess.dev\/de\/wp-json\/wp\/v2\/pwb-brand?post=15241"},{"taxonomy":"product_brand","embeddable":true,"href":"https:\/\/swissmassage.weprocess.dev\/de\/wp-json\/wp\/v2\/product_brand?post=15241"},{"taxonomy":"product_cat","embeddable":true,"href":"https:\/\/swissmassage.weprocess.dev\/de\/wp-json\/wp\/v2\/product_cat?post=15241"},{"taxonomy":"product_tag","embeddable":true,"href":"https:\/\/swissmassage.weprocess.dev\/de\/wp-json\/wp\/v2\/product_tag?post=15241"},{"taxonomy":"product_folder","embeddable":true,"href":"https:\/\/swissmassage.weprocess.dev\/de\/wp-json\/wp\/v2\/product_folder?post=15241"}],"curies":[{"name":"wp","href":"https:\/\/api.w.org\/{rel}","templated":true}]}}