{"id":15240,"date":"2023-05-24T14:51:36","date_gmt":"2023-05-24T12:51:36","guid":{"rendered":"https:\/\/swissmassage.ch\/produit\/spannbettlaken-set-fur-sitzmassagesessel\/"},"modified":"2023-05-24T14:51:36","modified_gmt":"2023-05-24T12:51:36","slug":"spannbettlaken-set-fur-sitzmassagesessel","status":"publish","type":"product","link":"https:\/\/swissmassage.weprocess.dev\/de\/produits\/spannbettlaken-set-fur-sitzmassagesessel\/","title":{"rendered":"Spannbettlaken-Set f\u00fcr sitzenden Massagesessel"},"content":{"rendered":"<h2 style=\"text-align: left;\">Kit Waschbares Flanell-Spannbetttuch f\u00fcr Amma Massagesessel.<\/h2>\n<p style=\"text-align: left;\"><span style=\"font-size: 10pt;\">In der ganzen Schweiz verf\u00fcgbar.<br \/>\nOder bringen Sie es direkt in unseren Showroom. <\/span><br \/>\n<span style=\"font-size: 10pt;\">Eingetragene Marke SWISSMASSAGE, Garantie f\u00fcr Seriosit\u00e4t und Nachverfolgung.<\/span><\/p>\n","protected":false},"excerpt":{"rendered":"<p>Kit Waschbares Flanell-Spannbetttuch f\u00fcr Amma Massagesessel. In der ganzen Schweiz verf\u00fcgbar. Oder bringen Sie es direkt in unseren Showroom. Eingetragene Marke SWISSMASSAGE, Garantie f\u00fcr Seriosit\u00e4t und Nachverfolgung.<\/p>\n","protected":false},"featured_media":11717,"template":"","meta":{"_seopress_robots_primary_cat":"none","_seopress_titles_title":"","_seopress_titles_desc":"Kit Waschbares Flanell-Spannbetttuch f\u00fcr Amma Massagesessel.\nIn der ganzen Schweiz verf\u00fcgbar. ","_seopress_robots_index":""},"pwb-brand":[],"product_brand":[],"product_cat":[1345,1344],"product_tag":[],"product_folder":[999],"class_list":{"0":"post-15240","1":"product","2":"type-product","3":"status-publish","4":"has-post-thumbnail","6":"product_cat-alles-massagezubehor","7":"product_cat-schutzbezuge-fur-massageliegen","9":"first","10":"instock","11":"taxable","12":"shipping-taxable","13":"purchasable","14":"product-type-simple"},"exclude_global_add_ons":[],"addons":[],"brands":[],"_links":{"self":[{"href":"https:\/\/swissmassage.weprocess.dev\/de\/wp-json\/wp\/v2\/product\/15240","targetHints":{"allow":["GET"]}}],"collection":[{"href":"https:\/\/swissmassage.weprocess.dev\/de\/wp-json\/wp\/v2\/product"}],"about":[{"href":"https:\/\/swissmassage.weprocess.dev\/de\/wp-json\/wp\/v2\/types\/product"}],"wp:featuredmedia":[{"embeddable":true,"href":"https:\/\/swissmassage.weprocess.dev\/de\/wp-json\/wp\/v2\/media\/11717"}],"wp:attachment":[{"href":"https:\/\/swissmassage.weprocess.dev\/de\/wp-json\/wp\/v2\/media?parent=15240"}],"wp:term":[{"taxonomy":"pwb-brand","embeddable":true,"href":"https:\/\/swissmassage.weprocess.dev\/de\/wp-json\/wp\/v2\/pwb-brand?post=15240"},{"taxonomy":"product_brand","embeddable":true,"href":"https:\/\/swissmassage.weprocess.dev\/de\/wp-json\/wp\/v2\/product_brand?post=15240"},{"taxonomy":"product_cat","embeddable":true,"href":"https:\/\/swissmassage.weprocess.dev\/de\/wp-json\/wp\/v2\/product_cat?post=15240"},{"taxonomy":"product_tag","embeddable":true,"href":"https:\/\/swissmassage.weprocess.dev\/de\/wp-json\/wp\/v2\/product_tag?post=15240"},{"taxonomy":"product_folder","embeddable":true,"href":"https:\/\/swissmassage.weprocess.dev\/de\/wp-json\/wp\/v2\/product_folder?post=15240"}],"curies":[{"name":"wp","href":"https:\/\/api.w.org\/{rel}","templated":true}]}}