{"id":15239,"date":"2023-05-24T14:51:03","date_gmt":"2023-05-24T14:51:03","guid":{"rendered":"https:\/\/swissmassage.ch\/produit\/modell-gesunder-tisch-d-elektrische-medizinische-untersuchungen\/"},"modified":"2025-10-26T17:58:15","modified_gmt":"2025-10-26T16:58:15","slug":"modell-gesunder-tisch-d-elektrische-medizinische-untersuchungen","status":"publish","type":"product","link":"https:\/\/swissmassage.weprocess.dev\/de\/produits\/modell-gesunder-tisch-d-elektrische-medizinische-untersuchungen\/","title":{"rendered":"Medizinische Untersuchungsliege Gesundes Modell"},"content":{"rendered":"<h2>Medizinische Untersuchungsliege und Behandlungsliege mit Elektromotor zur H\u00f6henverstellung.<\/h2>\n<p>Die praktische, einfache und zuverl\u00e4ssige elektrische medizinische Untersuchungsliege f\u00fcr Allgemeinmediziner ist per Fu\u00dfschalter von 46 bis 94 cm h\u00f6henverstellbar.<br \/>\nDiese Abmessungen mit einer Breite von 66 cm und einer L\u00e4nge von 195 cm bieten dem Patienten Komfort und gleichzeitig die N\u00e4he zum Arzt.<br \/>\nSein 5 cm dicker Schaumstoff mit einer Dichte von 36 kg\/m3 sorgt f\u00fcr Komfort und Entspannung.<br \/>\nDie R\u00fcckenlehne, die durch eine Gasfeder angehoben werden kann, erm\u00f6glicht die Untersuchung des Patienten im Sitzen. Es ist mit einem Gesichtsloch und einer Kappe ausgestattet, um Behandlungen in Bauchlage durchzuf\u00fchren.<br \/>\nSeine H\u00f6he von 94 cm erm\u00f6glicht eine pr\u00e4zise Auskultation, insbesondere in der Dermatologie.<br \/>\nDie Behandlungsliege wiegt 65 kg und tr\u00e4gt bis zu 225 kg.<br \/>\nSeine PVC-MED-Beschichtung entspricht dem medizinischen Standard und kann daher in Krankenh\u00e4usern eingesetzt werden.<br \/>\nZertifizierung 93\/42\/EWG Medizinprodukterichtlinie.  <\/p>\n<h3>Video zum gesunden medizinischen Liege<\/h3>\n<div style=\"width: 1170px;\" class=\"wp-video\"><video class=\"wp-video-shortcode\" id=\"video-15239-1\" width=\"1170\" height=\"658\" preload=\"metadata\" controls=\"controls\"><source type=\"video\/mp4\" src=\"https:\/\/swissmassage.weprocess.dev\/wp-content\/uploads\/Video-Table-de-soins-medicaux-modele-Healthy-Coinfycare-Swissmassage.mp4?_=1\" \/><a href=\"https:\/\/swissmassage.weprocess.dev\/wp-content\/uploads\/Video-Table-de-soins-medicaux-modele-Healthy-Coinfycare-Swissmassage.mp4\">https:\/\/swissmassage.weprocess.dev\/wp-content\/uploads\/Video-Table-de-soins-medicaux-modele-Healthy-Coinfycare-Swissmassage.mp4<\/a><\/video><\/div>\n","protected":false},"excerpt":{"rendered":"<p>Medizinische Untersuchungsliege und Behandlungsliege mit Elektromotor zur H\u00f6henverstellung. Die praktische, einfache und zuverl\u00e4ssige elektrische medizinische Untersuchungsliege f\u00fcr Allgemeinmediziner ist per Fu\u00dfschalter von 46 bis 94 cm h\u00f6henverstellbar. Diese Abmessungen mit einer Breite von 66 cm und einer L\u00e4nge von 195 cm bieten dem Patienten Komfort und gleichzeitig die N\u00e4he zum Arzt. Sein 5 cm dicker&hellip;<\/p>\n","protected":false},"featured_media":19915,"template":"","meta":{"_seopress_robots_primary_cat":"none","_seopress_titles_title":"Medizinische Untersuchungsliege Gesundes Modell im Angebot","_seopress_titles_desc":"Die praktische, einfache und zuverl\u00e4ssige elektrische medizinische Untersuchungsliege f\u00fcr Allgemeinmediziner ist per Fu\u00dfschalter von 46 bis 94 cm h\u00f6henverstellbar.","_seopress_robots_index":""},"pwb-brand":[],"product_brand":[],"product_cat":[1331,1382],"product_tag":[1458],"product_folder":[1013],"class_list":{"0":"post-15239","1":"product","2":"type-product","3":"status-publish","4":"has-post-thumbnail","6":"product_cat-alle-physio-medizinischen-artikel","7":"product_cat-medizinische-untersuchungsliegen","8":"product_tag-liege-fur-medizinische-untersuchungen","10":"first","11":"instock","12":"taxable","13":"shipping-taxable","14":"purchasable","15":"product-type-simple"},"exclude_global_add_ons":false,"addons":[{"name":"Papierspender f\u00fcr medizinische Untersuchungen","type":"multiple_choice","position":0,"required":false,"title_format":"label","description_enable":false,"description":null,"placeholder_enable":false,"placeholder":null,"display":"images","restrictions_type":"any_text","adjust_price":false,"price":"","price_type":"flat_fee","restrictions":false,"min":0,"max":0,"options":[{"label":"Mit Papierspender f\u00fcr medizinische Untersuchungen","price":"80","price_type":"flat_fee","image":8506}],"id":1718011518}],"brands":[],"_links":{"self":[{"href":"https:\/\/swissmassage.weprocess.dev\/de\/wp-json\/wp\/v2\/product\/15239","targetHints":{"allow":["GET"]}}],"collection":[{"href":"https:\/\/swissmassage.weprocess.dev\/de\/wp-json\/wp\/v2\/product"}],"about":[{"href":"https:\/\/swissmassage.weprocess.dev\/de\/wp-json\/wp\/v2\/types\/product"}],"wp:featuredmedia":[{"embeddable":true,"href":"https:\/\/swissmassage.weprocess.dev\/de\/wp-json\/wp\/v2\/media\/19915"}],"wp:attachment":[{"href":"https:\/\/swissmassage.weprocess.dev\/de\/wp-json\/wp\/v2\/media?parent=15239"}],"wp:term":[{"taxonomy":"pwb-brand","embeddable":true,"href":"https:\/\/swissmassage.weprocess.dev\/de\/wp-json\/wp\/v2\/pwb-brand?post=15239"},{"taxonomy":"product_brand","embeddable":true,"href":"https:\/\/swissmassage.weprocess.dev\/de\/wp-json\/wp\/v2\/product_brand?post=15239"},{"taxonomy":"product_cat","embeddable":true,"href":"https:\/\/swissmassage.weprocess.dev\/de\/wp-json\/wp\/v2\/product_cat?post=15239"},{"taxonomy":"product_tag","embeddable":true,"href":"https:\/\/swissmassage.weprocess.dev\/de\/wp-json\/wp\/v2\/product_tag?post=15239"},{"taxonomy":"product_folder","embeddable":true,"href":"https:\/\/swissmassage.weprocess.dev\/de\/wp-json\/wp\/v2\/product_folder?post=15239"}],"curies":[{"name":"wp","href":"https:\/\/api.w.org\/{rel}","templated":true}]}}