{"id":15238,"date":"2023-05-24T14:51:14","date_gmt":"2023-05-24T14:51:14","guid":{"rendered":"https:\/\/swissmassage.ch\/produit\/blutentnahmestuhl-modell-blood\/"},"modified":"2025-11-20T13:24:32","modified_gmt":"2025-11-20T12:24:32","slug":"blutentnahmestuhl-modell-blood","status":"publish","type":"product","link":"https:\/\/swissmassage.weprocess.dev\/de\/produits\/blutentnahmestuhl-modell-blood\/","title":{"rendered":"Blutteststuhl Modell Blutreinigungs-Demomodell"},"content":{"rendered":"<h2>Medizinischer Lehrstuhl f\u00fcr Bluttests und medizinische Versorgung.<br \/>\nSonderpreis, Demo-Modell mit 1 Jahr Garantie.<\/h2>\n<p>L\u00e4nge 178 cm.<br \/>\nBreite 59 cm.<br \/>\nMotorisierte H\u00f6henverstellbarkeit von 55 bis 87 cm mit Fernbedienung an den F\u00fc\u00dfen.<br \/>\nGewicht 80 kg.<br \/>\nDas maximale Gewicht trug 225 kg.<br \/>\n5 cm Schaum, Dichte 36 kg\/m\u00b3.<br \/>\nR\u00fcckenlehnenneigung (zwischen -0\u00ba und +65\u00ba) durch Gasfeder.<br \/>\nFu\u00dfst\u00fctzenneigung (zwischen -0\u00ba und +90\u00ba) durch Gasfeder.<br \/>\nVerstellbare Armlehnen f\u00fcr Bluttests oder Infusionen.<br \/>\nRollen-Bausatz.<br \/>\nDie PVC-MED-Beschichtung ist medizinischer Standard und kann daher im Krankenhaus verwendet werden.<br \/>\nSie ist mit dem notwendigen Pr\u00fcfzettelhalter f\u00fcr die medizinische Versorgung ausgestattet.<br \/>\nZertifizierung 93\/42\/EEG Medizinprodukte-Richtlinie<\/p>\n<h3>Video medizinischer Pflegestuhl mit Bluttest.<\/h3>\n<div style=\"width: 1170px;\" class=\"wp-video\"><video class=\"wp-video-shortcode\" id=\"video-15238-1\" width=\"1170\" height=\"658\" preload=\"metadata\" controls=\"controls\"><source type=\"video\/mp4\" src=\"https:\/\/swissmassage.weprocess.dev\/wp-content\/uploads\/2023\/07\/Table-examens-medicaux-prise-de-sang-Swissmassage-Blood.mp4?_=1\" \/><a href=\"https:\/\/swissmassage.weprocess.dev\/wp-content\/uploads\/2023\/07\/Table-examens-medicaux-prise-de-sang-Swissmassage-Blood.mp4\">https:\/\/swissmassage.weprocess.dev\/wp-content\/uploads\/2023\/07\/Table-examens-medicaux-prise-de-sang-Swissmassage-Blood.mp4<\/a><\/video><\/div>\n<p>Swissmassage ist eine eingetragene Marke, die Ihnen die Garantie f\u00fcr Seriosit\u00e4t und Nachverfolgung w\u00e4hrend Ihrer gesamten T\u00e4tigkeit bietet.<br \/>\nUnsere Werkstatt verf\u00fcgt \u00fcber alle Ersatzteile.<br \/>\n<strong>Copyright \u00a9 Swissmassage S\u00e0rl<\/strong><\/p>\n","protected":false},"excerpt":{"rendered":"<p>Medizinischer Lehrstuhl f\u00fcr Bluttests und medizinische Versorgung. Sonderpreis, Demo-Modell mit 1 Jahr Garantie. L\u00e4nge 178 cm. Breite 59 cm. Motorisierte H\u00f6henverstellbarkeit von 55 bis 87 cm mit Fernbedienung an den F\u00fc\u00dfen. Gewicht 80 kg. Das maximale Gewicht trug 225 kg. 5 cm Schaum, Dichte 36 kg\/m\u00b3. R\u00fcckenlehnenneigung (zwischen -0\u00ba und +65\u00ba) durch Gasfeder. Fu\u00dfst\u00fctzenneigung (zwischen&hellip;<\/p>\n","protected":false},"featured_media":13305,"template":"","meta":{"_seopress_robots_primary_cat":"1076","_seopress_titles_title":"","_seopress_titles_desc":"Medizinischer Lehrstuhl f\u00fcr Bluttests und medizinische Versorgung. Motorisierte H\u00f6henverstellbarkeit von 55 bis 87 cm mit Fernbedienung an den F\u00fc\u00dfen. ","_seopress_robots_index":""},"pwb-brand":[],"product_brand":[],"product_cat":[1331,1374],"product_tag":[1490,1455,1411],"product_folder":[1008],"class_list":{"0":"post-15238","1":"product","2":"type-product","3":"status-publish","4":"has-post-thumbnail","6":"product_cat-alle-physio-medizinischen-artikel","7":"product_cat-blutentnahmestuhl","8":"product_tag-bluttest-stuhl","9":"product_tag-lehnstuhl","10":"product_tag-medizinisch","12":"first","13":"instock","14":"sale","15":"taxable","16":"shipping-taxable","17":"purchasable","18":"product-type-simple"},"exclude_global_add_ons":[],"addons":[],"brands":[],"_links":{"self":[{"href":"https:\/\/swissmassage.weprocess.dev\/de\/wp-json\/wp\/v2\/product\/15238","targetHints":{"allow":["GET"]}}],"collection":[{"href":"https:\/\/swissmassage.weprocess.dev\/de\/wp-json\/wp\/v2\/product"}],"about":[{"href":"https:\/\/swissmassage.weprocess.dev\/de\/wp-json\/wp\/v2\/types\/product"}],"wp:featuredmedia":[{"embeddable":true,"href":"https:\/\/swissmassage.weprocess.dev\/de\/wp-json\/wp\/v2\/media\/13305"}],"wp:attachment":[{"href":"https:\/\/swissmassage.weprocess.dev\/de\/wp-json\/wp\/v2\/media?parent=15238"}],"wp:term":[{"taxonomy":"pwb-brand","embeddable":true,"href":"https:\/\/swissmassage.weprocess.dev\/de\/wp-json\/wp\/v2\/pwb-brand?post=15238"},{"taxonomy":"product_brand","embeddable":true,"href":"https:\/\/swissmassage.weprocess.dev\/de\/wp-json\/wp\/v2\/product_brand?post=15238"},{"taxonomy":"product_cat","embeddable":true,"href":"https:\/\/swissmassage.weprocess.dev\/de\/wp-json\/wp\/v2\/product_cat?post=15238"},{"taxonomy":"product_tag","embeddable":true,"href":"https:\/\/swissmassage.weprocess.dev\/de\/wp-json\/wp\/v2\/product_tag?post=15238"},{"taxonomy":"product_folder","embeddable":true,"href":"https:\/\/swissmassage.weprocess.dev\/de\/wp-json\/wp\/v2\/product_folder?post=15238"}],"curies":[{"name":"wp","href":"https:\/\/api.w.org\/{rel}","templated":true}]}}