{"id":15237,"date":"2023-05-24T14:51:57","date_gmt":"2023-05-24T12:51:57","guid":{"rendered":"https:\/\/swissmassage.ch\/produit\/waschbares-vlies-untersuchungstuch-80x210-cm-box-10-stuck\/"},"modified":"2025-11-04T09:46:22","modified_gmt":"2025-11-04T08:46:22","slug":"waschbares-vlies-untersuchungstuch-80x210-cm-box-10-stuck","status":"publish","type":"product","link":"https:\/\/swissmassage.weprocess.dev\/de\/produits\/waschbares-vlies-untersuchungstuch-80x210-cm-box-10-stuck\/","title":{"rendered":"Waschbares medizinisches Untersuchungstuch 80&#215;200 cm Schachtel mit 10 St\u00fcck 100g."},"content":{"rendered":"<h2>Blatt f\u00fcr medizinische Untersuchungsliege in 100g PP Blatt f\u00fcr Blatt Qualit\u00e4t, widerstandsf\u00e4hig und angenehm im Griff und waschbar 500x.<\/h2>\n<p><span style=\"font-size: 10pt;\">Mehr als 500 Mal waschbar, ohne seine Form zu verlieren F\u00fcr eine bequeme und langlebige Nutzung Knitter- und rei\u00dffest, 4 x mehr Platz in der Maschine Kostenreduzierung um 90% im Vergleich zu herk\u00f6mmlichen Decken Hautfreundlich, recycelbar Ma\u00dfe: 200 x 80 cm, Inhalt 10 St\u00fcck Bl\u00e4tter normal nach dem Schleudern aufh\u00e4ngen.<\/span><\/p>\n<h2>Einige Tipps zum Waschen und Trocknen.<\/h2>\n<p><span style=\"font-size: 10pt;\">Wir empfehlen Ihnen, die Laken bei 60\u00b0 zu waschen <span style=\"font-size: 10pt;\">und sie aufzufalten oder sogar zu zerknittern,<\/span> damit sie keine Ecken oder Falten haben, insbesondere wenn sie neu sind, <span style=\"font-size: 10pt;\">und empfehlen die Verwendung eines Waschnetzes.<\/span> Nach ein paar W\u00e4schen wird ihre Textur geschmeidiger und weicher.<br \/>\nZum Trocknen reichen ein paar Minuten im Trockner.<br \/>\nSie k\u00f6nnen die Bl\u00e4tter nach dem Schleudern auch ganz normal aufh\u00e4ngen.<br \/>\nTipp: 1 Blatt pro Patient f\u00fcr einen Behandlungszyklus.<br \/>\nGeben Sie dem Patienten ein Blatt Waschfasern, das er mit nach Hause nehmen und zu jeder Behandlung mitbringen kann.    <\/span><\/p>\n<p style=\"text-align: left;\"><span style=\"font-size: 10pt;\">In der ganzen Schweiz verf\u00fcgbar.<br \/>\nOder bringen Sie es direkt in unsere Werkstatt.  Eingetragene Marke SWISSMASSAGE, Garantie f\u00fcr Seriosit\u00e4t und Nachverfolgung.<\/span><\/p>\n","protected":false},"excerpt":{"rendered":"<p>Blatt f\u00fcr medizinische Untersuchungsliege in 100g PP Blatt f\u00fcr Blatt Qualit\u00e4t, widerstandsf\u00e4hig und angenehm im Griff und waschbar 500x. Mehr als 500 Mal waschbar, ohne seine Form zu verlieren F\u00fcr eine bequeme und langlebige Nutzung Knitter- und rei\u00dffest, 4 x mehr Platz in der Maschine Kostenreduzierung um 90% im Vergleich zu herk\u00f6mmlichen Decken Hautfreundlich, recycelbar&hellip;<\/p>\n","protected":false},"featured_media":11795,"template":"","meta":{"_seopress_robots_primary_cat":"none","_seopress_titles_title":"Waschbares medizinisches Untersuchungstuch 80x200 cm - Swissmassage","_seopress_titles_desc":"Blatt f\u00fcr medizinische Untersuchungsliege in 100g PP Blatt f\u00fcr Blatt Qualit\u00e4t, widerstandsf\u00e4hig und angenehm im Griff und waschbar 500x.\nF\u00fcr den praktischen und langlebigen Einsatz. ","_seopress_robots_index":""},"pwb-brand":[],"product_brand":[],"product_cat":[1345,1344],"product_tag":[1428,1394,1429],"product_folder":[1017],"class_list":{"0":"post-15237","1":"product","2":"type-product","3":"status-publish","4":"has-post-thumbnail","6":"product_cat-alles-massagezubehor","7":"product_cat-schutzbezuge-fur-massageliegen","8":"product_tag-laken","9":"product_tag-schutz","10":"product_tag-waschbares-laken","12":"first","13":"instock","14":"taxable","15":"shipping-taxable","16":"purchasable","17":"product-type-simple"},"exclude_global_add_ons":[],"addons":[],"brands":[],"_links":{"self":[{"href":"https:\/\/swissmassage.weprocess.dev\/de\/wp-json\/wp\/v2\/product\/15237","targetHints":{"allow":["GET"]}}],"collection":[{"href":"https:\/\/swissmassage.weprocess.dev\/de\/wp-json\/wp\/v2\/product"}],"about":[{"href":"https:\/\/swissmassage.weprocess.dev\/de\/wp-json\/wp\/v2\/types\/product"}],"wp:featuredmedia":[{"embeddable":true,"href":"https:\/\/swissmassage.weprocess.dev\/de\/wp-json\/wp\/v2\/media\/11795"}],"wp:attachment":[{"href":"https:\/\/swissmassage.weprocess.dev\/de\/wp-json\/wp\/v2\/media?parent=15237"}],"wp:term":[{"taxonomy":"pwb-brand","embeddable":true,"href":"https:\/\/swissmassage.weprocess.dev\/de\/wp-json\/wp\/v2\/pwb-brand?post=15237"},{"taxonomy":"product_brand","embeddable":true,"href":"https:\/\/swissmassage.weprocess.dev\/de\/wp-json\/wp\/v2\/product_brand?post=15237"},{"taxonomy":"product_cat","embeddable":true,"href":"https:\/\/swissmassage.weprocess.dev\/de\/wp-json\/wp\/v2\/product_cat?post=15237"},{"taxonomy":"product_tag","embeddable":true,"href":"https:\/\/swissmassage.weprocess.dev\/de\/wp-json\/wp\/v2\/product_tag?post=15237"},{"taxonomy":"product_folder","embeddable":true,"href":"https:\/\/swissmassage.weprocess.dev\/de\/wp-json\/wp\/v2\/product_folder?post=15237"}],"curies":[{"name":"wp","href":"https:\/\/api.w.org\/{rel}","templated":true}]}}