{"id":15235,"date":"2023-05-24T14:51:52","date_gmt":"2023-05-24T12:51:52","guid":{"rendered":"https:\/\/swissmassage.ch\/produit\/medizinischer-wickeltisch\/"},"modified":"2023-05-24T14:51:52","modified_gmt":"2023-05-24T12:51:52","slug":"medizinischer-wickeltisch","status":"publish","type":"product","link":"https:\/\/swissmassage.weprocess.dev\/de\/produits\/medizinischer-wickeltisch\/","title":{"rendered":"Medizinischer Wickeltisch"},"content":{"rendered":"<h2>Medizinischer Wickeltisch mit motorischer H\u00f6henverstellung<\/h2>\n<p>  Ein vollst\u00e4ndig mobiler Geldwechseltisch.<br \/>\nDer Mobi Changer Tisch ist ein Wickeltisch, der keine spezielle Installation oder Befestigung erfordert.<br \/>\nDurch sein kompaktes und schlankes Design kann er leicht von Raum zu Raum bewegt werden.<br \/>\nEs ist eine kosteng\u00fcnstige L\u00f6sung f\u00fcr mehrere Benutzer und \u00dcbertragungen.<br \/>\nVerstellbare H\u00f6he Der elektrisch motorisierte Mobi Changer Wickeltisch ist einfach durch Dr\u00fccken der Fernbedienung zu bedienen.<br \/>\nDer H\u00f6henhub betr\u00e4gt 480 mm, die ideale Arbeitsh\u00f6henverstellung ist leicht einstellbar.<br \/>\nSo werden R\u00fcckenschmerzen f\u00fcr das Pflegepersonal vorgebeugt.<br \/>\nEinfacher Transfer Dieser mobile Wickeltisch bietet mit einer Vielzahl von Patiententransportern ausreichend Platz f\u00fcr den Zugang.<br \/>\nSeine Mobilit\u00e4t und sein originelles System von einziehbaren Sicherheitsbarrieren erm\u00f6glichen einen sicheren und einfachen Transfer.<br \/>\nEgal, ob Sie von einem Bett, einem Rollstuhl oder einer Toilette umsteigen, der Mobi Changer ist die perfekte L\u00f6sung.<br \/>\nOptional ist auch eine verstellbare R\u00fcckenlehne erh\u00e4ltlich (nur bei der Version aus lackiertem Stahl).<br \/>\nDer Mobi Changer ist in lackierter Stahlstruktur f\u00fcr trockene Umgebungen oder Edelstahl f\u00fcr nasse Umgebungen erh\u00e4ltlich.<br \/>\nKontaktieren Sie uns f\u00fcr weitere Informationen zu diesem Produkt, aber auch zu anderen L\u00f6sungen zum Wickeln oder Duschen von Personen mit eingeschr\u00e4nkter Mobilit\u00e4t.              <\/p>\n<h2>Technische Daten des Mobi Changer<\/h2>\n<p>  Mobil und leicht zu man\u00f6vrieren Keine Installation erforderlich Lackierter Stahl f\u00fcr trockene Umgebungen oder Edelstahl f\u00fcr nasse Umgebungen Erh\u00e4ltlich in 3 Gr\u00f6\u00dfen 480 mm H\u00f6henweg Tablettl\u00e4nge erh\u00e4ltlich in 1400 mm, 1600 mm, 1800 mm und 2100 mm Pflegeleichte Polsteroberfl\u00e4chen Abnehmbare Schutzbarrieren Tragf\u00e4higkeit 227 kg Verstellbare R\u00fcckenlehne optional erh\u00e4ltlich.<br \/>\nVideo medizinischer Wickeltisch.   <div style=\"width: 640px;\" class=\"wp-video\"><video class=\"wp-video-shortcode\" id=\"video-15235-1\" width=\"640\" height=\"352\" preload=\"auto\" controls=\"controls\"><source type=\"video\/mp4\" src=\"https:\/\/swissmassage.weprocess.dev\/wp-content\/uploads\/Table-de-change-Suisse.mp4?_=1\" \/><a href=\"https:\/\/swissmassage.weprocess.dev\/wp-content\/uploads\/Table-de-change-Suisse.mp4\">https:\/\/swissmassage.weprocess.dev\/wp-content\/uploads\/Table-de-change-Suisse.mp4<\/a><\/video><\/div><\/p>\n","protected":false},"excerpt":{"rendered":"<p>Medizinischer Wickeltisch mit motorischer H\u00f6henverstellung Ein vollst\u00e4ndig mobiler Geldwechseltisch. Der Mobi Changer Tisch ist ein Wickeltisch, der keine spezielle Installation oder Befestigung erfordert. Durch sein kompaktes und schlankes Design kann er leicht von Raum zu Raum bewegt werden. Es ist eine kosteng\u00fcnstige L\u00f6sung f\u00fcr mehrere Benutzer und \u00dcbertragungen. Verstellbare H\u00f6he Der elektrisch motorisierte Mobi Changer&hellip;<\/p>\n","protected":false},"featured_media":11771,"template":"","meta":{"_seopress_robots_primary_cat":"none","_seopress_titles_title":"Medizinischer Wickeltisch mit motorischer H\u00f6henverstellung","_seopress_titles_desc":"Der Mobi Changer Tisch ist ein Wickeltisch, der keine spezielle Installation oder Befestigung erfordert.\nDurch sein kompaktes und schlankes Design kann er leicht bewegt werden ","_seopress_robots_index":""},"pwb-brand":[],"product_brand":[],"product_cat":[1331,1375],"product_tag":[1411,1468],"product_folder":[1032],"class_list":{"0":"post-15235","1":"product","2":"type-product","3":"status-publish","4":"has-post-thumbnail","6":"product_cat-alle-physio-medizinischen-artikel","7":"product_cat-medizinisches-bett","8":"product_tag-medizinisch","9":"product_tag-wickelliege","11":"first","12":"instock","13":"taxable","14":"shipping-taxable","15":"purchasable","16":"product-type-simple"},"exclude_global_add_ons":[],"addons":[],"brands":[],"_links":{"self":[{"href":"https:\/\/swissmassage.weprocess.dev\/de\/wp-json\/wp\/v2\/product\/15235","targetHints":{"allow":["GET"]}}],"collection":[{"href":"https:\/\/swissmassage.weprocess.dev\/de\/wp-json\/wp\/v2\/product"}],"about":[{"href":"https:\/\/swissmassage.weprocess.dev\/de\/wp-json\/wp\/v2\/types\/product"}],"wp:featuredmedia":[{"embeddable":true,"href":"https:\/\/swissmassage.weprocess.dev\/de\/wp-json\/wp\/v2\/media\/11771"}],"wp:attachment":[{"href":"https:\/\/swissmassage.weprocess.dev\/de\/wp-json\/wp\/v2\/media?parent=15235"}],"wp:term":[{"taxonomy":"pwb-brand","embeddable":true,"href":"https:\/\/swissmassage.weprocess.dev\/de\/wp-json\/wp\/v2\/pwb-brand?post=15235"},{"taxonomy":"product_brand","embeddable":true,"href":"https:\/\/swissmassage.weprocess.dev\/de\/wp-json\/wp\/v2\/product_brand?post=15235"},{"taxonomy":"product_cat","embeddable":true,"href":"https:\/\/swissmassage.weprocess.dev\/de\/wp-json\/wp\/v2\/product_cat?post=15235"},{"taxonomy":"product_tag","embeddable":true,"href":"https:\/\/swissmassage.weprocess.dev\/de\/wp-json\/wp\/v2\/product_tag?post=15235"},{"taxonomy":"product_folder","embeddable":true,"href":"https:\/\/swissmassage.weprocess.dev\/de\/wp-json\/wp\/v2\/product_folder?post=15235"}],"curies":[{"name":"wp","href":"https:\/\/api.w.org\/{rel}","templated":true}]}}