{"id":15234,"date":"2023-05-24T14:51:48","date_gmt":"2023-05-24T12:51:48","guid":{"rendered":"https:\/\/swissmassage.ch\/produit\/nageltischtisch-modell-crystal-nails\/"},"modified":"2023-05-24T14:51:48","modified_gmt":"2023-05-24T12:51:48","slug":"nageltischtisch-modell-crystal-nails","status":"publish","type":"product","link":"https:\/\/swissmassage.weprocess.dev\/de\/produits\/nageltischtisch-modell-crystal-nails\/","title":{"rendered":"Crystal Nails Nageltisch"},"content":{"rendered":"<h2><span style=\"font-size: 10pt;\">Crystal Nails Manik\u00fcre Nageltisch.<\/span><\/h2>\n<p><span style=\"font-size: 10pt;\">Die hohe Klasse mit gro\u00dfer Stabilit\u00e4t, ein geeigneter Arbeitsplatz, eine gro\u00dfe Speicherkapazit\u00e4t, ein standardisiertes Staubsaugersystem f\u00fcr Ihr Wohlbefinden.  <\/span>Das sehr dicke Glas ist leicht zu reinigen und sorgt f\u00fcr ein makelloses Bild.<br \/>\nMa\u00dfe: Glas 122 cm x 44 cm.<br \/>\nArbeitsh\u00f6he 77 cm.  <\/p>\n","protected":false},"excerpt":{"rendered":"<p>Crystal Nails Manik\u00fcre Nageltisch. Die hohe Klasse mit gro\u00dfer Stabilit\u00e4t, ein geeigneter Arbeitsplatz, eine gro\u00dfe Speicherkapazit\u00e4t, ein standardisiertes Staubsaugersystem f\u00fcr Ihr Wohlbefinden. Das sehr dicke Glas ist leicht zu reinigen und sorgt f\u00fcr ein makelloses Bild. Ma\u00dfe: Glas 122 cm x 44 cm. Arbeitsh\u00f6he 77 cm.<\/p>\n","protected":false},"featured_media":11759,"template":"","meta":{"_seopress_robots_primary_cat":"none","_seopress_titles_title":"","_seopress_titles_desc":"Nageltisch aus Glas mit L\u00fcfterschubladen und einem geeigneten Arbeitsbereich.","_seopress_robots_index":""},"pwb-brand":[],"product_brand":[],"product_cat":[1332,1348],"product_tag":[],"product_folder":[1025],"class_list":{"0":"post-15234","1":"product","2":"type-product","3":"status-publish","4":"has-post-thumbnail","6":"product_cat-alle-asthetischen-artikel","7":"product_cat-nagelstudio-ausstattungen","9":"first","10":"instock","11":"taxable","12":"shipping-taxable","13":"purchasable","14":"product-type-simple"},"exclude_global_add_ons":[],"addons":[],"brands":[],"_links":{"self":[{"href":"https:\/\/swissmassage.weprocess.dev\/de\/wp-json\/wp\/v2\/product\/15234","targetHints":{"allow":["GET"]}}],"collection":[{"href":"https:\/\/swissmassage.weprocess.dev\/de\/wp-json\/wp\/v2\/product"}],"about":[{"href":"https:\/\/swissmassage.weprocess.dev\/de\/wp-json\/wp\/v2\/types\/product"}],"wp:featuredmedia":[{"embeddable":true,"href":"https:\/\/swissmassage.weprocess.dev\/de\/wp-json\/wp\/v2\/media\/11759"}],"wp:attachment":[{"href":"https:\/\/swissmassage.weprocess.dev\/de\/wp-json\/wp\/v2\/media?parent=15234"}],"wp:term":[{"taxonomy":"pwb-brand","embeddable":true,"href":"https:\/\/swissmassage.weprocess.dev\/de\/wp-json\/wp\/v2\/pwb-brand?post=15234"},{"taxonomy":"product_brand","embeddable":true,"href":"https:\/\/swissmassage.weprocess.dev\/de\/wp-json\/wp\/v2\/product_brand?post=15234"},{"taxonomy":"product_cat","embeddable":true,"href":"https:\/\/swissmassage.weprocess.dev\/de\/wp-json\/wp\/v2\/product_cat?post=15234"},{"taxonomy":"product_tag","embeddable":true,"href":"https:\/\/swissmassage.weprocess.dev\/de\/wp-json\/wp\/v2\/product_tag?post=15234"},{"taxonomy":"product_folder","embeddable":true,"href":"https:\/\/swissmassage.weprocess.dev\/de\/wp-json\/wp\/v2\/product_folder?post=15234"}],"curies":[{"name":"wp","href":"https:\/\/api.w.org\/{rel}","templated":true}]}}