{"id":15232,"date":"2023-05-24T14:52:15","date_gmt":"2023-05-24T12:52:15","guid":{"rendered":"https:\/\/swissmassage.ch\/produit\/pedispa-becken\/"},"modified":"2024-11-01T14:58:03","modified_gmt":"2024-11-01T13:58:03","slug":"pedispa-becken","status":"publish","type":"product","link":"https:\/\/swissmassage.weprocess.dev\/de\/produits\/pedispa-becken\/","title":{"rendered":"Pedispa-Becken Blau"},"content":{"rendered":"<h2>Pedispa-Becken Blau mit Vibrationsmassage und integrierter Heizung.<\/h2>\n<p>Erleichtert die Vorbereitung auf die Pedik\u00fcre<span style=\"font-size: 13.3333px;\"> L\u00e4nge 44 cm.<br \/>\nBreite 37 cm.<br \/>\nH\u00f6he 14 cm.<br \/>\nGewicht 3,75 kg.<br \/>\nLeistung 130 W. Fassungsverm\u00f6gen 5 Liter. <\/span><span style=\"color: #000000;\"><span style=\"font-size: 13.3333px;\"><br \/>\n<span style=\"color: #000000; font-size: 10pt;\"> Erh\u00e4ltlich in der ganzen Schweiz oder zum Testen in unserer Ausstellung in Monthey nach Terminvereinbarung. <\/span><\/span><\/span><\/p>\n","protected":false},"excerpt":{"rendered":"<p>Pedispa-Becken Blau mit Vibrationsmassage und integrierter Heizung. Erleichtert die Vorbereitung auf die Pedik\u00fcre L\u00e4nge 44 cm. Breite 37 cm. H\u00f6he 14 cm. Gewicht 3,75 kg. Leistung 130 W. Fassungsverm\u00f6gen 5 Liter. Erh\u00e4ltlich in der ganzen Schweiz oder zum Testen in unserer Ausstellung in Monthey nach Terminvereinbarung.<\/p>\n","protected":false},"featured_media":15233,"template":"","meta":{"_seopress_robots_primary_cat":"none","_seopress_titles_title":"","_seopress_titles_desc":"Massage und entspannendes Pedipala-Tablett f\u00fcr die F\u00fc\u00dfe, bereitet auf die Pedik\u00fcre vor.","_seopress_robots_index":""},"pwb-brand":[],"product_brand":[],"product_cat":[1332,1331,1392,1349,1390,1376],"product_tag":[1466],"product_folder":[1000],"class_list":{"0":"post-15232","1":"product","2":"type-product","3":"status-publish","4":"has-post-thumbnail","6":"product_cat-alle-asthetischen-artikel","7":"product_cat-alle-physio-medizinischen-artikel","8":"product_cat-alle-seniorenartikel","9":"product_cat-ausstattungen-fur-pedikure-und-fuspflege","10":"product_cat-podologie-in-seniorenheimen-ems","11":"product_cat-podologie-und-pedikuere","12":"product_tag-fuspfleger","14":"first","15":"instock","16":"taxable","17":"shipping-taxable","18":"purchasable","19":"product-type-simple"},"exclude_global_add_ons":[],"addons":[],"brands":[],"_links":{"self":[{"href":"https:\/\/swissmassage.weprocess.dev\/de\/wp-json\/wp\/v2\/product\/15232","targetHints":{"allow":["GET"]}}],"collection":[{"href":"https:\/\/swissmassage.weprocess.dev\/de\/wp-json\/wp\/v2\/product"}],"about":[{"href":"https:\/\/swissmassage.weprocess.dev\/de\/wp-json\/wp\/v2\/types\/product"}],"wp:featuredmedia":[{"embeddable":true,"href":"https:\/\/swissmassage.weprocess.dev\/de\/wp-json\/wp\/v2\/media\/15233"}],"wp:attachment":[{"href":"https:\/\/swissmassage.weprocess.dev\/de\/wp-json\/wp\/v2\/media?parent=15232"}],"wp:term":[{"taxonomy":"pwb-brand","embeddable":true,"href":"https:\/\/swissmassage.weprocess.dev\/de\/wp-json\/wp\/v2\/pwb-brand?post=15232"},{"taxonomy":"product_brand","embeddable":true,"href":"https:\/\/swissmassage.weprocess.dev\/de\/wp-json\/wp\/v2\/product_brand?post=15232"},{"taxonomy":"product_cat","embeddable":true,"href":"https:\/\/swissmassage.weprocess.dev\/de\/wp-json\/wp\/v2\/product_cat?post=15232"},{"taxonomy":"product_tag","embeddable":true,"href":"https:\/\/swissmassage.weprocess.dev\/de\/wp-json\/wp\/v2\/product_tag?post=15232"},{"taxonomy":"product_folder","embeddable":true,"href":"https:\/\/swissmassage.weprocess.dev\/de\/wp-json\/wp\/v2\/product_folder?post=15232"}],"curies":[{"name":"wp","href":"https:\/\/api.w.org\/{rel}","templated":true}]}}