{"id":15225,"date":"2023-05-24T14:52:11","date_gmt":"2023-05-24T14:52:11","guid":{"rendered":"https:\/\/swissmassage.ch\/produit\/podologie-stuhl-modell-sadira-anthrazit\/"},"modified":"2025-11-01T17:49:05","modified_gmt":"2025-11-01T16:49:05","slug":"podologie-stuhl-modell-sadira-anthrazit","status":"publish","type":"product","link":"https:\/\/swissmassage.weprocess.dev\/de\/produits\/podologie-stuhl-modell-sadira-anthrazit\/","title":{"rendered":"Podologie-Sessel Modell Sadira Anthrazit Modell in Liquidation"},"content":{"rendered":"<h2>Podologiestuhl Modell Sadira Anthrazit in Liquidation mit 1 Jahr Garantie.<\/h2>\n<p>Erm\u00f6glicht es Ihnen, podologische Behandlungen durchzuf\u00fchren.<br \/>\nEs verf\u00fcgt \u00fcber 3 sehr schnelle und leise Motoren mit Handfernbedienung:<br \/>\n Der 1. Motor stellt die H\u00f6he mit einer gro\u00dfen Amplitude von 61 cm bis 106 cm ein.<br \/>\nDer 2. Motor hebt die R\u00fcckenlehne in Sitzposition an.<br \/>\nMit dem 3. Motor k\u00f6nnen Sie die Beine anheben und die Neigung des Massagesessels \u00e4ndern.<br \/>\nPr\u00e4zise verstellbare Kopfst\u00fctzen f\u00fcr maximalen Komfort.<br \/>\nSehr komfortabler und effektiver 8,5 cm Schaumstoff mit hoher Dichte.<br \/>\nBreite 58 cm + 12 cm auf jeder Seite mit den versenkbaren Armlehnen, d.h. 84 cm.<br \/>\nBeindrehung von 0 bis 90\u00b0<br \/>\nL\u00e4nge 187 cm.<br \/>\nGewicht 83 kg.<br \/>\nGest\u00fctztes Gewicht 200 kg.<\/p>\n<p>&nbsp;<\/p>\n","protected":false},"excerpt":{"rendered":"<p>Podologiestuhl Modell Sadira Anthrazit in Liquidation mit 1 Jahr Garantie. Erm\u00f6glicht es Ihnen, podologische Behandlungen durchzuf\u00fchren. Es verf\u00fcgt \u00fcber 3 sehr schnelle und leise Motoren mit Handfernbedienung: Der 1. Motor stellt die H\u00f6he mit einer gro\u00dfen Amplitude von 61 cm bis 106 cm ein. Der 2. Motor hebt die R\u00fcckenlehne in Sitzposition an. Mit dem&hellip;<\/p>\n","protected":false},"featured_media":15226,"template":"","meta":{"_seopress_robots_primary_cat":"1053","_seopress_titles_title":"","_seopress_titles_desc":"Paramedizinischer Stuhl f\u00fcr Podologie oder Pedik\u00fcre. Es verf\u00fcgt \u00fcber 3 sehr schnelle und leise Motoren mit Handfernbedienung. ","_seopress_robots_index":""},"pwb-brand":[],"product_brand":[],"product_cat":[1332,1331,1392,1349,1370,1390,1376],"product_tag":[1454,1466,1457,1456],"product_folder":[1000],"class_list":{"0":"post-15225","1":"product","2":"type-product","3":"status-publish","4":"has-post-thumbnail","6":"product_cat-alle-asthetischen-artikel","7":"product_cat-alle-physio-medizinischen-artikel","8":"product_cat-alle-seniorenartikel","9":"product_cat-ausstattungen-fur-pedikure-und-fuspflege","10":"product_cat-outlet-de","11":"product_cat-podologie-in-seniorenheimen-ems","12":"product_cat-podologie-und-pedikuere","13":"product_tag-fusorthopadie","14":"product_tag-fuspfleger","15":"product_tag-pedikure-stuhl","16":"product_tag-podologie-stuhl","18":"first","19":"instock","20":"sale","21":"taxable","22":"shipping-taxable","23":"purchasable","24":"product-type-simple"},"exclude_global_add_ons":false,"addons":[{"name":"Optionen:","type":"checkbox","position":0,"required":false,"title_format":"label","description_enable":false,"description":null,"placeholder_enable":false,"placeholder":null,"display":"select","restrictions_type":"any_text","adjust_price":false,"price":"","price_type":"flat_fee","restrictions":false,"min":0,"max":0,"options":[{"label":"Boden-Fu\u00dfsteuerung","price":"250","price_type":"flat_fee","image":0},{"label":"Filzunterschenkel, erleichtern das Bewegen","price":"20","price_type":"flat_fee","image":0},{"label":"Papierspender f\u00fcr Untersuchungen","price":"50","price_type":"flat_fee","image":0},{"label":"Arbeitstablett","price":"140","price_type":"flat_fee","image":0}],"id":1704368111}],"brands":[],"_links":{"self":[{"href":"https:\/\/swissmassage.weprocess.dev\/de\/wp-json\/wp\/v2\/product\/15225","targetHints":{"allow":["GET"]}}],"collection":[{"href":"https:\/\/swissmassage.weprocess.dev\/de\/wp-json\/wp\/v2\/product"}],"about":[{"href":"https:\/\/swissmassage.weprocess.dev\/de\/wp-json\/wp\/v2\/types\/product"}],"wp:featuredmedia":[{"embeddable":true,"href":"https:\/\/swissmassage.weprocess.dev\/de\/wp-json\/wp\/v2\/media\/15226"}],"wp:attachment":[{"href":"https:\/\/swissmassage.weprocess.dev\/de\/wp-json\/wp\/v2\/media?parent=15225"}],"wp:term":[{"taxonomy":"pwb-brand","embeddable":true,"href":"https:\/\/swissmassage.weprocess.dev\/de\/wp-json\/wp\/v2\/pwb-brand?post=15225"},{"taxonomy":"product_brand","embeddable":true,"href":"https:\/\/swissmassage.weprocess.dev\/de\/wp-json\/wp\/v2\/product_brand?post=15225"},{"taxonomy":"product_cat","embeddable":true,"href":"https:\/\/swissmassage.weprocess.dev\/de\/wp-json\/wp\/v2\/product_cat?post=15225"},{"taxonomy":"product_tag","embeddable":true,"href":"https:\/\/swissmassage.weprocess.dev\/de\/wp-json\/wp\/v2\/product_tag?post=15225"},{"taxonomy":"product_folder","embeddable":true,"href":"https:\/\/swissmassage.weprocess.dev\/de\/wp-json\/wp\/v2\/product_folder?post=15225"}],"curies":[{"name":"wp","href":"https:\/\/api.w.org\/{rel}","templated":true}]}}