{"id":15221,"date":"2023-05-24T14:52:39","date_gmt":"2023-05-24T12:52:39","guid":{"rendered":"https:\/\/swissmassage.ch\/produit\/schutzhulle-vinyl-weisse-massageliege\/"},"modified":"2023-05-24T14:52:39","modified_gmt":"2023-05-24T12:52:39","slug":"schutzhulle-vinyl-weisse-massageliege","status":"publish","type":"product","link":"https:\/\/swissmassage.weprocess.dev\/de\/produits\/schutzhulle-vinyl-weisse-massageliege\/","title":{"rendered":"Schutz der Massageliege aus wei\u00dfem Vinyl mit Spannbettlaken"},"content":{"rendered":"<h2 style=\"text-align: left;\">Elastische Vinyl-Abdeckabdeckung f\u00fcr gebrauchte Massageliege.<\/h2>\n<p>  Diese Abdeckung bedeckt Ihre gebrauchte Massageliege, indem sie die Auswirkungen von Verschlei\u00df und Alterung kaschiert.<br \/>\nEs sch\u00fctzt Ihre Ausr\u00fcstung bei der Verwendung von viel \u00d6l wie bei ayurvedischen oder lomilischen Massagen Es wird das Aussehen einer neuen Massageliege geben.<br \/>\nElastisch und besonders geeignet f\u00fcr Tische mit einer Breite von 80 cm und einer L\u00e4nge von 195 cm.<br \/>\n\u00d6l- und wasserbest\u00e4ndig, kann bei 40\u00b0 in der Maschine gewaschen werden.<br \/>\nWei\u00df in der Farbe, ohne Gesichtsloch und ohne Kopfst\u00fctze.<br \/>\nIn der ganzen Schweiz verf\u00fcgbar.<br \/>\nOder bringen Sie es direkt in unsere Werkstatt.       Eingetragene Marke SWISSMASSAGE, Garantie f\u00fcr Seriosit\u00e4t und Nachverfolgung.<\/p>\n","protected":false},"excerpt":{"rendered":"<p>Elastische Vinyl-Abdeckabdeckung f\u00fcr gebrauchte Massageliege. Diese Abdeckung bedeckt Ihre gebrauchte Massageliege, indem sie die Auswirkungen von Verschlei\u00df und Alterung kaschiert. Es sch\u00fctzt Ihre Ausr\u00fcstung bei der Verwendung von viel \u00d6l wie bei ayurvedischen oder lomilischen Massagen Es wird das Aussehen einer neuen Massageliege geben. Elastisch und besonders geeignet f\u00fcr Tische mit einer Breite von 80&hellip;<\/p>\n","protected":false},"featured_media":15222,"template":"","meta":{"_seopress_robots_primary_cat":"none","_seopress_titles_title":"Schutz der Massageliege aus wei\u00dfem Vinyl mit Spannbettlaken","_seopress_titles_desc":"Diese Abdeckung bedeckt Ihre gebrauchte Massageliege, indem sie die Auswirkungen von Verschlei\u00df und Alterung kaschiert.\nEs wird das Aussehen einer neuen Massageliege erwecken. ","_seopress_robots_index":""},"pwb-brand":[],"product_brand":[],"product_cat":[1345,1344],"product_tag":[1394,1433,1434],"product_folder":[1017],"class_list":{"0":"post-15221","1":"product","2":"type-product","3":"status-publish","4":"has-post-thumbnail","6":"product_cat-alles-massagezubehor","7":"product_cat-schutzbezuge-fur-massageliegen","8":"product_tag-schutz","9":"product_tag-spannbettlaken","10":"product_tag-vinyl","12":"first","13":"instock","14":"taxable","15":"shipping-taxable","16":"purchasable","17":"product-type-simple"},"exclude_global_add_ons":[],"addons":[],"brands":[],"_links":{"self":[{"href":"https:\/\/swissmassage.weprocess.dev\/de\/wp-json\/wp\/v2\/product\/15221","targetHints":{"allow":["GET"]}}],"collection":[{"href":"https:\/\/swissmassage.weprocess.dev\/de\/wp-json\/wp\/v2\/product"}],"about":[{"href":"https:\/\/swissmassage.weprocess.dev\/de\/wp-json\/wp\/v2\/types\/product"}],"wp:featuredmedia":[{"embeddable":true,"href":"https:\/\/swissmassage.weprocess.dev\/de\/wp-json\/wp\/v2\/media\/15222"}],"wp:attachment":[{"href":"https:\/\/swissmassage.weprocess.dev\/de\/wp-json\/wp\/v2\/media?parent=15221"}],"wp:term":[{"taxonomy":"pwb-brand","embeddable":true,"href":"https:\/\/swissmassage.weprocess.dev\/de\/wp-json\/wp\/v2\/pwb-brand?post=15221"},{"taxonomy":"product_brand","embeddable":true,"href":"https:\/\/swissmassage.weprocess.dev\/de\/wp-json\/wp\/v2\/product_brand?post=15221"},{"taxonomy":"product_cat","embeddable":true,"href":"https:\/\/swissmassage.weprocess.dev\/de\/wp-json\/wp\/v2\/product_cat?post=15221"},{"taxonomy":"product_tag","embeddable":true,"href":"https:\/\/swissmassage.weprocess.dev\/de\/wp-json\/wp\/v2\/product_tag?post=15221"},{"taxonomy":"product_folder","embeddable":true,"href":"https:\/\/swissmassage.weprocess.dev\/de\/wp-json\/wp\/v2\/product_folder?post=15221"}],"curies":[{"name":"wp","href":"https:\/\/api.w.org\/{rel}","templated":true}]}}