{"id":15220,"date":"2023-05-24T14:52:25","date_gmt":"2023-05-24T14:52:25","guid":{"rendered":"https:\/\/swissmassage.ch\/produit\/klappbare-massageliege-sportmodell\/"},"modified":"2026-02-20T11:01:39","modified_gmt":"2026-02-20T10:01:39","slug":"klappbare-massageliege-sportmodell","status":"publish","type":"product","link":"https:\/\/swissmassage.weprocess.dev\/de\/produits\/klappbare-massageliege-sportmodell\/","title":{"rendered":"Klappbare Massageliege Modell Sport"},"content":{"rendered":"<h2>Klappbare Massageliege Sport Breite 76 cm und L\u00e4nge 195 cm Farbe wei\u00df.<\/h2>\n<p> Sport-Massageliege, perfekt f\u00fcr Sportler, denn das Modell Sport ist eine der l\u00e4ngsten Massageliegen in unserer Kollektion. Es eignet sich besonders f\u00fcr Sportmassagen, da es f\u00fcr Sportler geeignet ist. Die Verwendung von 8 cm Schaumstoff bietet maximalen Komfort und garantiert die f\u00fcr die Massagetechniken erforderliche Reaktion. Eine h\u00f6here Dicke w\u00fcrde den Komfort des Patienten nicht erh\u00f6hen, sondern die Arbeit des Masseurs erschweren. Die Polyurethan-Beschichtung zeichnet die Swissmassage-Liegen f\u00fcr ihre Flexibilit\u00e4t, Festigkeit und Zuverl\u00e4ssigkeit aus. Es tr\u00e4gt zum Wohlbefinden bei, indem es die Eigenschaften des Schaums wiederherstellt. Mit seinen Ma\u00dfen 195cm\/76cm ist er auch f\u00fcr sportliche Menschen mit Sportlerk\u00f6rpern geeignet. Es \u00f6ffnet oder schlie\u00dft sich einfach in 10 Sekunden m\u00fchelos. Die Kopfst\u00fctze umfasst das ergonomische Gesichtspolster und die Armlehne, sie ist h\u00f6henverstellbar und verstellbar, sie kann auch als Kopfst\u00fctze oder als 25 cm lange Verl\u00e4ngerung verwendet werden, um eine Gesamtl\u00e4nge von 220 cm zu erreichen. Die Wahl von Buchenholz erh\u00f6ht die Steifigkeit, ohne das Gesamtgewicht der Liege von 18 kg zu belasten, und kann bis zu 200 kg tragen. Die H\u00f6he l\u00e4sst sich leicht von 65 cm bis 85 cm verstellen, die F\u00fc\u00dfe enden in Gummiprotektoren, die den Kontakt mit dem Boden weicher machen und ein Verrutschen verhindern. Es ist auch mit Reiki-Holzpaneelen ausgestattet, die mit der Praxis der Fu\u00dfreflexzonenmassage kompatibel sind. Swissmassage-Liegen sind die Spitze der Massageliegen in Bezug auf ihre Abmessungen, die Herstellungsmaterialien, die Sorgfalt bei der Herstellung und auch das Zuh\u00f6ren der Therapeuten, was sich direkt in den im Laufe der Jahre erzielten Verbesserungen niederschl\u00e4gt. Swissmassage ist eine eingetragene Marke, die Ihnen die Garantie f\u00fcr Seriosit\u00e4t und Nachverfolgung w\u00e4hrend Ihrer gesamten T\u00e4tigkeit bietet. Wir haben Ersatzteile. Im Falle von Wartungs- oder Reparaturarbeiten steht eine weitere Massageliege zur Verf\u00fcgung. Wir freuen uns, Sie nach Vereinbarung in unserem Showroom in Monthey begr\u00fc\u00dfen zu d\u00fcrfen, damit Sie unsere Ger\u00e4te testen und direkt kaufen k\u00f6nnen, wenn es Ihnen passt, um sie noch am selben Tag oder \u00fcber unseren Webshop abzuholen.                 <\/p>\n<h2><span style=\"font-size: 16px;\">Technische Zusammenfassung der Massageliege Modell Sportive:<\/span><\/h2>\n<p>  Erh\u00e4ltlich in der ganzen Schweiz, oder nach Vereinbarung in unserem Showroom testen Extrem flexible und starke weisse Polyurethan-Beschichtung.<br \/>\nSchaumstoff garantiert zus\u00e4tzlichen Komfort <span style=\"color: #bc0f4d;\">8 cm<\/span> dick.  Struktur aus edlem Buchenholz, leicht und massiv. Ideale Abmessungen 195 cm lang und 76 cm breit. Massageliege h\u00f6henverstellbar von 65cm bis 85cm. Gewicht der Massageliege 18 kg Komfortables Gesichtsloch mit abnehmbarer Kappe. 2 Reiki-Paneele f\u00fcr den Komfort des Therapeuten. Sehr stark auch f\u00fcr korpulente Patienten, tr\u00e4gt es 200 kg an Wirkstoffen. Einfach zu handhaben, in 10 Sekunden zu \u00f6ffnen und zu schlie\u00dfen. Tragegriffe im Koffermodus. Neigbare Kopfst\u00fctze auf 2 Achsen, auf beiden Seiten der Massageliege nutzbar.<br \/>\nSehr weiches Gesichtspolster, das auf einem Velcro montiert ist, um eine pr\u00e4zise Einstellung zu erm\u00f6glichen.<br \/>\nLegt die Arme unter die Kopfst\u00fctze, entlastet das Gesicht.   Aufbewahrung von Zubeh\u00f6r in der Massageliege. Vibrame-Gummif\u00fc\u00dfe, Garantie f\u00fcr Stabilit\u00e4t.<\/p>\n","protected":false},"excerpt":{"rendered":"<p>Klappbare Massageliege Sport Breite 76 cm und L\u00e4nge 195 cm Farbe wei\u00df. Sport-Massageliege, perfekt f\u00fcr Sportler, denn das Modell Sport ist eine der l\u00e4ngsten Massageliegen in unserer Kollektion. Es eignet sich besonders f\u00fcr Sportmassagen, da es f\u00fcr Sportler geeignet ist. Die Verwendung von 8 cm Schaumstoff bietet maximalen Komfort und garantiert die f\u00fcr die Massagetechniken&hellip;<\/p>\n","protected":false},"featured_media":11867,"template":"","meta":{"_seopress_robots_primary_cat":"none","_seopress_titles_title":"","_seopress_titles_desc":"Sport-Massageliege, perfekt f\u00fcr Sportler, denn das Modell Sport ist eine der l\u00e4ngsten Massageliegen in unserer Kollektion.","_seopress_robots_index":""},"pwb-brand":[],"product_brand":[],"product_cat":[1330,1367],"product_tag":[1479,1553,1435,1443,1478],"product_folder":[993],"class_list":{"0":"post-15220","1":"product","2":"type-product","3":"status-publish","4":"has-post-thumbnail","6":"product_cat-alle-massageliegen-massage-ausstattungen","7":"product_cat-klappbare-massageliegen","8":"product_tag-klappbare-massageliege","9":"product_tag-klappbare-massageliegen","10":"product_tag-massage-de","11":"product_tag-massageliege","12":"product_tag-tragbare-massageliege","13":"product_shipping_class-sperrige-swisspost","15":"first","16":"instock","17":"sale","18":"taxable","19":"shipping-taxable","20":"purchasable","21":"product-type-simple"},"exclude_global_add_ons":false,"addons":[{"name":"Option f\u00fcr einen sch\u00fctzenden Papierspender","type":"multiple_choice","position":0,"required":false,"title_format":"label","description_enable":false,"description":null,"placeholder_enable":false,"placeholder":null,"display":"images","restrictions_type":"any_text","adjust_price":false,"price":"","price_type":"flat_fee","restrictions":false,"min":0,"max":0,"options":[{"label":"Mit sch\u00fctzendem Papierspender","price":"50","price_type":"flat_fee","image":2573}],"id":1720447938},{"name":"Option mit Tragetasche","type":"multiple_choice","position":1,"required":false,"title_format":"label","description_enable":false,"description":null,"placeholder_enable":false,"placeholder":null,"display":"images","restrictions_type":"any_text","adjust_price":false,"price":"","price_type":"flat_fee","restrictions":false,"min":0,"max":0,"options":[{"label":"Mit Transportkoffer","price":"60","price_type":"flat_fee","image":2621}],"id":1720447939}],"brands":[],"_links":{"self":[{"href":"https:\/\/swissmassage.weprocess.dev\/de\/wp-json\/wp\/v2\/product\/15220","targetHints":{"allow":["GET"]}}],"collection":[{"href":"https:\/\/swissmassage.weprocess.dev\/de\/wp-json\/wp\/v2\/product"}],"about":[{"href":"https:\/\/swissmassage.weprocess.dev\/de\/wp-json\/wp\/v2\/types\/product"}],"wp:featuredmedia":[{"embeddable":true,"href":"https:\/\/swissmassage.weprocess.dev\/de\/wp-json\/wp\/v2\/media\/11867"}],"wp:attachment":[{"href":"https:\/\/swissmassage.weprocess.dev\/de\/wp-json\/wp\/v2\/media?parent=15220"}],"wp:term":[{"taxonomy":"pwb-brand","embeddable":true,"href":"https:\/\/swissmassage.weprocess.dev\/de\/wp-json\/wp\/v2\/pwb-brand?post=15220"},{"taxonomy":"product_brand","embeddable":true,"href":"https:\/\/swissmassage.weprocess.dev\/de\/wp-json\/wp\/v2\/product_brand?post=15220"},{"taxonomy":"product_cat","embeddable":true,"href":"https:\/\/swissmassage.weprocess.dev\/de\/wp-json\/wp\/v2\/product_cat?post=15220"},{"taxonomy":"product_tag","embeddable":true,"href":"https:\/\/swissmassage.weprocess.dev\/de\/wp-json\/wp\/v2\/product_tag?post=15220"},{"taxonomy":"product_folder","embeddable":true,"href":"https:\/\/swissmassage.weprocess.dev\/de\/wp-json\/wp\/v2\/product_folder?post=15220"}],"curies":[{"name":"wp","href":"https:\/\/api.w.org\/{rel}","templated":true}]}}