{"id":15218,"date":"2023-05-24T14:52:39","date_gmt":"2023-05-24T12:52:39","guid":{"rendered":"https:\/\/swissmassage.ch\/produit\/flasche-fur-massageol\/"},"modified":"2025-12-26T02:09:42","modified_gmt":"2025-12-26T01:09:42","slug":"flasche-fur-massageol","status":"publish","type":"product","link":"https:\/\/swissmassage.weprocess.dev\/de\/produits\/flasche-fur-massageol\/","title":{"rendered":"Flasche f\u00fcr Massage\u00f6l reservieren"},"content":{"rendered":"<h2 style=\"text-align: left;\">Flaschenbeh\u00e4lter f\u00fcr Massage\u00f6l 250 ml.<\/h2>\n<p>  Massage\u00f6lbeh\u00e4lter mit freiem Druck, kompatibel mit dem Massage\u00f6lw\u00e4rmer und dem Massage\u00f6lg\u00fcrtel.<\/p>\n","protected":false},"excerpt":{"rendered":"<p>Flaschenbeh\u00e4lter f\u00fcr Massage\u00f6l 250 ml. Massage\u00f6lbeh\u00e4lter mit freiem Druck, kompatibel mit dem Massage\u00f6lw\u00e4rmer und dem Massage\u00f6lg\u00fcrtel.<\/p>\n","protected":false},"featured_media":15219,"template":"","meta":{"_seopress_robots_primary_cat":"none","_seopress_titles_title":"","_seopress_titles_desc":"Massage\u00f6lbeh\u00e4lter mit freiem Druck, kompatibel mit dem Massage\u00f6lw\u00e4rmer und dem Massage\u00f6lg\u00fcrtel.","_seopress_robots_index":""},"pwb-brand":[],"product_brand":[],"product_cat":[1345,1337,1335],"product_tag":[],"product_folder":[1002],"class_list":{"0":"post-15218","1":"product","2":"type-product","3":"status-publish","4":"has-post-thumbnail","6":"product_cat-alles-massagezubehor","7":"product_cat-erganzung-fur-massagen","8":"product_cat-massagezubehor","10":"first","11":"instock","12":"taxable","13":"shipping-taxable","14":"purchasable","15":"product-type-simple"},"exclude_global_add_ons":[],"addons":[],"brands":[],"_links":{"self":[{"href":"https:\/\/swissmassage.weprocess.dev\/de\/wp-json\/wp\/v2\/product\/15218","targetHints":{"allow":["GET"]}}],"collection":[{"href":"https:\/\/swissmassage.weprocess.dev\/de\/wp-json\/wp\/v2\/product"}],"about":[{"href":"https:\/\/swissmassage.weprocess.dev\/de\/wp-json\/wp\/v2\/types\/product"}],"wp:featuredmedia":[{"embeddable":true,"href":"https:\/\/swissmassage.weprocess.dev\/de\/wp-json\/wp\/v2\/media\/15219"}],"wp:attachment":[{"href":"https:\/\/swissmassage.weprocess.dev\/de\/wp-json\/wp\/v2\/media?parent=15218"}],"wp:term":[{"taxonomy":"pwb-brand","embeddable":true,"href":"https:\/\/swissmassage.weprocess.dev\/de\/wp-json\/wp\/v2\/pwb-brand?post=15218"},{"taxonomy":"product_brand","embeddable":true,"href":"https:\/\/swissmassage.weprocess.dev\/de\/wp-json\/wp\/v2\/product_brand?post=15218"},{"taxonomy":"product_cat","embeddable":true,"href":"https:\/\/swissmassage.weprocess.dev\/de\/wp-json\/wp\/v2\/product_cat?post=15218"},{"taxonomy":"product_tag","embeddable":true,"href":"https:\/\/swissmassage.weprocess.dev\/de\/wp-json\/wp\/v2\/product_tag?post=15218"},{"taxonomy":"product_folder","embeddable":true,"href":"https:\/\/swissmassage.weprocess.dev\/de\/wp-json\/wp\/v2\/product_folder?post=15218"}],"curies":[{"name":"wp","href":"https:\/\/api.w.org\/{rel}","templated":true}]}}