{"id":15214,"date":"2023-05-24T14:52:43","date_gmt":"2023-05-24T12:52:43","guid":{"rendered":"https:\/\/swissmassage.ch\/produit\/medizinische-einweg-frau-tanga-slip-6-tlg\/"},"modified":"2026-01-16T11:20:35","modified_gmt":"2026-01-16T10:20:35","slug":"medizinische-einweg-frau-tanga-slip-6-tlg","status":"publish","type":"product","link":"https:\/\/swissmassage.weprocess.dev\/de\/produits\/medizinische-einweg-frau-tanga-slip-6-tlg\/","title":{"rendered":"Medizinischer Einweg-Tanga-Slip f\u00fcr Damen 6 Stk."},"content":{"rendered":"<h2 style=\"text-align: left;\">Tanga-Slips f\u00fcr Damen, die nach dem Gebrauch f\u00fcr Massagen oder medizinische Untersuchungen weggeworfen werden k\u00f6nnen.<\/h2>\n<p>  Der Einweg-Damenslip ist f\u00fcr alle K\u00f6rperbehandlungen konzipiert, einschlie\u00dflich Massagen, Packungen, Peelings, Schlamm und Haarentfernung.<br \/>\nVollst\u00e4ndige Hygiene, da es Einweg und einzeln verpackt ist.   <span style=\"font-size: 10pt;\">In der ganzen Schweiz verf\u00fcgbar.<br \/>\nOder bringen Sie es direkt in unsere Werkstatt. <\/span><br \/>\n<span style=\"font-size: 10pt;\">Eingetragene Marke SWISSMASSAGE, Garantie f\u00fcr Seriosit\u00e4t und Nachverfolgung.<\/span><\/p>\n","protected":false},"excerpt":{"rendered":"<p>Tanga-Slips f\u00fcr Damen, die nach dem Gebrauch f\u00fcr Massagen oder medizinische Untersuchungen weggeworfen werden k\u00f6nnen. Der Einweg-Damenslip ist f\u00fcr alle K\u00f6rperbehandlungen konzipiert, einschlie\u00dflich Massagen, Packungen, Peelings, Schlamm und Haarentfernung. Vollst\u00e4ndige Hygiene, da es Einweg und einzeln verpackt ist. In der ganzen Schweiz verf\u00fcgbar. Oder bringen Sie es direkt in unsere Werkstatt. Eingetragene Marke SWISSMASSAGE, Garantie&hellip;<\/p>\n","protected":false},"featured_media":15215,"template":"","meta":{"_seopress_robots_primary_cat":"275","_seopress_titles_title":"","_seopress_titles_desc":"Der Einweg-Damenslip ist f\u00fcr alle K\u00f6rperbehandlungen konzipiert, einschlie\u00dflich Massagen, Packungen, Peelings, Schlamm und Haarentfernung.","_seopress_robots_index":""},"pwb-brand":[],"product_brand":[],"product_cat":[1345,1337,1344,1335],"product_tag":[1551,1542,1550],"product_folder":[1017],"class_list":{"0":"post-15214","1":"product","2":"type-product","3":"status-publish","4":"has-post-thumbnail","6":"product_cat-alles-massagezubehor","7":"product_cat-erganzung-fur-massagen","8":"product_cat-schutzbezuge-fur-massageliegen","9":"product_cat-massagezubehor","10":"product_tag-einweg-slips","11":"product_tag-riemen","12":"product_tag-unterhose","13":"product_shipping_class-versandkosten-inklusive-paket","15":"first","16":"instock","17":"taxable","18":"shipping-taxable","19":"purchasable","20":"product-type-simple"},"exclude_global_add_ons":[],"addons":[],"brands":[],"_links":{"self":[{"href":"https:\/\/swissmassage.weprocess.dev\/de\/wp-json\/wp\/v2\/product\/15214","targetHints":{"allow":["GET"]}}],"collection":[{"href":"https:\/\/swissmassage.weprocess.dev\/de\/wp-json\/wp\/v2\/product"}],"about":[{"href":"https:\/\/swissmassage.weprocess.dev\/de\/wp-json\/wp\/v2\/types\/product"}],"wp:featuredmedia":[{"embeddable":true,"href":"https:\/\/swissmassage.weprocess.dev\/de\/wp-json\/wp\/v2\/media\/15215"}],"wp:attachment":[{"href":"https:\/\/swissmassage.weprocess.dev\/de\/wp-json\/wp\/v2\/media?parent=15214"}],"wp:term":[{"taxonomy":"pwb-brand","embeddable":true,"href":"https:\/\/swissmassage.weprocess.dev\/de\/wp-json\/wp\/v2\/pwb-brand?post=15214"},{"taxonomy":"product_brand","embeddable":true,"href":"https:\/\/swissmassage.weprocess.dev\/de\/wp-json\/wp\/v2\/product_brand?post=15214"},{"taxonomy":"product_cat","embeddable":true,"href":"https:\/\/swissmassage.weprocess.dev\/de\/wp-json\/wp\/v2\/product_cat?post=15214"},{"taxonomy":"product_tag","embeddable":true,"href":"https:\/\/swissmassage.weprocess.dev\/de\/wp-json\/wp\/v2\/product_tag?post=15214"},{"taxonomy":"product_folder","embeddable":true,"href":"https:\/\/swissmassage.weprocess.dev\/de\/wp-json\/wp\/v2\/product_folder?post=15214"}],"curies":[{"name":"wp","href":"https:\/\/api.w.org\/{rel}","templated":true}]}}