{"id":15212,"date":"2023-05-24T14:52:40","date_gmt":"2023-05-24T12:52:40","guid":{"rendered":"https:\/\/swissmassage.ch\/produit\/einweg-boxershorts-fur-manner-aus-papier\/"},"modified":"2023-05-24T14:52:40","modified_gmt":"2023-05-24T12:52:40","slug":"einweg-boxershorts-fur-manner-aus-papier","status":"publish","type":"product","link":"https:\/\/swissmassage.weprocess.dev\/de\/produits\/einweg-boxershorts-fur-manner-aus-papier\/","title":{"rendered":"Medizinische Einweg-Boxershorts f\u00fcr Herren 6 Stk."},"content":{"rendered":"<h2 style=\"text-align: left;\">Boxershorts aus Papier f\u00fcr Herren, Einweg nach Gebrauch f\u00fcr Massagen oder medizinische Untersuchungen.<\/h2>\n<p>  Die hochwertigen Boxershorts eignen sich perfekt f\u00fcr medizinische Behandlungen und Massagen sowie Br\u00e4unungs- und Waxing-Eingriffe.<br \/>\nAuch f\u00fcr den Alltag ist sie durch ihren weichen Stoff und den bequemen elastischen Bund bestens geeignet.<br \/>\nEine Einheitsgr\u00f6\u00dfe f\u00fcr M\u00e4nner und Frauen.    <span style=\"font-size: 10pt;\">Kommt in einer Packung mit 6 St\u00fcck.<\/span>  In der ganzen Schweiz verf\u00fcgbar.<br \/>\nOder bringen Sie es direkt in unsere Werkstatt.  Eingetragene Marke SWISSMASSAGE, Garantie f\u00fcr Seriosit\u00e4t und Nachverfolgung.<\/p>\n","protected":false},"excerpt":{"rendered":"<p>Boxershorts aus Papier f\u00fcr Herren, Einweg nach Gebrauch f\u00fcr Massagen oder medizinische Untersuchungen. Die hochwertigen Boxershorts eignen sich perfekt f\u00fcr medizinische Behandlungen und Massagen sowie Br\u00e4unungs- und Waxing-Eingriffe. Auch f\u00fcr den Alltag ist sie durch ihren weichen Stoff und den bequemen elastischen Bund bestens geeignet. Eine Einheitsgr\u00f6\u00dfe f\u00fcr M\u00e4nner und Frauen. Kommt in einer Packung&hellip;<\/p>\n","protected":false},"featured_media":15213,"template":"","meta":{"_seopress_robots_primary_cat":"275","_seopress_titles_title":"","_seopress_titles_desc":"Die hochwertigen Boxershorts eignen sich perfekt f\u00fcr medizinische Behandlungen und Massagen sowie Br\u00e4unungs- und Waxing-Eingriffe.","_seopress_robots_index":""},"pwb-brand":[],"product_brand":[],"product_cat":[1345,1337,1344,1335],"product_tag":[],"product_folder":[1017],"class_list":{"0":"post-15212","1":"product","2":"type-product","3":"status-publish","4":"has-post-thumbnail","6":"product_cat-alles-massagezubehor","7":"product_cat-erganzung-fur-massagen","8":"product_cat-schutzbezuge-fur-massageliegen","9":"product_cat-massagezubehor","10":"product_shipping_class-versandkosten-inklusive-paket","12":"first","13":"instock","14":"taxable","15":"shipping-taxable","16":"purchasable","17":"product-type-simple"},"exclude_global_add_ons":[],"addons":[],"brands":[],"_links":{"self":[{"href":"https:\/\/swissmassage.weprocess.dev\/de\/wp-json\/wp\/v2\/product\/15212","targetHints":{"allow":["GET"]}}],"collection":[{"href":"https:\/\/swissmassage.weprocess.dev\/de\/wp-json\/wp\/v2\/product"}],"about":[{"href":"https:\/\/swissmassage.weprocess.dev\/de\/wp-json\/wp\/v2\/types\/product"}],"wp:featuredmedia":[{"embeddable":true,"href":"https:\/\/swissmassage.weprocess.dev\/de\/wp-json\/wp\/v2\/media\/15213"}],"wp:attachment":[{"href":"https:\/\/swissmassage.weprocess.dev\/de\/wp-json\/wp\/v2\/media?parent=15212"}],"wp:term":[{"taxonomy":"pwb-brand","embeddable":true,"href":"https:\/\/swissmassage.weprocess.dev\/de\/wp-json\/wp\/v2\/pwb-brand?post=15212"},{"taxonomy":"product_brand","embeddable":true,"href":"https:\/\/swissmassage.weprocess.dev\/de\/wp-json\/wp\/v2\/product_brand?post=15212"},{"taxonomy":"product_cat","embeddable":true,"href":"https:\/\/swissmassage.weprocess.dev\/de\/wp-json\/wp\/v2\/product_cat?post=15212"},{"taxonomy":"product_tag","embeddable":true,"href":"https:\/\/swissmassage.weprocess.dev\/de\/wp-json\/wp\/v2\/product_tag?post=15212"},{"taxonomy":"product_folder","embeddable":true,"href":"https:\/\/swissmassage.weprocess.dev\/de\/wp-json\/wp\/v2\/product_folder?post=15212"}],"curies":[{"name":"wp","href":"https:\/\/api.w.org\/{rel}","templated":true}]}}