{"id":15211,"date":"2023-05-24T14:52:43","date_gmt":"2023-05-24T12:52:43","guid":{"rendered":"https:\/\/swissmassage.ch\/produit\/kreisformiger-fusshocker-fussstutze\/"},"modified":"2023-05-24T14:52:43","modified_gmt":"2023-05-24T12:52:43","slug":"kreisformiger-fusshocker-fussstutze","status":"publish","type":"product","link":"https:\/\/swissmassage.weprocess.dev\/de\/produits\/kreisformiger-fusshocker-fussstutze\/","title":{"rendered":"Runde Fu\u00dfst\u00fctze f\u00fcr Hocker"},"content":{"rendered":"<h2>Kreisf\u00f6rmige Fu\u00dfst\u00fctze f\u00fcr Swissmassage Hocker<\/h2>\n<p>  Die besten Ideen f\u00fcr Ihren besten Komfort.<\/p>\n","protected":false},"excerpt":{"rendered":"<p>Kreisf\u00f6rmige Fu\u00dfst\u00fctze f\u00fcr Swissmassage Hocker Die besten Ideen f\u00fcr Ihren besten Komfort.<\/p>\n","protected":false},"featured_media":11882,"template":"","meta":{"_seopress_robots_primary_cat":"none","_seopress_titles_title":"","_seopress_titles_desc":"Die kreisf\u00f6rmige Fu\u00dfst\u00fctze bietet zus\u00e4tzlichen Halt und verbesserten Komfort w\u00e4hrend der Sitzungen.","_seopress_robots_index":""},"pwb-brand":[],"product_brand":[],"product_cat":[1332,1330,1331,1333,1345,1326,1329,1325,1328,1327],"product_tag":[],"product_folder":[992],"class_list":{"0":"post-15211","1":"product","2":"type-product","3":"status-publish","4":"has-post-thumbnail","6":"product_cat-alle-asthetischen-artikel","7":"product_cat-alle-massageliegen-massage-ausstattungen","8":"product_cat-alle-physio-medizinischen-artikel","9":"product_cat-alle-spa-beauty-produkte","10":"product_cat-alles-massagezubehor","11":"product_cat-hocker-fur-therapeuten","12":"product_cat-hocker-und-komfort","13":"product_cat-medizinischer-stuhl","14":"product_cat-spa-hocker","15":"product_cat-stuhle-fur-kosmetikerinnen","17":"first","18":"instock","19":"taxable","20":"shipping-taxable","21":"purchasable","22":"product-type-simple"},"exclude_global_add_ons":[],"addons":[],"brands":[],"_links":{"self":[{"href":"https:\/\/swissmassage.weprocess.dev\/de\/wp-json\/wp\/v2\/product\/15211","targetHints":{"allow":["GET"]}}],"collection":[{"href":"https:\/\/swissmassage.weprocess.dev\/de\/wp-json\/wp\/v2\/product"}],"about":[{"href":"https:\/\/swissmassage.weprocess.dev\/de\/wp-json\/wp\/v2\/types\/product"}],"wp:featuredmedia":[{"embeddable":true,"href":"https:\/\/swissmassage.weprocess.dev\/de\/wp-json\/wp\/v2\/media\/11882"}],"wp:attachment":[{"href":"https:\/\/swissmassage.weprocess.dev\/de\/wp-json\/wp\/v2\/media?parent=15211"}],"wp:term":[{"taxonomy":"pwb-brand","embeddable":true,"href":"https:\/\/swissmassage.weprocess.dev\/de\/wp-json\/wp\/v2\/pwb-brand?post=15211"},{"taxonomy":"product_brand","embeddable":true,"href":"https:\/\/swissmassage.weprocess.dev\/de\/wp-json\/wp\/v2\/product_brand?post=15211"},{"taxonomy":"product_cat","embeddable":true,"href":"https:\/\/swissmassage.weprocess.dev\/de\/wp-json\/wp\/v2\/product_cat?post=15211"},{"taxonomy":"product_tag","embeddable":true,"href":"https:\/\/swissmassage.weprocess.dev\/de\/wp-json\/wp\/v2\/product_tag?post=15211"},{"taxonomy":"product_folder","embeddable":true,"href":"https:\/\/swissmassage.weprocess.dev\/de\/wp-json\/wp\/v2\/product_folder?post=15211"}],"curies":[{"name":"wp","href":"https:\/\/api.w.org\/{rel}","templated":true}]}}